{"id":7497,"date":"2022-05-26T11:11:16","date_gmt":"2022-05-26T08:11:16","guid":{"rendered":"https:\/\/ident.md\/product\/stainless-cavex\/"},"modified":"2022-05-26T11:11:16","modified_gmt":"2022-05-26T08:11:16","slug":"stainless-cavex","status":"publish","type":"product","link":"https:\/\/ident.md\/ru\/product\/stainless-cavex\/","title":{"rendered":"CAVEX BITE&#038;WHITE STAINLESS"},"content":{"rendered":"<p>\u041f\u0430\u0441\u0442\u0430 \u0434\u043b\u044f \u044d\u043a\u0441\u0442\u0440\u0435\u043c\u0430\u043b\u044c\u043d\u043e\u0439 \u043e\u0447\u0438\u0441\u0442\u043a\u0438 <strong><span style=\"color: #333399;\">Cavex<\/span> Bite&amp;White StainLess<\/strong> \u043d\u0435 \u044f\u0432\u043b\u044f\u0435\u0442\u0441\u044f \u0430\u0431\u0440\u0430\u0437\u0438\u0432\u043d\u043e\u0439 \u0438 \u0431\u044b\u043b\u0430 \u0441\u043f\u0435\u0446\u0438\u0430\u043b\u044c\u043d\u043e \u0440\u0430\u0437\u0440\u0430\u0431\u043e\u0442\u0430\u043d\u0430 \u0434\u043b\u044f \u0434\u043e\u0441\u0442\u0438\u0436\u0435\u043d\u0438\u044f \u043e\u043f\u0442\u0438\u043c\u0430\u043b\u044c\u043d\u044b\u0445 \u0440\u0435\u0437\u0443\u043b\u044c\u0442\u0430\u0442\u043e\u0432 \u043e\u0442\u0431\u0435\u043b\u0438\u0432\u0430\u043d\u0438\u044f. \u041f\u0430\u0441\u0442\u0430 \u0438\u0441\u043f\u043e\u043b\u044c\u0437\u0443\u0435\u0442\u0441\u044f \u0432 \u043a\u0430\u0447\u0435\u0441\u0442\u0432\u0435 \u0430\u043a\u0442\u0438\u0432\u0430\u0442\u043e\u0440\u0430 \u043f\u0440\u0435\u0434\u0432\u0430\u0440\u0438\u0442\u0435\u043b\u044c\u043d\u043e\u0439 \u043e\u0431\u0440\u0430\u0431\u043e\u0442\u043a\u0438 \u0432 <a href=\"https:\/\/ident.md\/produs\/cavex-abc-masterkit\/\">\u043d\u0430\u0431\u043e\u0440\u0435 ABC Masterkit<\/a> \u043f\u0435\u0440\u0435\u0434 \u043d\u0430\u043d\u0435\u0441\u0435\u043d\u0438\u0435\u043c \u043e\u0442\u0431\u0435\u043b\u0438\u0432\u0430\u044e\u0449\u0435\u0433\u043e \u0433\u0435\u043b\u044f \u043d\u0430 \u0437\u0443\u0431\u044b. \u041e\u0434\u043d\u0430\u043a\u043e \u043e\u043d\u0430 \u0442\u0430\u043a\u0436\u0435 \u0434\u043e\u0441\u0442\u0443\u043f\u043d\u0430 \u043e\u0442\u0434\u0435\u043b\u044c\u043d\u043e.<\/p>\n<p>\u041f\u0430\u0441\u0442\u0430 <strong>StainLess<\/strong> \u0445\u043e\u0440\u043e\u0448\u043e \u043e\u0447\u0438\u0449\u0430\u0435\u0442 \u0437\u0443\u0431\u044b, \u043f\u043e\u0437\u0432\u043e\u043b\u044f\u044f \u043e\u0442\u0431\u0435\u043b\u0438\u0432\u0430\u044e\u0449\u0435\u043c\u0443 \u0433\u0435\u043b\u044e \u043d\u0430\u043f\u0440\u044f\u043c\u0443\u044e \u043a\u043e\u043d\u0442\u0430\u043a\u0442\u0438\u0440\u043e\u0432\u0430\u0442\u044c \u0441 \u0437\u0443\u0431\u043d\u043e\u0439 \u044d\u043c\u0430\u043b\u044c\u044e. \u041e\u043d\u0430 \u0443\u0434\u0430\u043b\u044f\u0435\u0442 \u043f\u044f\u0442\u043d\u0430 \u0441 \u043f\u043e\u0432\u0435\u0440\u0445\u043d\u043e\u0441\u0442\u0438 \u0437\u0443\u0431\u043e\u0432 \u0438 \u0432\u0440\u0435\u043c\u0435\u043d\u043d\u043e \u043f\u043e\u0432\u044b\u0448\u0430\u0435\u0442 \u0443\u0440\u043e\u0432\u0435\u043d\u044c pH \u0432\u043e \u0440\u0442\u0443. \u0422\u0430\u043a\u0438\u043c \u043e\u0431\u0440\u0430\u0437\u043e\u043c, \u043f\u0430\u0441\u0442\u0430 \u0434\u043b\u044f \u044d\u043a\u0441\u0442\u0440\u0435\u043c\u0430\u043b\u044c\u043d\u043e\u0439 \u043e\u0447\u0438\u0441\u0442\u043a\u0438 <strong>StainLess<\/strong> \u043e\u043f\u0442\u0438\u043c\u0438\u0437\u0438\u0440\u0443\u0435\u0442 \u0434\u0435\u0439\u0441\u0442\u0432\u0438\u0435 \u043f\u0435\u0440\u0435\u043a\u0438\u0441\u0438 \u0432\u043e\u0434\u043e\u0440\u043e\u0434\u0430.<\/p>\n<p>\u041a\u0430\u043a \u044d\u0442\u043e \u0440\u0430\u0431\u043e\u0442\u0430\u0435\u0442? \u041f\u0435\u0440\u0435\u0434 \u043e\u0442\u0431\u0435\u043b\u0438\u0432\u0430\u043d\u0438\u0435\u043c \u043f\u043e\u0447\u0438\u0441\u0442\u0438\u0442\u0435 \u0437\u0443\u0431\u044b \u043f\u0430\u0441\u0442\u043e\u0439 <strong><span style=\"color: #333399;\">Cavex<\/span> Bite&amp;White StainLess<\/strong> \u0432 \u0442\u0435\u0447\u0435\u043d\u0438\u0435 \u0434\u0432\u0443\u0445\u2013\u0442\u0440\u0451\u0445 \u043c\u0438\u043d\u0443\u0442. \u041f\u043e\u0441\u043b\u0435 \u0447\u0438\u0441\u0442\u043a\u0438 \u043d\u0435 \u043f\u043e\u043b\u043e\u0449\u0438\u0442\u0435 \u0440\u043e\u0442. \u0421\u0440\u0430\u0437\u0443 \u043f\u043e\u0441\u043b\u0435 \u0438\u0441\u043f\u043e\u043b\u044c\u0437\u043e\u0432\u0430\u043d\u0438\u044f <strong>StainLess<\/strong> \u043d\u0430\u043d\u0435\u0441\u0438\u0442\u0435 \u043a\u0430\u043f\u0443 \u0441 \u043e\u0442\u0431\u0435\u043b\u0438\u0432\u0430\u044e\u0449\u0438\u043c \u0433\u0435\u043b\u0435\u043c, \u0447\u0442\u043e\u0431\u044b \u043d\u0430\u0447\u0430\u0442\u044c \u043f\u0440\u043e\u0446\u0435\u0434\u0443\u0440\u0443 \u043e\u0442\u0431\u0435\u043b\u0438\u0432\u0430\u043d\u0438\u044f.<\/p>\n","protected":false},"excerpt":{"rendered":"<h4><\/h4>\n<h4>\u0425\u0410\u0420\u0410\u041a\u0422\u0415\u0420\u0418\u0421\u0422\u0418\u041a\u0418<\/h4>\n<p>&nbsp;<\/p>\n<ul>\n<li>\u041e\u0447\u0438\u0441\u0442\u043a\u0430 \u0438 \u043f\u043e\u043b\u043d\u043e\u0435 \u0443\u0434\u0430\u043b\u0435\u043d\u0438\u0435 \u0437\u0443\u0431\u043d\u043e\u0433\u043e \u043d\u0430\u043b\u0435\u0442\u0430<\/li>\n<li>\u041f\u043e\u0432\u044b\u0448\u0435\u043d\u0438\u0435 pH \u0432 \u043f\u043e\u043b\u043e\u0441\u0442\u0438 \u0440\u0442\u0430 \u0438 \u043e\u043f\u0442\u0438\u043c\u0438\u0437\u0430\u0446\u0438\u044f \u0443\u0441\u043b\u043e\u0432\u0438\u0439 \u0434\u043b\u044f \u043e\u0442\u0431\u0435\u043b\u0438\u0432\u0430\u043d\u0438\u044f<\/li>\n<li>\u0421\u0432\u0435\u0436\u0438\u0439, \u043f\u0440\u0438\u044f\u0442\u043d\u044b\u0439 \u0432\u043a\u0443\u0441<\/li>\n<\/ul>\n","protected":false},"featured_media":7495,"template":"","meta":{"inline_featured_image":false,"_uag_custom_page_level_css":"","editor_plus_copied_stylings":"{}","_kad_post_transparent":"","_kad_post_title":"","_kad_post_layout":"","_kad_post_sidebar_id":"","_kad_post_content_style":"","_kad_post_vertical_padding":"","_kad_post_feature":"","_kad_post_feature_position":"","_kad_post_header":false,"_kad_post_footer":false},"pwb-brand":[503],"product_brand":[],"product_cat":[505,504],"product_tag":[506,507],"class_list":{"0":"post-7497","1":"product","2":"type-product","3":"status-publish","4":"has-post-thumbnail","6":"pwb-brand-cavex-brand","7":"product_cat-cavex-ru-2","8":"product_cat-cavex-ru","9":"product_tag-cavex-ru","10":"product_tag-stainless-ru","12":"first","13":"instock","14":"shipping-taxable","15":"product-type-simple","16":"entry","17":"content-bg","18":"loop-entry"},"featured_image_urls_v2":{"full":["https:\/\/ident.md\/wp-content\/uploads\/2022\/05\/cavex-bite-white-stainless.jpg",515,515,false],"thumbnail":["https:\/\/ident.md\/wp-content\/uploads\/2022\/05\/cavex-bite-white-stainless-150x150.jpg",150,150,true],"medium":["https:\/\/ident.md\/wp-content\/uploads\/2022\/05\/cavex-bite-white-stainless-300x300.jpg",300,300,true],"medium_large":["https:\/\/ident.md\/wp-content\/uploads\/2022\/05\/cavex-bite-white-stainless.jpg",515,515,false],"large":["https:\/\/ident.md\/wp-content\/uploads\/2022\/05\/cavex-bite-white-stainless.jpg",515,515,false],"gs-tiny":["https:\/\/ident.md\/wp-content\/uploads\/2022\/05\/cavex-bite-white-stainless.jpg",50,50,false],"xl":["https:\/\/ident.md\/wp-content\/uploads\/2022\/05\/cavex-bite-white-stainless.jpg",515,515,false],"xxl":["https:\/\/ident.md\/wp-content\/uploads\/2022\/05\/cavex-bite-white-stainless.jpg",515,515,false],"xxxl":["https:\/\/ident.md\/wp-content\/uploads\/2022\/05\/cavex-bite-white-stainless.jpg",515,515,false],"xxxxl":["https:\/\/ident.md\/wp-content\/uploads\/2022\/05\/cavex-bite-white-stainless.jpg",515,515,false],"xxxxxl":["https:\/\/ident.md\/wp-content\/uploads\/2022\/05\/cavex-bite-white-stainless.jpg",515,515,false],"1536x1536":["https:\/\/ident.md\/wp-content\/uploads\/2022\/05\/cavex-bite-white-stainless.jpg",515,515,false],"2048x2048":["https:\/\/ident.md\/wp-content\/uploads\/2022\/05\/cavex-bite-white-stainless.jpg",515,515,false],"woocommerce_thumbnail":["https:\/\/ident.md\/wp-content\/uploads\/2022\/05\/cavex-bite-white-stainless-300x300.jpg",300,300,true],"woocommerce_single":["https:\/\/ident.md\/wp-content\/uploads\/2022\/05\/cavex-bite-white-stainless.jpg",515,515,false],"woocommerce_gallery_thumbnail":["https:\/\/ident.md\/wp-content\/uploads\/2022\/05\/cavex-bite-white-stainless-100x100.jpg",100,100,true]},"post_excerpt_stackable_v2":"<h4><\/h4>\n<h4>\u0425\u0410\u0420\u0410\u041a\u0422\u0415\u0420\u0418\u0421\u0422\u0418\u041a\u0418<\/h4>\n<p>&nbsp;<\/p>\n<ul>\n<li>\u041e\u0447\u0438\u0441\u0442\u043a\u0430 \u0438 \u043f\u043e\u043b\u043d\u043e\u0435 \u0443\u0434\u0430\u043b\u0435\u043d\u0438\u0435 \u0437\u0443\u0431\u043d\u043e\u0433\u043e \u043d\u0430\u043b\u0435\u0442\u0430<\/li>\n<li>\u041f\u043e\u0432\u044b\u0448\u0435\u043d\u0438\u0435 pH \u0432 \u043f\u043e\u043b\u043e\u0441\u0442\u0438 \u0440\u0442\u0430 \u0438 \u043e\u043f\u0442\u0438\u043c\u0438\u0437\u0430\u0446\u0438\u044f \u0443\u0441\u043b\u043e\u0432\u0438\u0439 \u0434\u043b\u044f \u043e\u0442\u0431\u0435\u043b\u0438\u0432\u0430\u043d\u0438\u044f<\/li>\n<li>\u0421\u0432\u0435\u0436\u0438\u0439, \u043f\u0440\u0438\u044f\u0442\u043d\u044b\u0439 \u0432\u043a\u0443\u0441<\/li>\n<\/ul>\n","category_list_v2":"","author_info_v2":{"name":"","url":""},"comments_num_v2":"0 \u043a\u043e\u043c\u043c\u0435\u043d\u0442\u0430\u0440\u0438\u0435\u0432","yoast_head":"<!-- This site is optimized with the Yoast SEO plugin v25.8 - https:\/\/yoast.com\/wordpress\/plugins\/seo\/ -->\n<title>CAVEX BITE&amp;WHITE STAINLESS | iDent.md<\/title>\n<meta name=\"description\" content=\"Pasta StainLess cur\u0103\u021b\u0103 bine din\u021bii, permi\u021b\u00e2nd gelului de albire s\u0103 intre \u00een contact direct cu smal\u021bul dentar. \u00cendep\u0103rteaz\u0103 petele de pe suprafa\u021b\u0103 din\u021bilor \u0219i cre\u0219te temporar valoarea pH-ului din gur\u0103. Proced\u00e2nd astfel, pasta de cur\u0103\u021bare extrem\u0103 StainLess optimizeaz\u0103 performan\u021ba peroxidului de hidrogen.\" \/>\n<meta name=\"robots\" content=\"index, follow, max-snippet:-1, max-image-preview:large, max-video-preview:-1\" \/>\n<link rel=\"canonical\" href=\"https:\/\/ident.md\/ru\/product\/stainless-cavex\/\" \/>\n<meta property=\"og:locale\" content=\"ru_RU\" \/>\n<meta property=\"og:type\" content=\"article\" \/>\n<meta property=\"og:title\" content=\"CAVEX BITE&amp;WHITE STAINLESS | iDent.md\" \/>\n<meta property=\"og:description\" content=\"Pasta StainLess cur\u0103\u021b\u0103 bine din\u021bii, permi\u021b\u00e2nd gelului de albire s\u0103 intre \u00een contact direct cu smal\u021bul dentar. \u00cendep\u0103rteaz\u0103 petele de pe suprafa\u021b\u0103 din\u021bilor \u0219i cre\u0219te temporar valoarea pH-ului din gur\u0103. Proced\u00e2nd astfel, pasta de cur\u0103\u021bare extrem\u0103 StainLess optimizeaz\u0103 performan\u021ba peroxidului de hidrogen.\" \/>\n<meta property=\"og:url\" content=\"https:\/\/ident.md\/ru\/product\/stainless-cavex\/\" \/>\n<meta property=\"og:site_name\" content=\"iDent.md\" \/>\n<meta property=\"og:image\" content=\"https:\/\/ident.md\/wp-content\/uploads\/2022\/05\/cavex-bite-white-stainless.jpg\" \/>\n\t<meta property=\"og:image:width\" content=\"515\" \/>\n\t<meta property=\"og:image:height\" content=\"515\" \/>\n\t<meta property=\"og:image:type\" content=\"image\/jpeg\" \/>\n<meta name=\"twitter:card\" content=\"summary_large_image\" \/>\n<script type=\"application\/ld+json\" class=\"yoast-schema-graph\">{\"@context\":\"https:\/\/schema.org\",\"@graph\":[{\"@type\":\"WebPage\",\"@id\":\"https:\/\/ident.md\/ru\/product\/stainless-cavex\/\",\"url\":\"https:\/\/ident.md\/ru\/product\/stainless-cavex\/\",\"name\":\"CAVEX BITE&WHITE STAINLESS | iDent.md\",\"isPartOf\":{\"@id\":\"https:\/\/ident.md\/ru\/#website\"},\"primaryImageOfPage\":{\"@id\":\"https:\/\/ident.md\/ru\/product\/stainless-cavex\/#primaryimage\"},\"image\":{\"@id\":\"https:\/\/ident.md\/ru\/product\/stainless-cavex\/#primaryimage\"},\"thumbnailUrl\":\"https:\/\/ident.md\/wp-content\/uploads\/2022\/05\/cavex-bite-white-stainless.jpg\",\"datePublished\":\"2022-05-26T08:11:16+00:00\",\"description\":\"Pasta StainLess cur\u0103\u021b\u0103 bine din\u021bii, permi\u021b\u00e2nd gelului de albire s\u0103 intre \u00een contact direct cu smal\u021bul dentar. \u00cendep\u0103rteaz\u0103 petele de pe suprafa\u021b\u0103 din\u021bilor \u0219i cre\u0219te temporar valoarea pH-ului din gur\u0103. Proced\u00e2nd astfel, pasta de cur\u0103\u021bare extrem\u0103 StainLess optimizeaz\u0103 performan\u021ba peroxidului de hidrogen.\",\"breadcrumb\":{\"@id\":\"https:\/\/ident.md\/ru\/product\/stainless-cavex\/#breadcrumb\"},\"inLanguage\":\"ru-RU\",\"potentialAction\":[{\"@type\":\"ReadAction\",\"target\":[\"https:\/\/ident.md\/ru\/product\/stainless-cavex\/\"]}]},{\"@type\":\"ImageObject\",\"inLanguage\":\"ru-RU\",\"@id\":\"https:\/\/ident.md\/ru\/product\/stainless-cavex\/#primaryimage\",\"url\":\"https:\/\/ident.md\/wp-content\/uploads\/2022\/05\/cavex-bite-white-stainless.jpg\",\"contentUrl\":\"https:\/\/ident.md\/wp-content\/uploads\/2022\/05\/cavex-bite-white-stainless.jpg\",\"width\":515,\"height\":515,\"caption\":\"Cavex Bite&White StainLess\"},{\"@type\":\"BreadcrumbList\",\"@id\":\"https:\/\/ident.md\/ru\/product\/stainless-cavex\/#breadcrumb\",\"itemListElement\":[{\"@type\":\"ListItem\",\"position\":1,\"name\":\"Prima pagin\u0103\",\"item\":\"https:\/\/ident.md\/ru\/\"},{\"@type\":\"ListItem\",\"position\":2,\"name\":\"\u041a\u0430\u0442\u0430\u043b\u043e\u0433 \u0442\u043e\u0432\u0430\u0440\u043e\u0432\",\"item\":\"https:\/\/ident.md\/catalog\/\"},{\"@type\":\"ListItem\",\"position\":3,\"name\":\"CAVEX BITE&#038;WHITE STAINLESS\"}]},{\"@type\":\"WebSite\",\"@id\":\"https:\/\/ident.md\/ru\/#website\",\"url\":\"https:\/\/ident.md\/ru\/\",\"name\":\"iDent.md\",\"description\":\"\",\"publisher\":{\"@id\":\"https:\/\/ident.md\/ru\/#organization\"},\"potentialAction\":[{\"@type\":\"SearchAction\",\"target\":{\"@type\":\"EntryPoint\",\"urlTemplate\":\"https:\/\/ident.md\/ru\/?s={search_term_string}\"},\"query-input\":{\"@type\":\"PropertyValueSpecification\",\"valueRequired\":true,\"valueName\":\"search_term_string\"}}],\"inLanguage\":\"ru-RU\"},{\"@type\":\"Organization\",\"@id\":\"https:\/\/ident.md\/ru\/#organization\",\"name\":\"\\\"3D CEPH\\\" SRL\",\"url\":\"https:\/\/ident.md\/ru\/\",\"logo\":{\"@type\":\"ImageObject\",\"inLanguage\":\"ru-RU\",\"@id\":\"https:\/\/ident.md\/ru\/#\/schema\/logo\/image\/\",\"url\":\"https:\/\/ident.md\/wp-content\/uploads\/2020\/11\/ident-logo-1.png\",\"contentUrl\":\"https:\/\/ident.md\/wp-content\/uploads\/2020\/11\/ident-logo-1.png\",\"width\":2320,\"height\":3096,\"caption\":\"\\\"3D CEPH\\\" SRL\"},\"image\":{\"@id\":\"https:\/\/ident.md\/ru\/#\/schema\/logo\/image\/\"}}]}<\/script>\n<!-- \/ Yoast SEO plugin. -->","yoast_head_json":{"title":"CAVEX BITE&WHITE STAINLESS | iDent.md","description":"Pasta StainLess cur\u0103\u021b\u0103 bine din\u021bii, permi\u021b\u00e2nd gelului de albire s\u0103 intre \u00een contact direct cu smal\u021bul dentar. \u00cendep\u0103rteaz\u0103 petele de pe suprafa\u021b\u0103 din\u021bilor \u0219i cre\u0219te temporar valoarea pH-ului din gur\u0103. Proced\u00e2nd astfel, pasta de cur\u0103\u021bare extrem\u0103 StainLess optimizeaz\u0103 performan\u021ba peroxidului de hidrogen.","robots":{"index":"index","follow":"follow","max-snippet":"max-snippet:-1","max-image-preview":"max-image-preview:large","max-video-preview":"max-video-preview:-1"},"canonical":"https:\/\/ident.md\/ru\/product\/stainless-cavex\/","og_locale":"ru_RU","og_type":"article","og_title":"CAVEX BITE&WHITE STAINLESS | iDent.md","og_description":"Pasta StainLess cur\u0103\u021b\u0103 bine din\u021bii, permi\u021b\u00e2nd gelului de albire s\u0103 intre \u00een contact direct cu smal\u021bul dentar. \u00cendep\u0103rteaz\u0103 petele de pe suprafa\u021b\u0103 din\u021bilor \u0219i cre\u0219te temporar valoarea pH-ului din gur\u0103. Proced\u00e2nd astfel, pasta de cur\u0103\u021bare extrem\u0103 StainLess optimizeaz\u0103 performan\u021ba peroxidului de hidrogen.","og_url":"https:\/\/ident.md\/ru\/product\/stainless-cavex\/","og_site_name":"iDent.md","og_image":[{"width":515,"height":515,"url":"https:\/\/ident.md\/wp-content\/uploads\/2022\/05\/cavex-bite-white-stainless.jpg","type":"image\/jpeg"}],"twitter_card":"summary_large_image","schema":{"@context":"https:\/\/schema.org","@graph":[{"@type":"WebPage","@id":"https:\/\/ident.md\/ru\/product\/stainless-cavex\/","url":"https:\/\/ident.md\/ru\/product\/stainless-cavex\/","name":"CAVEX BITE&WHITE STAINLESS | iDent.md","isPartOf":{"@id":"https:\/\/ident.md\/ru\/#website"},"primaryImageOfPage":{"@id":"https:\/\/ident.md\/ru\/product\/stainless-cavex\/#primaryimage"},"image":{"@id":"https:\/\/ident.md\/ru\/product\/stainless-cavex\/#primaryimage"},"thumbnailUrl":"https:\/\/ident.md\/wp-content\/uploads\/2022\/05\/cavex-bite-white-stainless.jpg","datePublished":"2022-05-26T08:11:16+00:00","description":"Pasta StainLess cur\u0103\u021b\u0103 bine din\u021bii, permi\u021b\u00e2nd gelului de albire s\u0103 intre \u00een contact direct cu smal\u021bul dentar. \u00cendep\u0103rteaz\u0103 petele de pe suprafa\u021b\u0103 din\u021bilor \u0219i cre\u0219te temporar valoarea pH-ului din gur\u0103. Proced\u00e2nd astfel, pasta de cur\u0103\u021bare extrem\u0103 StainLess optimizeaz\u0103 performan\u021ba peroxidului de hidrogen.","breadcrumb":{"@id":"https:\/\/ident.md\/ru\/product\/stainless-cavex\/#breadcrumb"},"inLanguage":"ru-RU","potentialAction":[{"@type":"ReadAction","target":["https:\/\/ident.md\/ru\/product\/stainless-cavex\/"]}]},{"@type":"ImageObject","inLanguage":"ru-RU","@id":"https:\/\/ident.md\/ru\/product\/stainless-cavex\/#primaryimage","url":"https:\/\/ident.md\/wp-content\/uploads\/2022\/05\/cavex-bite-white-stainless.jpg","contentUrl":"https:\/\/ident.md\/wp-content\/uploads\/2022\/05\/cavex-bite-white-stainless.jpg","width":515,"height":515,"caption":"Cavex Bite&White StainLess"},{"@type":"BreadcrumbList","@id":"https:\/\/ident.md\/ru\/product\/stainless-cavex\/#breadcrumb","itemListElement":[{"@type":"ListItem","position":1,"name":"Prima pagin\u0103","item":"https:\/\/ident.md\/ru\/"},{"@type":"ListItem","position":2,"name":"\u041a\u0430\u0442\u0430\u043b\u043e\u0433 \u0442\u043e\u0432\u0430\u0440\u043e\u0432","item":"https:\/\/ident.md\/catalog\/"},{"@type":"ListItem","position":3,"name":"CAVEX BITE&#038;WHITE STAINLESS"}]},{"@type":"WebSite","@id":"https:\/\/ident.md\/ru\/#website","url":"https:\/\/ident.md\/ru\/","name":"iDent.md","description":"","publisher":{"@id":"https:\/\/ident.md\/ru\/#organization"},"potentialAction":[{"@type":"SearchAction","target":{"@type":"EntryPoint","urlTemplate":"https:\/\/ident.md\/ru\/?s={search_term_string}"},"query-input":{"@type":"PropertyValueSpecification","valueRequired":true,"valueName":"search_term_string"}}],"inLanguage":"ru-RU"},{"@type":"Organization","@id":"https:\/\/ident.md\/ru\/#organization","name":"\"3D CEPH\" SRL","url":"https:\/\/ident.md\/ru\/","logo":{"@type":"ImageObject","inLanguage":"ru-RU","@id":"https:\/\/ident.md\/ru\/#\/schema\/logo\/image\/","url":"https:\/\/ident.md\/wp-content\/uploads\/2020\/11\/ident-logo-1.png","contentUrl":"https:\/\/ident.md\/wp-content\/uploads\/2020\/11\/ident-logo-1.png","width":2320,"height":3096,"caption":"\"3D CEPH\" SRL"},"image":{"@id":"https:\/\/ident.md\/ru\/#\/schema\/logo\/image\/"}}]}},"uagb_featured_image_src":{"full":["https:\/\/ident.md\/wp-content\/uploads\/2022\/05\/cavex-bite-white-stainless.jpg",515,515,false],"thumbnail":["https:\/\/ident.md\/wp-content\/uploads\/2022\/05\/cavex-bite-white-stainless-150x150.jpg",150,150,true],"medium":["https:\/\/ident.md\/wp-content\/uploads\/2022\/05\/cavex-bite-white-stainless-300x300.jpg",300,300,true],"medium_large":["https:\/\/ident.md\/wp-content\/uploads\/2022\/05\/cavex-bite-white-stainless.jpg",515,515,false],"large":["https:\/\/ident.md\/wp-content\/uploads\/2022\/05\/cavex-bite-white-stainless.jpg",515,515,false],"gs-tiny":["https:\/\/ident.md\/wp-content\/uploads\/2022\/05\/cavex-bite-white-stainless.jpg",50,50,false],"xl":["https:\/\/ident.md\/wp-content\/uploads\/2022\/05\/cavex-bite-white-stainless.jpg",515,515,false],"xxl":["https:\/\/ident.md\/wp-content\/uploads\/2022\/05\/cavex-bite-white-stainless.jpg",515,515,false],"xxxl":["https:\/\/ident.md\/wp-content\/uploads\/2022\/05\/cavex-bite-white-stainless.jpg",515,515,false],"xxxxl":["https:\/\/ident.md\/wp-content\/uploads\/2022\/05\/cavex-bite-white-stainless.jpg",515,515,false],"xxxxxl":["https:\/\/ident.md\/wp-content\/uploads\/2022\/05\/cavex-bite-white-stainless.jpg",515,515,false],"1536x1536":["https:\/\/ident.md\/wp-content\/uploads\/2022\/05\/cavex-bite-white-stainless.jpg",515,515,false],"2048x2048":["https:\/\/ident.md\/wp-content\/uploads\/2022\/05\/cavex-bite-white-stainless.jpg",515,515,false],"woocommerce_thumbnail":["https:\/\/ident.md\/wp-content\/uploads\/2022\/05\/cavex-bite-white-stainless-300x300.jpg",300,300,true],"woocommerce_single":["https:\/\/ident.md\/wp-content\/uploads\/2022\/05\/cavex-bite-white-stainless.jpg",515,515,false],"woocommerce_gallery_thumbnail":["https:\/\/ident.md\/wp-content\/uploads\/2022\/05\/cavex-bite-white-stainless-100x100.jpg",100,100,true]},"uagb_author_info":{"display_name":"admin","author_link":"https:\/\/ident.md\/ru\/author\/"},"uagb_comment_info":0,"uagb_excerpt":"\u0425\u0410\u0420\u0410\u041a\u0422\u0415\u0420\u0418\u0421\u0422\u0418\u041a\u0418 &nbsp; \u041e\u0447\u0438\u0441\u0442\u043a\u0430 \u0438 \u043f\u043e\u043b\u043d\u043e\u0435 \u0443\u0434\u0430\u043b\u0435\u043d\u0438\u0435 \u0437\u0443\u0431\u043d\u043e\u0433\u043e \u043d\u0430\u043b\u0435\u0442\u0430 \u041f\u043e\u0432\u044b\u0448\u0435\u043d\u0438\u0435 pH \u0432 \u043f\u043e\u043b\u043e\u0441\u0442\u0438 \u0440\u0442\u0430 \u0438 \u043e\u043f\u0442\u0438\u043c\u0438\u0437\u0430\u0446\u0438\u044f \u0443\u0441\u043b\u043e\u0432\u0438\u0439 \u0434\u043b\u044f \u043e\u0442\u0431\u0435\u043b\u0438\u0432\u0430\u043d\u0438\u044f \u0421\u0432\u0435\u0436\u0438\u0439, \u043f\u0440\u0438\u044f\u0442\u043d\u044b\u0439 \u0432\u043a\u0443\u0441","brands":[{"id":503,"name":"Cavex","slug":"cavex-brand"}],"_links":{"self":[{"href":"https:\/\/ident.md\/ru\/wp-json\/wp\/v2\/product\/7497","targetHints":{"allow":["GET"]}}],"collection":[{"href":"https:\/\/ident.md\/ru\/wp-json\/wp\/v2\/product"}],"about":[{"href":"https:\/\/ident.md\/ru\/wp-json\/wp\/v2\/types\/product"}],"wp:featuredmedia":[{"embeddable":true,"href":"https:\/\/ident.md\/ru\/wp-json\/wp\/v2\/media\/7495"}],"wp:attachment":[{"href":"https:\/\/ident.md\/ru\/wp-json\/wp\/v2\/media?parent=7497"}],"wp:term":[{"taxonomy":"pwb-brand","embeddable":true,"href":"https:\/\/ident.md\/ru\/wp-json\/wp\/v2\/pwb-brand?post=7497"},{"taxonomy":"product_brand","embeddable":true,"href":"https:\/\/ident.md\/ru\/wp-json\/wp\/v2\/product_brand?post=7497"},{"taxonomy":"product_cat","embeddable":true,"href":"https:\/\/ident.md\/ru\/wp-json\/wp\/v2\/product_cat?post=7497"},{"taxonomy":"product_tag","embeddable":true,"href":"https:\/\/ident.md\/ru\/wp-json\/wp\/v2\/product_tag?post=7497"}],"curies":[{"name":"wp","href":"https:\/\/api.w.org\/{rel}","templated":true}]}}