{"id":7060,"date":"2022-05-30T10:38:54","date_gmt":"2022-05-30T07:38:54","guid":{"rendered":"https:\/\/ident.md\/?post_type=product&#038;p=7060"},"modified":"2022-05-30T10:38:54","modified_gmt":"2022-05-30T07:38:54","slug":"cavex-alginate-accessories","status":"publish","type":"product","link":"https:\/\/ident.md\/ru\/product\/cavex-alginate-accessories\/","title":{"rendered":"CAVEX ACCESORII PENTRU ALGINAT"},"content":{"rendered":"<h4>ACCESORII ALGINATE<\/h4>\n<p>Sunt disponibile urm\u0103toarele accesorii:<\/p>\n<ul>\n<li>Recipient de alginat pentru depozitare controlat\u0103 \u0219i dozare exact\u0103 a pulberii de alginat<\/li>\n<li>Sticla de dozare a apei pentru o temperatura controlata, constanta a apei si dozarea exacta a apei<\/li>\n<li>Vasul de amestecare flexibil cu spatul\u0103 de amestecare (spatul\u0103 disponibil\u0103 \u0219i \u00een metal)<\/li>\n<\/ul>\n<h4>RECIPIENT ALGINAT<\/h4>\n<p>Recipientul de alginat <span style=\"color: #333399;\"><strong>Cavex<\/strong><\/span> asigur\u0103 depozitare etan\u0219\u0103, astfel \u00eenc\u00e2t umezeala s\u0103 nu ajung\u0103 la pulbere. Recipientul este disponibil \u00een dou\u0103 culori, astfel \u00eenc\u00e2t s\u0103 pute\u021bi distinge \u00eentre mai mul\u021bi algina\u021bi. Cantitatea exact\u0103 de alginat poate fi m\u0103surat\u0103 cu cupa de pulbere.<\/p>\n<h4>STICLA DOZATOR APA<\/h4>\n<p>Sticla de dozare a apei asigur\u0103 c\u0103 apa este \u00eentotdeauna la o temperatur\u0103 constant\u0103 a camerei. \u00cen plus, cantitatea exact\u0103 de ap\u0103 poate fi m\u0103surat\u0103 prin simpla str\u00e2ngere a sticlei. Supradozarea nu este posibil\u0103 datorit\u0103 sistemului inovator de drenaj. Sticla de dozare a apei garanteaz\u0103 raportul ideal \u00eentre pulbere \u0219i ap\u0103, astfel \u00eenc\u00e2t amestecul de alginat s\u0103 aib\u0103 \u00eentotdeauna o calitate consistent\u0103.<\/p>\n<h4>BOL DE AMESTEC CU SPATUL\u0102<\/h4>\n<p>Flexibilitatea cupei de amestecare \u00een combina\u021bie cu spatula de amestecare face amestecarea manual\u0103 mai u\u0219oar\u0103 \u0219i ofer\u0103 rezultate mai bune prin reducerea cocoloa\u0219ei \u0219i a bulelor de aer. Cu accesoriile de alginat <span style=\"color: #333399;\"><strong>Cavex<\/strong><\/span>, pute\u021bi optimiza \u0219i standardiza \u00eentregul proces de amprentare \u0219i pute\u021bi asigura un rezultat consistent din c\u00e2nd \u00een c\u00e2nd.<\/p>\n","protected":false},"excerpt":{"rendered":"<p>Diferi\u021bi factori externi pot influen\u021ba calitatea amprentelor de alginat. Aceasta include temperatura apei, raportul de amestecare, tehnica de amestecare \u0219i condi\u021biile de depozitare. <span style=\"color: #333399;\"><strong>Cavex<\/strong> <\/span>a dezvoltat diverse accesorii de alginat pentru a optimiza \u0219i standardiza ace\u0219ti factori externi. Cu accesoriile noastre de alginat, v\u0103 pute\u021bi baza \u00eentotdeauna pe o amprent\u0103 perfect\u0103 de alginat.<\/p>\n","protected":false},"featured_media":7064,"template":"","meta":{"inline_featured_image":false,"_uag_custom_page_level_css":"","editor_plus_copied_stylings":"{}","_kad_post_transparent":"default","_kad_post_title":"","_kad_post_layout":"default","_kad_post_sidebar_id":"","_kad_post_content_style":"default","_kad_post_vertical_padding":"default","_kad_post_feature":"","_kad_post_feature_position":"","_kad_post_header":false,"_kad_post_footer":false},"pwb-brand":[453],"product_brand":[],"product_cat":[460,474],"product_tag":[489,462],"class_list":{"0":"post-7060","1":"product","2":"type-product","3":"status-publish","4":"has-post-thumbnail","6":"pwb-brand-cavex","7":"product_cat-cavex-laborator","8":"product_cat-cavex-2","9":"product_tag-accessories","10":"product_tag-cavex","12":"first","13":"instock","14":"shipping-taxable","15":"product-type-simple","16":"entry","17":"content-bg","18":"loop-entry"},"featured_image_urls_v2":{"full":["https:\/\/ident.md\/wp-content\/uploads\/2022\/05\/Cavex-Alginate-Container-blue-scaled.jpg",2560,1795,false],"thumbnail":["https:\/\/ident.md\/wp-content\/uploads\/2022\/05\/Cavex-Alginate-Container-blue-150x150.jpg",150,150,true],"medium":["https:\/\/ident.md\/wp-content\/uploads\/2022\/05\/Cavex-Alginate-Container-blue-300x210.jpg",300,210,true],"medium_large":["https:\/\/ident.md\/wp-content\/uploads\/2022\/05\/Cavex-Alginate-Container-blue-768x538.jpg",768,538,true],"large":["https:\/\/ident.md\/wp-content\/uploads\/2022\/05\/Cavex-Alginate-Container-blue-1024x718.jpg",1024,718,true],"gs-tiny":["https:\/\/ident.md\/wp-content\/uploads\/2022\/05\/Cavex-Alginate-Container-blue-scaled.jpg",50,35,false],"xl":["https:\/\/ident.md\/wp-content\/uploads\/2022\/05\/Cavex-Alginate-Container-blue-1600x1122.jpg",1600,1122,true],"xxl":["https:\/\/ident.md\/wp-content\/uploads\/2022\/05\/Cavex-Alginate-Container-blue-2200x1542.jpg",2200,1542,true],"xxxl":["https:\/\/ident.md\/wp-content\/uploads\/2022\/05\/Cavex-Alginate-Container-blue-2800x1963.jpg",2800,1963,true],"xxxxl":["https:\/\/ident.md\/wp-content\/uploads\/2022\/05\/Cavex-Alginate-Container-blue-scaled.jpg",2560,1795,false],"xxxxxl":["https:\/\/ident.md\/wp-content\/uploads\/2022\/05\/Cavex-Alginate-Container-blue-scaled.jpg",2560,1795,false],"1536x1536":["https:\/\/ident.md\/wp-content\/uploads\/2022\/05\/Cavex-Alginate-Container-blue-1536x1077.jpg",1536,1077,true],"2048x2048":["https:\/\/ident.md\/wp-content\/uploads\/2022\/05\/Cavex-Alginate-Container-blue-2048x1436.jpg",2048,1436,true],"woocommerce_thumbnail":["https:\/\/ident.md\/wp-content\/uploads\/2022\/05\/Cavex-Alginate-Container-blue-300x300.jpg",300,300,true],"woocommerce_single":["https:\/\/ident.md\/wp-content\/uploads\/2022\/05\/Cavex-Alginate-Container-blue-600x421.jpg",600,421,true],"woocommerce_gallery_thumbnail":["https:\/\/ident.md\/wp-content\/uploads\/2022\/05\/Cavex-Alginate-Container-blue-100x100.jpg",100,100,true]},"post_excerpt_stackable_v2":"<p>Diferi\u021bi factori externi pot influen\u021ba calitatea amprentelor de alginat. Aceasta include temperatura apei, raportul de amestecare, tehnica de amestecare \u0219i condi\u021biile de depozitare. <span style=\"color: #333399;\"><strong>Cavex<\/strong> <\/span>a dezvoltat diverse accesorii de alginat pentru a optimiza \u0219i standardiza ace\u0219ti factori externi. Cu accesoriile noastre de alginat, v\u0103 pute\u021bi baza \u00eentotdeauna pe o amprent\u0103 perfect\u0103 de alginat.<\/p>\n","category_list_v2":"","author_info_v2":{"name":"","url":""},"comments_num_v2":"0 \u043a\u043e\u043c\u043c\u0435\u043d\u0442\u0430\u0440\u0438\u0435\u0432","yoast_head":"<!-- This site is optimized with the Yoast SEO plugin v25.8 - https:\/\/yoast.com\/wordpress\/plugins\/seo\/ -->\n<title>CAVEX ACCESORII PENTRU ALGINAT | iDent.md<\/title>\n<meta name=\"description\" content=\"Diferi\u021bi factori externi pot influen\u021ba calitatea amprentelor de alginat. Aceasta include temperatura apei, raportul de amestecare, tehnica de amestecare \u0219i condi\u021biile de depozitare. Cavex a dezvoltat diverse accesorii de alginat pentru a optimiza \u0219i standardiza ace\u0219ti factori externi. Cu accesoriile noastre de alginat, v\u0103 pute\u021bi baza \u00eentotdeauna pe o amprent\u0103 perfect\u0103 de alginat.\" \/>\n<meta name=\"robots\" content=\"index, follow, max-snippet:-1, max-image-preview:large, max-video-preview:-1\" \/>\n<link rel=\"canonical\" href=\"https:\/\/ident.md\/ru\/product\/cavex-alginate-accessories\/\" \/>\n<meta property=\"og:locale\" content=\"ru_RU\" \/>\n<meta property=\"og:type\" content=\"article\" \/>\n<meta property=\"og:title\" content=\"CAVEX ACCESORII PENTRU ALGINAT | iDent.md\" \/>\n<meta property=\"og:description\" content=\"Diferi\u021bi factori externi pot influen\u021ba calitatea amprentelor de alginat. Aceasta include temperatura apei, raportul de amestecare, tehnica de amestecare \u0219i condi\u021biile de depozitare. Cavex a dezvoltat diverse accesorii de alginat pentru a optimiza \u0219i standardiza ace\u0219ti factori externi. Cu accesoriile noastre de alginat, v\u0103 pute\u021bi baza \u00eentotdeauna pe o amprent\u0103 perfect\u0103 de alginat.\" \/>\n<meta property=\"og:url\" content=\"https:\/\/ident.md\/ru\/product\/cavex-alginate-accessories\/\" \/>\n<meta property=\"og:site_name\" content=\"iDent.md\" \/>\n<meta property=\"og:image\" content=\"https:\/\/ident.md\/wp-content\/uploads\/2022\/05\/Cavex-Alginate-Container-blue-scaled.jpg\" \/>\n\t<meta property=\"og:image:width\" content=\"2560\" \/>\n\t<meta property=\"og:image:height\" content=\"1795\" \/>\n\t<meta property=\"og:image:type\" content=\"image\/jpeg\" \/>\n<meta name=\"twitter:card\" content=\"summary_large_image\" \/>\n<meta name=\"twitter:label1\" content=\"\u041f\u0440\u0438\u043c\u0435\u0440\u043d\u043e\u0435 \u0432\u0440\u0435\u043c\u044f \u0434\u043b\u044f \u0447\u0442\u0435\u043d\u0438\u044f\" \/>\n\t<meta name=\"twitter:data1\" content=\"1 \u043c\u0438\u043d\u0443\u0442\u0430\" \/>\n<script type=\"application\/ld+json\" class=\"yoast-schema-graph\">{\"@context\":\"https:\/\/schema.org\",\"@graph\":[{\"@type\":\"WebPage\",\"@id\":\"https:\/\/ident.md\/ru\/product\/cavex-alginate-accessories\/\",\"url\":\"https:\/\/ident.md\/ru\/product\/cavex-alginate-accessories\/\",\"name\":\"CAVEX ACCESORII PENTRU ALGINAT | iDent.md\",\"isPartOf\":{\"@id\":\"https:\/\/ident.md\/ru\/#website\"},\"primaryImageOfPage\":{\"@id\":\"https:\/\/ident.md\/ru\/product\/cavex-alginate-accessories\/#primaryimage\"},\"image\":{\"@id\":\"https:\/\/ident.md\/ru\/product\/cavex-alginate-accessories\/#primaryimage\"},\"thumbnailUrl\":\"https:\/\/ident.md\/wp-content\/uploads\/2022\/05\/Cavex-Alginate-Container-blue-scaled.jpg\",\"datePublished\":\"2022-05-30T07:38:54+00:00\",\"description\":\"Diferi\u021bi factori externi pot influen\u021ba calitatea amprentelor de alginat. Aceasta include temperatura apei, raportul de amestecare, tehnica de amestecare \u0219i condi\u021biile de depozitare. Cavex a dezvoltat diverse accesorii de alginat pentru a optimiza \u0219i standardiza ace\u0219ti factori externi. Cu accesoriile noastre de alginat, v\u0103 pute\u021bi baza \u00eentotdeauna pe o amprent\u0103 perfect\u0103 de alginat.\",\"breadcrumb\":{\"@id\":\"https:\/\/ident.md\/ru\/product\/cavex-alginate-accessories\/#breadcrumb\"},\"inLanguage\":\"ru-RU\",\"potentialAction\":[{\"@type\":\"ReadAction\",\"target\":[\"https:\/\/ident.md\/ru\/product\/cavex-alginate-accessories\/\"]}]},{\"@type\":\"ImageObject\",\"inLanguage\":\"ru-RU\",\"@id\":\"https:\/\/ident.md\/ru\/product\/cavex-alginate-accessories\/#primaryimage\",\"url\":\"https:\/\/ident.md\/wp-content\/uploads\/2022\/05\/Cavex-Alginate-Container-blue-scaled.jpg\",\"contentUrl\":\"https:\/\/ident.md\/wp-content\/uploads\/2022\/05\/Cavex-Alginate-Container-blue-scaled.jpg\",\"width\":2560,\"height\":1795},{\"@type\":\"BreadcrumbList\",\"@id\":\"https:\/\/ident.md\/ru\/product\/cavex-alginate-accessories\/#breadcrumb\",\"itemListElement\":[{\"@type\":\"ListItem\",\"position\":1,\"name\":\"Prima pagin\u0103\",\"item\":\"https:\/\/ident.md\/ru\/\"},{\"@type\":\"ListItem\",\"position\":2,\"name\":\"\u041a\u0430\u0442\u0430\u043b\u043e\u0433 \u0442\u043e\u0432\u0430\u0440\u043e\u0432\",\"item\":\"https:\/\/ident.md\/catalog\/\"},{\"@type\":\"ListItem\",\"position\":3,\"name\":\"CAVEX ACCESORII PENTRU ALGINAT\"}]},{\"@type\":\"WebSite\",\"@id\":\"https:\/\/ident.md\/ru\/#website\",\"url\":\"https:\/\/ident.md\/ru\/\",\"name\":\"iDent.md\",\"description\":\"\",\"publisher\":{\"@id\":\"https:\/\/ident.md\/ru\/#organization\"},\"potentialAction\":[{\"@type\":\"SearchAction\",\"target\":{\"@type\":\"EntryPoint\",\"urlTemplate\":\"https:\/\/ident.md\/ru\/?s={search_term_string}\"},\"query-input\":{\"@type\":\"PropertyValueSpecification\",\"valueRequired\":true,\"valueName\":\"search_term_string\"}}],\"inLanguage\":\"ru-RU\"},{\"@type\":\"Organization\",\"@id\":\"https:\/\/ident.md\/ru\/#organization\",\"name\":\"\\\"3D CEPH\\\" SRL\",\"url\":\"https:\/\/ident.md\/ru\/\",\"logo\":{\"@type\":\"ImageObject\",\"inLanguage\":\"ru-RU\",\"@id\":\"https:\/\/ident.md\/ru\/#\/schema\/logo\/image\/\",\"url\":\"https:\/\/ident.md\/wp-content\/uploads\/2020\/11\/ident-logo-1.png\",\"contentUrl\":\"https:\/\/ident.md\/wp-content\/uploads\/2020\/11\/ident-logo-1.png\",\"width\":2320,\"height\":3096,\"caption\":\"\\\"3D CEPH\\\" SRL\"},\"image\":{\"@id\":\"https:\/\/ident.md\/ru\/#\/schema\/logo\/image\/\"}}]}<\/script>\n<!-- \/ Yoast SEO plugin. -->","yoast_head_json":{"title":"CAVEX ACCESORII PENTRU ALGINAT | iDent.md","description":"Diferi\u021bi factori externi pot influen\u021ba calitatea amprentelor de alginat. Aceasta include temperatura apei, raportul de amestecare, tehnica de amestecare \u0219i condi\u021biile de depozitare. Cavex a dezvoltat diverse accesorii de alginat pentru a optimiza \u0219i standardiza ace\u0219ti factori externi. Cu accesoriile noastre de alginat, v\u0103 pute\u021bi baza \u00eentotdeauna pe o amprent\u0103 perfect\u0103 de alginat.","robots":{"index":"index","follow":"follow","max-snippet":"max-snippet:-1","max-image-preview":"max-image-preview:large","max-video-preview":"max-video-preview:-1"},"canonical":"https:\/\/ident.md\/ru\/product\/cavex-alginate-accessories\/","og_locale":"ru_RU","og_type":"article","og_title":"CAVEX ACCESORII PENTRU ALGINAT | iDent.md","og_description":"Diferi\u021bi factori externi pot influen\u021ba calitatea amprentelor de alginat. Aceasta include temperatura apei, raportul de amestecare, tehnica de amestecare \u0219i condi\u021biile de depozitare. Cavex a dezvoltat diverse accesorii de alginat pentru a optimiza \u0219i standardiza ace\u0219ti factori externi. Cu accesoriile noastre de alginat, v\u0103 pute\u021bi baza \u00eentotdeauna pe o amprent\u0103 perfect\u0103 de alginat.","og_url":"https:\/\/ident.md\/ru\/product\/cavex-alginate-accessories\/","og_site_name":"iDent.md","og_image":[{"width":2560,"height":1795,"url":"https:\/\/ident.md\/wp-content\/uploads\/2022\/05\/Cavex-Alginate-Container-blue-scaled.jpg","type":"image\/jpeg"}],"twitter_card":"summary_large_image","twitter_misc":{"\u041f\u0440\u0438\u043c\u0435\u0440\u043d\u043e\u0435 \u0432\u0440\u0435\u043c\u044f \u0434\u043b\u044f \u0447\u0442\u0435\u043d\u0438\u044f":"1 \u043c\u0438\u043d\u0443\u0442\u0430"},"schema":{"@context":"https:\/\/schema.org","@graph":[{"@type":"WebPage","@id":"https:\/\/ident.md\/ru\/product\/cavex-alginate-accessories\/","url":"https:\/\/ident.md\/ru\/product\/cavex-alginate-accessories\/","name":"CAVEX ACCESORII PENTRU ALGINAT | iDent.md","isPartOf":{"@id":"https:\/\/ident.md\/ru\/#website"},"primaryImageOfPage":{"@id":"https:\/\/ident.md\/ru\/product\/cavex-alginate-accessories\/#primaryimage"},"image":{"@id":"https:\/\/ident.md\/ru\/product\/cavex-alginate-accessories\/#primaryimage"},"thumbnailUrl":"https:\/\/ident.md\/wp-content\/uploads\/2022\/05\/Cavex-Alginate-Container-blue-scaled.jpg","datePublished":"2022-05-30T07:38:54+00:00","description":"Diferi\u021bi factori externi pot influen\u021ba calitatea amprentelor de alginat. Aceasta include temperatura apei, raportul de amestecare, tehnica de amestecare \u0219i condi\u021biile de depozitare. Cavex a dezvoltat diverse accesorii de alginat pentru a optimiza \u0219i standardiza ace\u0219ti factori externi. Cu accesoriile noastre de alginat, v\u0103 pute\u021bi baza \u00eentotdeauna pe o amprent\u0103 perfect\u0103 de alginat.","breadcrumb":{"@id":"https:\/\/ident.md\/ru\/product\/cavex-alginate-accessories\/#breadcrumb"},"inLanguage":"ru-RU","potentialAction":[{"@type":"ReadAction","target":["https:\/\/ident.md\/ru\/product\/cavex-alginate-accessories\/"]}]},{"@type":"ImageObject","inLanguage":"ru-RU","@id":"https:\/\/ident.md\/ru\/product\/cavex-alginate-accessories\/#primaryimage","url":"https:\/\/ident.md\/wp-content\/uploads\/2022\/05\/Cavex-Alginate-Container-blue-scaled.jpg","contentUrl":"https:\/\/ident.md\/wp-content\/uploads\/2022\/05\/Cavex-Alginate-Container-blue-scaled.jpg","width":2560,"height":1795},{"@type":"BreadcrumbList","@id":"https:\/\/ident.md\/ru\/product\/cavex-alginate-accessories\/#breadcrumb","itemListElement":[{"@type":"ListItem","position":1,"name":"Prima pagin\u0103","item":"https:\/\/ident.md\/ru\/"},{"@type":"ListItem","position":2,"name":"\u041a\u0430\u0442\u0430\u043b\u043e\u0433 \u0442\u043e\u0432\u0430\u0440\u043e\u0432","item":"https:\/\/ident.md\/catalog\/"},{"@type":"ListItem","position":3,"name":"CAVEX ACCESORII PENTRU ALGINAT"}]},{"@type":"WebSite","@id":"https:\/\/ident.md\/ru\/#website","url":"https:\/\/ident.md\/ru\/","name":"iDent.md","description":"","publisher":{"@id":"https:\/\/ident.md\/ru\/#organization"},"potentialAction":[{"@type":"SearchAction","target":{"@type":"EntryPoint","urlTemplate":"https:\/\/ident.md\/ru\/?s={search_term_string}"},"query-input":{"@type":"PropertyValueSpecification","valueRequired":true,"valueName":"search_term_string"}}],"inLanguage":"ru-RU"},{"@type":"Organization","@id":"https:\/\/ident.md\/ru\/#organization","name":"\"3D CEPH\" SRL","url":"https:\/\/ident.md\/ru\/","logo":{"@type":"ImageObject","inLanguage":"ru-RU","@id":"https:\/\/ident.md\/ru\/#\/schema\/logo\/image\/","url":"https:\/\/ident.md\/wp-content\/uploads\/2020\/11\/ident-logo-1.png","contentUrl":"https:\/\/ident.md\/wp-content\/uploads\/2020\/11\/ident-logo-1.png","width":2320,"height":3096,"caption":"\"3D CEPH\" SRL"},"image":{"@id":"https:\/\/ident.md\/ru\/#\/schema\/logo\/image\/"}}]}},"uagb_featured_image_src":{"full":["https:\/\/ident.md\/wp-content\/uploads\/2022\/05\/Cavex-Alginate-Container-blue-scaled.jpg",2560,1795,false],"thumbnail":["https:\/\/ident.md\/wp-content\/uploads\/2022\/05\/Cavex-Alginate-Container-blue-150x150.jpg",150,150,true],"medium":["https:\/\/ident.md\/wp-content\/uploads\/2022\/05\/Cavex-Alginate-Container-blue-300x210.jpg",300,210,true],"medium_large":["https:\/\/ident.md\/wp-content\/uploads\/2022\/05\/Cavex-Alginate-Container-blue-768x538.jpg",768,538,true],"large":["https:\/\/ident.md\/wp-content\/uploads\/2022\/05\/Cavex-Alginate-Container-blue-1024x718.jpg",1024,718,true],"gs-tiny":["https:\/\/ident.md\/wp-content\/uploads\/2022\/05\/Cavex-Alginate-Container-blue-scaled.jpg",50,35,false],"xl":["https:\/\/ident.md\/wp-content\/uploads\/2022\/05\/Cavex-Alginate-Container-blue-1600x1122.jpg",1600,1122,true],"xxl":["https:\/\/ident.md\/wp-content\/uploads\/2022\/05\/Cavex-Alginate-Container-blue-2200x1542.jpg",2200,1542,true],"xxxl":["https:\/\/ident.md\/wp-content\/uploads\/2022\/05\/Cavex-Alginate-Container-blue-2800x1963.jpg",2800,1963,true],"xxxxl":["https:\/\/ident.md\/wp-content\/uploads\/2022\/05\/Cavex-Alginate-Container-blue-scaled.jpg",2560,1795,false],"xxxxxl":["https:\/\/ident.md\/wp-content\/uploads\/2022\/05\/Cavex-Alginate-Container-blue-scaled.jpg",2560,1795,false],"1536x1536":["https:\/\/ident.md\/wp-content\/uploads\/2022\/05\/Cavex-Alginate-Container-blue-1536x1077.jpg",1536,1077,true],"2048x2048":["https:\/\/ident.md\/wp-content\/uploads\/2022\/05\/Cavex-Alginate-Container-blue-2048x1436.jpg",2048,1436,true],"woocommerce_thumbnail":["https:\/\/ident.md\/wp-content\/uploads\/2022\/05\/Cavex-Alginate-Container-blue-300x300.jpg",300,300,true],"woocommerce_single":["https:\/\/ident.md\/wp-content\/uploads\/2022\/05\/Cavex-Alginate-Container-blue-600x421.jpg",600,421,true],"woocommerce_gallery_thumbnail":["https:\/\/ident.md\/wp-content\/uploads\/2022\/05\/Cavex-Alginate-Container-blue-100x100.jpg",100,100,true]},"uagb_author_info":{"display_name":"admin","author_link":"https:\/\/ident.md\/ru\/author\/"},"uagb_comment_info":0,"uagb_excerpt":"Diferi\u021bi factori externi pot influen\u021ba calitatea amprentelor de alginat. Aceasta include temperatura apei, raportul de amestecare, tehnica de amestecare \u0219i condi\u021biile de depozitare. Cavex a dezvoltat diverse accesorii de alginat pentru a optimiza \u0219i standardiza ace\u0219ti factori externi. Cu accesoriile noastre de alginat, v\u0103 pute\u021bi baza \u00eentotdeauna pe o amprent\u0103 perfect\u0103 de alginat.","brands":[{"id":453,"name":"Cavex","slug":"cavex"}],"_links":{"self":[{"href":"https:\/\/ident.md\/ru\/wp-json\/wp\/v2\/product\/7060","targetHints":{"allow":["GET"]}}],"collection":[{"href":"https:\/\/ident.md\/ru\/wp-json\/wp\/v2\/product"}],"about":[{"href":"https:\/\/ident.md\/ru\/wp-json\/wp\/v2\/types\/product"}],"wp:featuredmedia":[{"embeddable":true,"href":"https:\/\/ident.md\/ru\/wp-json\/wp\/v2\/media\/7064"}],"wp:attachment":[{"href":"https:\/\/ident.md\/ru\/wp-json\/wp\/v2\/media?parent=7060"}],"wp:term":[{"taxonomy":"pwb-brand","embeddable":true,"href":"https:\/\/ident.md\/ru\/wp-json\/wp\/v2\/pwb-brand?post=7060"},{"taxonomy":"product_brand","embeddable":true,"href":"https:\/\/ident.md\/ru\/wp-json\/wp\/v2\/product_brand?post=7060"},{"taxonomy":"product_cat","embeddable":true,"href":"https:\/\/ident.md\/ru\/wp-json\/wp\/v2\/product_cat?post=7060"},{"taxonomy":"product_tag","embeddable":true,"href":"https:\/\/ident.md\/ru\/wp-json\/wp\/v2\/product_tag?post=7060"}],"curies":[{"name":"wp","href":"https:\/\/api.w.org\/{rel}","templated":true}]}}