{"id":7015,"date":"2022-05-30T09:54:36","date_gmt":"2022-05-30T06:54:36","guid":{"rendered":"https:\/\/ident.md\/?post_type=product&#038;p=7015"},"modified":"2022-05-30T09:54:37","modified_gmt":"2022-05-30T06:54:37","slug":"cavex-scanspray","status":"publish","type":"product","link":"https:\/\/ident.md\/ru\/product\/cavex-scanspray\/","title":{"rendered":"CAVEX SCANSPRAY"},"content":{"rendered":"<p><strong><span style=\"color: #333399;\">Cavex<\/span> ScanSpray<\/strong> a fost dezvoltat pentru a optimiza capacitatea de scanare a amprentelor de alginat. Ad\u0103ugarea de dioxid de titan permite chiar \u0219i cele mai mici detalii s\u0103 fie scanate clar. Acest spray pe baz\u0103 de pulbere este potrivit pentru orice tip de material de amprent\u0103 dentar\u0103.<\/p>\n<p>Aplica\u021bi un strat sub\u021bire de <strong><span style=\"color: #333399;\">Cavex<\/span> ScanSpray<\/strong> pe amprent\u0103 pentru a \u00eembun\u0103t\u0103\u021bi un model digital foarte elaborat \u0219i detaliat al amprentei dentare.<\/p>\n","protected":false},"excerpt":{"rendered":"<h4>CARACTERISTICI<\/h4>\n<ul>\n<li>Modele de amprente digitale foarte bine elaborate \u0219i detaliate<\/li>\n<li>Compatibil cu toate tipurile de materiale de amprent\u0103 dentar\u0103<\/li>\n<li>Pe baz\u0103 de pudr\u0103 \u00een loc de ulei<\/li>\n<\/ul>\n","protected":false},"featured_media":7016,"template":"","meta":{"inline_featured_image":false,"_uag_custom_page_level_css":"","editor_plus_copied_stylings":"{}","_kad_post_transparent":"default","_kad_post_title":"","_kad_post_layout":"default","_kad_post_sidebar_id":"","_kad_post_content_style":"default","_kad_post_vertical_padding":"default","_kad_post_feature":"","_kad_post_feature_position":"","_kad_post_header":false,"_kad_post_footer":false},"pwb-brand":[453],"product_brand":[],"product_cat":[460,474],"product_tag":[462,483,484],"class_list":{"0":"post-7015","1":"product","2":"type-product","3":"status-publish","4":"has-post-thumbnail","6":"pwb-brand-cavex","7":"product_cat-cavex-laborator","8":"product_cat-cavex-2","9":"product_tag-cavex","10":"product_tag-scan","11":"product_tag-spray","13":"first","14":"instock","15":"shipping-taxable","16":"product-type-simple","17":"entry","18":"content-bg","19":"loop-entry"},"featured_image_urls_v2":{"full":["https:\/\/ident.md\/wp-content\/uploads\/2022\/05\/Cavex-ScanSpray.jpg",1567,2428,false],"thumbnail":["https:\/\/ident.md\/wp-content\/uploads\/2022\/05\/Cavex-ScanSpray-150x150.jpg",150,150,true],"medium":["https:\/\/ident.md\/wp-content\/uploads\/2022\/05\/Cavex-ScanSpray-194x300.jpg",194,300,true],"medium_large":["https:\/\/ident.md\/wp-content\/uploads\/2022\/05\/Cavex-ScanSpray-768x1190.jpg",768,1190,true],"large":["https:\/\/ident.md\/wp-content\/uploads\/2022\/05\/Cavex-ScanSpray-661x1024.jpg",661,1024,true],"gs-tiny":["https:\/\/ident.md\/wp-content\/uploads\/2022\/05\/Cavex-ScanSpray.jpg",50,77,false],"xl":["https:\/\/ident.md\/wp-content\/uploads\/2022\/05\/Cavex-ScanSpray.jpg",1567,2428,false],"xxl":["https:\/\/ident.md\/wp-content\/uploads\/2022\/05\/Cavex-ScanSpray.jpg",1567,2428,false],"xxxl":["https:\/\/ident.md\/wp-content\/uploads\/2022\/05\/Cavex-ScanSpray.jpg",1567,2428,false],"xxxxl":["https:\/\/ident.md\/wp-content\/uploads\/2022\/05\/Cavex-ScanSpray.jpg",1567,2428,false],"xxxxxl":["https:\/\/ident.md\/wp-content\/uploads\/2022\/05\/Cavex-ScanSpray.jpg",1567,2428,false],"1536x1536":["https:\/\/ident.md\/wp-content\/uploads\/2022\/05\/Cavex-ScanSpray-991x1536.jpg",991,1536,true],"2048x2048":["https:\/\/ident.md\/wp-content\/uploads\/2022\/05\/Cavex-ScanSpray-1322x2048.jpg",1322,2048,true],"woocommerce_thumbnail":["https:\/\/ident.md\/wp-content\/uploads\/2022\/05\/Cavex-ScanSpray-300x300.jpg",300,300,true],"woocommerce_single":["https:\/\/ident.md\/wp-content\/uploads\/2022\/05\/Cavex-ScanSpray-600x930.jpg",600,930,true],"woocommerce_gallery_thumbnail":["https:\/\/ident.md\/wp-content\/uploads\/2022\/05\/Cavex-ScanSpray-100x100.jpg",100,100,true]},"post_excerpt_stackable_v2":"<h4>CARACTERISTICI<\/h4>\n<ul>\n<li>Modele de amprente digitale foarte bine elaborate \u0219i detaliate<\/li>\n<li>Compatibil cu toate tipurile de materiale de amprent\u0103 dentar\u0103<\/li>\n<li>Pe baz\u0103 de pudr\u0103 \u00een loc de ulei<\/li>\n<\/ul>\n","category_list_v2":"","author_info_v2":{"name":"","url":""},"comments_num_v2":"0 \u043a\u043e\u043c\u043c\u0435\u043d\u0442\u0430\u0440\u0438\u0435\u0432","yoast_head":"<!-- This site is optimized with the Yoast SEO plugin v25.8 - https:\/\/yoast.com\/wordpress\/plugins\/seo\/ -->\n<title>CAVEX SCANSPRAY | iDent.md<\/title>\n<meta name=\"description\" content=\"Cavex ScanSpray a fost dezvoltat pentru a optimiza capacitatea de scanare a amprentelor de alginat. Ad\u0103ugarea de dioxid de titan permite chiar \u0219i cele mai mici detalii s\u0103 fie scanate clar. Acest spray pe baz\u0103 de pulbere este potrivit pentru orice tip de material de amprent\u0103 dentar\u0103.\" \/>\n<meta name=\"robots\" content=\"index, follow, max-snippet:-1, max-image-preview:large, max-video-preview:-1\" \/>\n<link rel=\"canonical\" href=\"https:\/\/ident.md\/ru\/product\/cavex-scanspray\/\" \/>\n<meta property=\"og:locale\" content=\"ru_RU\" \/>\n<meta property=\"og:type\" content=\"article\" \/>\n<meta property=\"og:title\" content=\"CAVEX SCANSPRAY | iDent.md\" \/>\n<meta property=\"og:description\" content=\"Cavex ScanSpray a fost dezvoltat pentru a optimiza capacitatea de scanare a amprentelor de alginat. Ad\u0103ugarea de dioxid de titan permite chiar \u0219i cele mai mici detalii s\u0103 fie scanate clar. Acest spray pe baz\u0103 de pulbere este potrivit pentru orice tip de material de amprent\u0103 dentar\u0103.\" \/>\n<meta property=\"og:url\" content=\"https:\/\/ident.md\/ru\/product\/cavex-scanspray\/\" \/>\n<meta property=\"og:site_name\" content=\"iDent.md\" \/>\n<meta property=\"article:modified_time\" content=\"2022-05-30T06:54:37+00:00\" \/>\n<meta property=\"og:image\" content=\"https:\/\/ident.md\/wp-content\/uploads\/2022\/05\/Cavex-ScanSpray.jpg\" \/>\n\t<meta property=\"og:image:width\" content=\"1567\" \/>\n\t<meta property=\"og:image:height\" content=\"2428\" \/>\n\t<meta property=\"og:image:type\" content=\"image\/jpeg\" \/>\n<meta name=\"twitter:card\" content=\"summary_large_image\" \/>\n<meta name=\"twitter:label1\" content=\"\u041f\u0440\u0438\u043c\u0435\u0440\u043d\u043e\u0435 \u0432\u0440\u0435\u043c\u044f \u0434\u043b\u044f \u0447\u0442\u0435\u043d\u0438\u044f\" \/>\n\t<meta name=\"twitter:data1\" content=\"1 \u043c\u0438\u043d\u0443\u0442\u0430\" \/>\n<script type=\"application\/ld+json\" class=\"yoast-schema-graph\">{\"@context\":\"https:\/\/schema.org\",\"@graph\":[{\"@type\":\"WebPage\",\"@id\":\"https:\/\/ident.md\/ru\/product\/cavex-scanspray\/\",\"url\":\"https:\/\/ident.md\/ru\/product\/cavex-scanspray\/\",\"name\":\"CAVEX SCANSPRAY | iDent.md\",\"isPartOf\":{\"@id\":\"https:\/\/ident.md\/ru\/#website\"},\"primaryImageOfPage\":{\"@id\":\"https:\/\/ident.md\/ru\/product\/cavex-scanspray\/#primaryimage\"},\"image\":{\"@id\":\"https:\/\/ident.md\/ru\/product\/cavex-scanspray\/#primaryimage\"},\"thumbnailUrl\":\"https:\/\/ident.md\/wp-content\/uploads\/2022\/05\/Cavex-ScanSpray.jpg\",\"datePublished\":\"2022-05-30T06:54:36+00:00\",\"dateModified\":\"2022-05-30T06:54:37+00:00\",\"description\":\"Cavex ScanSpray a fost dezvoltat pentru a optimiza capacitatea de scanare a amprentelor de alginat. Ad\u0103ugarea de dioxid de titan permite chiar \u0219i cele mai mici detalii s\u0103 fie scanate clar. Acest spray pe baz\u0103 de pulbere este potrivit pentru orice tip de material de amprent\u0103 dentar\u0103.\",\"breadcrumb\":{\"@id\":\"https:\/\/ident.md\/ru\/product\/cavex-scanspray\/#breadcrumb\"},\"inLanguage\":\"ru-RU\",\"potentialAction\":[{\"@type\":\"ReadAction\",\"target\":[\"https:\/\/ident.md\/ru\/product\/cavex-scanspray\/\"]}]},{\"@type\":\"ImageObject\",\"inLanguage\":\"ru-RU\",\"@id\":\"https:\/\/ident.md\/ru\/product\/cavex-scanspray\/#primaryimage\",\"url\":\"https:\/\/ident.md\/wp-content\/uploads\/2022\/05\/Cavex-ScanSpray.jpg\",\"contentUrl\":\"https:\/\/ident.md\/wp-content\/uploads\/2022\/05\/Cavex-ScanSpray.jpg\",\"width\":1567,\"height\":2428},{\"@type\":\"BreadcrumbList\",\"@id\":\"https:\/\/ident.md\/ru\/product\/cavex-scanspray\/#breadcrumb\",\"itemListElement\":[{\"@type\":\"ListItem\",\"position\":1,\"name\":\"Prima pagin\u0103\",\"item\":\"https:\/\/ident.md\/ru\/\"},{\"@type\":\"ListItem\",\"position\":2,\"name\":\"\u041a\u0430\u0442\u0430\u043b\u043e\u0433 \u0442\u043e\u0432\u0430\u0440\u043e\u0432\",\"item\":\"https:\/\/ident.md\/catalog\/\"},{\"@type\":\"ListItem\",\"position\":3,\"name\":\"CAVEX SCANSPRAY\"}]},{\"@type\":\"WebSite\",\"@id\":\"https:\/\/ident.md\/ru\/#website\",\"url\":\"https:\/\/ident.md\/ru\/\",\"name\":\"iDent.md\",\"description\":\"\",\"publisher\":{\"@id\":\"https:\/\/ident.md\/ru\/#organization\"},\"potentialAction\":[{\"@type\":\"SearchAction\",\"target\":{\"@type\":\"EntryPoint\",\"urlTemplate\":\"https:\/\/ident.md\/ru\/?s={search_term_string}\"},\"query-input\":{\"@type\":\"PropertyValueSpecification\",\"valueRequired\":true,\"valueName\":\"search_term_string\"}}],\"inLanguage\":\"ru-RU\"},{\"@type\":\"Organization\",\"@id\":\"https:\/\/ident.md\/ru\/#organization\",\"name\":\"\\\"3D CEPH\\\" SRL\",\"url\":\"https:\/\/ident.md\/ru\/\",\"logo\":{\"@type\":\"ImageObject\",\"inLanguage\":\"ru-RU\",\"@id\":\"https:\/\/ident.md\/ru\/#\/schema\/logo\/image\/\",\"url\":\"https:\/\/ident.md\/wp-content\/uploads\/2020\/11\/ident-logo-1.png\",\"contentUrl\":\"https:\/\/ident.md\/wp-content\/uploads\/2020\/11\/ident-logo-1.png\",\"width\":2320,\"height\":3096,\"caption\":\"\\\"3D CEPH\\\" SRL\"},\"image\":{\"@id\":\"https:\/\/ident.md\/ru\/#\/schema\/logo\/image\/\"}}]}<\/script>\n<!-- \/ Yoast SEO plugin. -->","yoast_head_json":{"title":"CAVEX SCANSPRAY | iDent.md","description":"Cavex ScanSpray a fost dezvoltat pentru a optimiza capacitatea de scanare a amprentelor de alginat. Ad\u0103ugarea de dioxid de titan permite chiar \u0219i cele mai mici detalii s\u0103 fie scanate clar. Acest spray pe baz\u0103 de pulbere este potrivit pentru orice tip de material de amprent\u0103 dentar\u0103.","robots":{"index":"index","follow":"follow","max-snippet":"max-snippet:-1","max-image-preview":"max-image-preview:large","max-video-preview":"max-video-preview:-1"},"canonical":"https:\/\/ident.md\/ru\/product\/cavex-scanspray\/","og_locale":"ru_RU","og_type":"article","og_title":"CAVEX SCANSPRAY | iDent.md","og_description":"Cavex ScanSpray a fost dezvoltat pentru a optimiza capacitatea de scanare a amprentelor de alginat. Ad\u0103ugarea de dioxid de titan permite chiar \u0219i cele mai mici detalii s\u0103 fie scanate clar. Acest spray pe baz\u0103 de pulbere este potrivit pentru orice tip de material de amprent\u0103 dentar\u0103.","og_url":"https:\/\/ident.md\/ru\/product\/cavex-scanspray\/","og_site_name":"iDent.md","article_modified_time":"2022-05-30T06:54:37+00:00","og_image":[{"width":1567,"height":2428,"url":"https:\/\/ident.md\/wp-content\/uploads\/2022\/05\/Cavex-ScanSpray.jpg","type":"image\/jpeg"}],"twitter_card":"summary_large_image","twitter_misc":{"\u041f\u0440\u0438\u043c\u0435\u0440\u043d\u043e\u0435 \u0432\u0440\u0435\u043c\u044f \u0434\u043b\u044f \u0447\u0442\u0435\u043d\u0438\u044f":"1 \u043c\u0438\u043d\u0443\u0442\u0430"},"schema":{"@context":"https:\/\/schema.org","@graph":[{"@type":"WebPage","@id":"https:\/\/ident.md\/ru\/product\/cavex-scanspray\/","url":"https:\/\/ident.md\/ru\/product\/cavex-scanspray\/","name":"CAVEX SCANSPRAY | iDent.md","isPartOf":{"@id":"https:\/\/ident.md\/ru\/#website"},"primaryImageOfPage":{"@id":"https:\/\/ident.md\/ru\/product\/cavex-scanspray\/#primaryimage"},"image":{"@id":"https:\/\/ident.md\/ru\/product\/cavex-scanspray\/#primaryimage"},"thumbnailUrl":"https:\/\/ident.md\/wp-content\/uploads\/2022\/05\/Cavex-ScanSpray.jpg","datePublished":"2022-05-30T06:54:36+00:00","dateModified":"2022-05-30T06:54:37+00:00","description":"Cavex ScanSpray a fost dezvoltat pentru a optimiza capacitatea de scanare a amprentelor de alginat. Ad\u0103ugarea de dioxid de titan permite chiar \u0219i cele mai mici detalii s\u0103 fie scanate clar. Acest spray pe baz\u0103 de pulbere este potrivit pentru orice tip de material de amprent\u0103 dentar\u0103.","breadcrumb":{"@id":"https:\/\/ident.md\/ru\/product\/cavex-scanspray\/#breadcrumb"},"inLanguage":"ru-RU","potentialAction":[{"@type":"ReadAction","target":["https:\/\/ident.md\/ru\/product\/cavex-scanspray\/"]}]},{"@type":"ImageObject","inLanguage":"ru-RU","@id":"https:\/\/ident.md\/ru\/product\/cavex-scanspray\/#primaryimage","url":"https:\/\/ident.md\/wp-content\/uploads\/2022\/05\/Cavex-ScanSpray.jpg","contentUrl":"https:\/\/ident.md\/wp-content\/uploads\/2022\/05\/Cavex-ScanSpray.jpg","width":1567,"height":2428},{"@type":"BreadcrumbList","@id":"https:\/\/ident.md\/ru\/product\/cavex-scanspray\/#breadcrumb","itemListElement":[{"@type":"ListItem","position":1,"name":"Prima pagin\u0103","item":"https:\/\/ident.md\/ru\/"},{"@type":"ListItem","position":2,"name":"\u041a\u0430\u0442\u0430\u043b\u043e\u0433 \u0442\u043e\u0432\u0430\u0440\u043e\u0432","item":"https:\/\/ident.md\/catalog\/"},{"@type":"ListItem","position":3,"name":"CAVEX SCANSPRAY"}]},{"@type":"WebSite","@id":"https:\/\/ident.md\/ru\/#website","url":"https:\/\/ident.md\/ru\/","name":"iDent.md","description":"","publisher":{"@id":"https:\/\/ident.md\/ru\/#organization"},"potentialAction":[{"@type":"SearchAction","target":{"@type":"EntryPoint","urlTemplate":"https:\/\/ident.md\/ru\/?s={search_term_string}"},"query-input":{"@type":"PropertyValueSpecification","valueRequired":true,"valueName":"search_term_string"}}],"inLanguage":"ru-RU"},{"@type":"Organization","@id":"https:\/\/ident.md\/ru\/#organization","name":"\"3D CEPH\" SRL","url":"https:\/\/ident.md\/ru\/","logo":{"@type":"ImageObject","inLanguage":"ru-RU","@id":"https:\/\/ident.md\/ru\/#\/schema\/logo\/image\/","url":"https:\/\/ident.md\/wp-content\/uploads\/2020\/11\/ident-logo-1.png","contentUrl":"https:\/\/ident.md\/wp-content\/uploads\/2020\/11\/ident-logo-1.png","width":2320,"height":3096,"caption":"\"3D CEPH\" SRL"},"image":{"@id":"https:\/\/ident.md\/ru\/#\/schema\/logo\/image\/"}}]}},"uagb_featured_image_src":{"full":["https:\/\/ident.md\/wp-content\/uploads\/2022\/05\/Cavex-ScanSpray.jpg",1567,2428,false],"thumbnail":["https:\/\/ident.md\/wp-content\/uploads\/2022\/05\/Cavex-ScanSpray-150x150.jpg",150,150,true],"medium":["https:\/\/ident.md\/wp-content\/uploads\/2022\/05\/Cavex-ScanSpray-194x300.jpg",194,300,true],"medium_large":["https:\/\/ident.md\/wp-content\/uploads\/2022\/05\/Cavex-ScanSpray-768x1190.jpg",768,1190,true],"large":["https:\/\/ident.md\/wp-content\/uploads\/2022\/05\/Cavex-ScanSpray-661x1024.jpg",661,1024,true],"gs-tiny":["https:\/\/ident.md\/wp-content\/uploads\/2022\/05\/Cavex-ScanSpray.jpg",50,77,false],"xl":["https:\/\/ident.md\/wp-content\/uploads\/2022\/05\/Cavex-ScanSpray.jpg",1567,2428,false],"xxl":["https:\/\/ident.md\/wp-content\/uploads\/2022\/05\/Cavex-ScanSpray.jpg",1567,2428,false],"xxxl":["https:\/\/ident.md\/wp-content\/uploads\/2022\/05\/Cavex-ScanSpray.jpg",1567,2428,false],"xxxxl":["https:\/\/ident.md\/wp-content\/uploads\/2022\/05\/Cavex-ScanSpray.jpg",1567,2428,false],"xxxxxl":["https:\/\/ident.md\/wp-content\/uploads\/2022\/05\/Cavex-ScanSpray.jpg",1567,2428,false],"1536x1536":["https:\/\/ident.md\/wp-content\/uploads\/2022\/05\/Cavex-ScanSpray-991x1536.jpg",991,1536,true],"2048x2048":["https:\/\/ident.md\/wp-content\/uploads\/2022\/05\/Cavex-ScanSpray-1322x2048.jpg",1322,2048,true],"woocommerce_thumbnail":["https:\/\/ident.md\/wp-content\/uploads\/2022\/05\/Cavex-ScanSpray-300x300.jpg",300,300,true],"woocommerce_single":["https:\/\/ident.md\/wp-content\/uploads\/2022\/05\/Cavex-ScanSpray-600x930.jpg",600,930,true],"woocommerce_gallery_thumbnail":["https:\/\/ident.md\/wp-content\/uploads\/2022\/05\/Cavex-ScanSpray-100x100.jpg",100,100,true]},"uagb_author_info":{"display_name":"admin","author_link":"https:\/\/ident.md\/ru\/author\/"},"uagb_comment_info":0,"uagb_excerpt":"CARACTERISTICI Modele de amprente digitale foarte bine elaborate \u0219i detaliate Compatibil cu toate tipurile de materiale de amprent\u0103 dentar\u0103 Pe baz\u0103 de pudr\u0103 \u00een loc de ulei","brands":[{"id":453,"name":"Cavex","slug":"cavex"}],"_links":{"self":[{"href":"https:\/\/ident.md\/ru\/wp-json\/wp\/v2\/product\/7015","targetHints":{"allow":["GET"]}}],"collection":[{"href":"https:\/\/ident.md\/ru\/wp-json\/wp\/v2\/product"}],"about":[{"href":"https:\/\/ident.md\/ru\/wp-json\/wp\/v2\/types\/product"}],"wp:featuredmedia":[{"embeddable":true,"href":"https:\/\/ident.md\/ru\/wp-json\/wp\/v2\/media\/7016"}],"wp:attachment":[{"href":"https:\/\/ident.md\/ru\/wp-json\/wp\/v2\/media?parent=7015"}],"wp:term":[{"taxonomy":"pwb-brand","embeddable":true,"href":"https:\/\/ident.md\/ru\/wp-json\/wp\/v2\/pwb-brand?post=7015"},{"taxonomy":"product_brand","embeddable":true,"href":"https:\/\/ident.md\/ru\/wp-json\/wp\/v2\/product_brand?post=7015"},{"taxonomy":"product_cat","embeddable":true,"href":"https:\/\/ident.md\/ru\/wp-json\/wp\/v2\/product_cat?post=7015"},{"taxonomy":"product_tag","embeddable":true,"href":"https:\/\/ident.md\/ru\/wp-json\/wp\/v2\/product_tag?post=7015"}],"curies":[{"name":"wp","href":"https:\/\/api.w.org\/{rel}","templated":true}]}}