{"id":6900,"date":"2022-05-24T10:16:10","date_gmt":"2022-05-24T07:16:10","guid":{"rendered":"https:\/\/ident.md\/?post_type=product&#038;p=6900"},"modified":"2022-05-24T10:16:10","modified_gmt":"2022-05-24T07:16:10","slug":"cavex-alginate-mixer-2","status":"publish","type":"product","link":"https:\/\/ident.md\/ru\/product\/cavex-alginate-mixer-2\/","title":{"rendered":"CAVEX ALGINATE MIXER II"},"content":{"rendered":"<p>\u00cembun\u0103t\u0103\u021bi\u021bi rezultatele amprentei cu alginat perfect amestecat la atingerea unui buton: Cavex Alginate Mixer II.<br \/>\nAmestecarea alginatului \u00eentr-o past\u0103 neted\u0103 necesit\u0103 mult\u0103 experien\u021b\u0103. Abilit\u0103\u021bile de amestecare ale utilizatorului influen\u021beaz\u0103 textura, consisten\u021ba \u0219i, prin urmare, calitatea amestecului de alginat. Alginatul amestecat mai pu\u021bin precis are ca rezultat amprente dentare mai pu\u021bin precise.<\/p>\n<p>Cavex Alginate Mixer II \u00eembun\u0103t\u0103\u021be\u0219te performan\u021ba amprentei dentare prin standardizarea procedurii de amestecare a alginatului \u0219i elimin\u00e2nd chiar \u0219i cele mai mici imperfec\u021biuni ocazionale. In consecin\u021b\u0103, profesioni\u0219tii din domeniul stomatologic sunt asigura\u021bi de un amestec neted si omogen, f\u0103r\u0103 cocoloase sau bule de aer.<br \/>\nDin c\u00e2nd \u00een c\u00e2nd.<\/p>\n<div style=\"width: 1200px;\" class=\"wp-video\"><!--[if lt IE 9]><script>document.createElement('video');<\/script><![endif]-->\n<video class=\"wp-video-shortcode\" id=\"video-6900-1\" width=\"1200\" height=\"675\" preload=\"metadata\" controls=\"controls\"><source type=\"video\/mp4\" src=\"https:\/\/ident.md\/wp-content\/uploads\/2022\/05\/Cavex-Alginate-Mechanical-Mixing-EN.mp4?_=1\" \/><a href=\"https:\/\/ident.md\/wp-content\/uploads\/2022\/05\/Cavex-Alginate-Mechanical-Mixing-EN.mp4\">https:\/\/ident.md\/wp-content\/uploads\/2022\/05\/Cavex-Alginate-Mechanical-Mixing-EN.mp4<\/a><\/video><\/div>\n","protected":false},"excerpt":{"rendered":"<p align=\"center\">El con\u021bine :<\/p>\n<ul>\n<li>\n<p align=\"left\">1x Cavex Alginate Mixer II<\/p>\n<\/li>\n<li>\n<p align=\"left\">10x 500 g :<\/p>\n<p align=\"left\">a)\u00a0Cavex Cream NS<\/p>\n<p align=\"left\">b)\u00a0Cavex CA37 NS<\/p>\n<p align=\"left\">c)\u00a0Cavex ColorChange<\/p>\n<\/li>\n<li>\n<p align=\"left\">4 Boluri de Amestecare<\/p>\n<\/li>\n<li>\n<p align=\"left\">1x Sticla de dozare a Apei<\/p>\n<\/li>\n<li>\n<p align=\"left\">Accesorii<\/p>\n<\/li>\n<li>\n<p align=\"left\">IFU<\/p>\n<\/li>\n<\/ul>\n","protected":false},"featured_media":6850,"template":"","meta":{"inline_featured_image":false,"_uag_custom_page_level_css":"","editor_plus_copied_stylings":"{}","_kad_post_transparent":"default","_kad_post_title":"","_kad_post_layout":"default","_kad_post_sidebar_id":"","_kad_post_content_style":"default","_kad_post_vertical_padding":"default","_kad_post_feature":"","_kad_post_feature_position":"","_kad_post_header":false,"_kad_post_footer":false},"pwb-brand":[453],"product_brand":[],"product_cat":[461],"product_tag":[464,462,463],"class_list":{"0":"post-6900","1":"product","2":"type-product","3":"status-publish","4":"has-post-thumbnail","6":"pwb-brand-cavex","7":"product_cat-cavex-alginate-mixer-2","8":"product_tag-alginate","9":"product_tag-cavex","10":"product_tag-mixer","12":"first","13":"instock","14":"shipping-taxable","15":"product-type-simple","16":"entry","17":"content-bg","18":"loop-entry"},"featured_image_urls_v2":{"full":["https:\/\/ident.md\/wp-content\/uploads\/2022\/05\/Cavex-Alginate-Mixer-II-scaled.jpg",2560,1524,false],"thumbnail":["https:\/\/ident.md\/wp-content\/uploads\/2022\/05\/Cavex-Alginate-Mixer-II-150x150.jpg",150,150,true],"medium":["https:\/\/ident.md\/wp-content\/uploads\/2022\/05\/Cavex-Alginate-Mixer-II-300x179.jpg",300,179,true],"medium_large":["https:\/\/ident.md\/wp-content\/uploads\/2022\/05\/Cavex-Alginate-Mixer-II-768x457.jpg",768,457,true],"large":["https:\/\/ident.md\/wp-content\/uploads\/2022\/05\/Cavex-Alginate-Mixer-II-1024x610.jpg",1024,610,true],"gs-tiny":["https:\/\/ident.md\/wp-content\/uploads\/2022\/05\/Cavex-Alginate-Mixer-II-scaled.jpg",50,30,false],"xl":["https:\/\/ident.md\/wp-content\/uploads\/2022\/05\/Cavex-Alginate-Mixer-II-1600x952.jpg",1600,952,true],"xxl":["https:\/\/ident.md\/wp-content\/uploads\/2022\/05\/Cavex-Alginate-Mixer-II-2200x1310.jpg",2200,1310,true],"xxxl":["https:\/\/ident.md\/wp-content\/uploads\/2022\/05\/Cavex-Alginate-Mixer-II-2800x1667.jpg",2800,1667,true],"xxxxl":["https:\/\/ident.md\/wp-content\/uploads\/2022\/05\/Cavex-Alginate-Mixer-II-3400x2024.jpg",3400,2024,true],"xxxxxl":["https:\/\/ident.md\/wp-content\/uploads\/2022\/05\/Cavex-Alginate-Mixer-II-4000x2381.jpg",4000,2381,true],"1536x1536":["https:\/\/ident.md\/wp-content\/uploads\/2022\/05\/Cavex-Alginate-Mixer-II-1536x914.jpg",1536,914,true],"2048x2048":["https:\/\/ident.md\/wp-content\/uploads\/2022\/05\/Cavex-Alginate-Mixer-II-2048x1219.jpg",2048,1219,true],"woocommerce_thumbnail":["https:\/\/ident.md\/wp-content\/uploads\/2022\/05\/Cavex-Alginate-Mixer-II-300x300.jpg",300,300,true],"woocommerce_single":["https:\/\/ident.md\/wp-content\/uploads\/2022\/05\/Cavex-Alginate-Mixer-II-600x357.jpg",600,357,true],"woocommerce_gallery_thumbnail":["https:\/\/ident.md\/wp-content\/uploads\/2022\/05\/Cavex-Alginate-Mixer-II-100x100.jpg",100,100,true]},"post_excerpt_stackable_v2":"<p align=\"center\">El con\u021bine :<\/p>\n<ul>\n<li>\n<p align=\"left\">1x Cavex Alginate Mixer II<\/p>\n<\/li>\n<li>\n<p align=\"left\">10x 500 g :<\/p>\n<p align=\"left\">a)\u00a0Cavex Cream NS<\/p>\n<p align=\"left\">b)\u00a0Cavex CA37 NS<\/p>\n<p align=\"left\">c)\u00a0Cavex ColorChange<\/p>\n<\/li>\n<li>\n<p align=\"left\">4 Boluri de Amestecare<\/p>\n<\/li>\n<li>\n<p align=\"left\">1x Sticla de dozare a Apei<\/p>\n<\/li>\n<li>\n<p align=\"left\">Accesorii<\/p>\n<\/li>\n<li>\n<p align=\"left\">IFU<\/p>\n<\/li>\n<\/ul>\n","category_list_v2":"","author_info_v2":{"name":"","url":""},"comments_num_v2":"0 \u043a\u043e\u043c\u043c\u0435\u043d\u0442\u0430\u0440\u0438\u0435\u0432","yoast_head":"<!-- This site is optimized with the Yoast SEO plugin v25.8 - https:\/\/yoast.com\/wordpress\/plugins\/seo\/ -->\n<title>CAVEX ALGINATE MIXER II | iDent.md<\/title>\n<meta name=\"description\" content=\"Cavex Alginate Mixer II \u00eembun\u0103t\u0103\u021be\u0219te performan\u021ba amprentei dentare prin standardizarea procedurii de amestecare a alginatului \u0219i elimin\u00e2nd chiar \u0219i cele mai mici imperfec\u021biuni ocazionale. In consecin\u021ba, profesioni\u0219tii din domeniul stomatologic sunt asigura\u021bi de un amestec neted si omogen, f\u0103r\u0103 cocoloa\u0219e sau bule de aer. Din c\u00e2nd \u00een c\u00e2nd\" \/>\n<meta name=\"robots\" content=\"index, follow, max-snippet:-1, max-image-preview:large, max-video-preview:-1\" \/>\n<link rel=\"canonical\" href=\"https:\/\/ident.md\/ru\/product\/cavex-alginate-mixer-2\/\" \/>\n<meta property=\"og:locale\" content=\"ru_RU\" \/>\n<meta property=\"og:type\" content=\"article\" \/>\n<meta property=\"og:title\" content=\"CAVEX ALGINATE MIXER II | iDent.md\" \/>\n<meta property=\"og:description\" content=\"Cavex Alginate Mixer II \u00eembun\u0103t\u0103\u021be\u0219te performan\u021ba amprentei dentare prin standardizarea procedurii de amestecare a alginatului \u0219i elimin\u00e2nd chiar \u0219i cele mai mici imperfec\u021biuni ocazionale. In consecin\u021ba, profesioni\u0219tii din domeniul stomatologic sunt asigura\u021bi de un amestec neted si omogen, f\u0103r\u0103 cocoloa\u0219e sau bule de aer. Din c\u00e2nd \u00een c\u00e2nd\" \/>\n<meta property=\"og:url\" content=\"https:\/\/ident.md\/ru\/product\/cavex-alginate-mixer-2\/\" \/>\n<meta property=\"og:site_name\" content=\"iDent.md\" \/>\n<meta property=\"og:image\" content=\"https:\/\/ident.md\/wp-content\/uploads\/2022\/05\/Cavex-Alginate-Mixer-II-scaled.jpg\" \/>\n\t<meta property=\"og:image:width\" content=\"2560\" \/>\n\t<meta property=\"og:image:height\" content=\"1524\" \/>\n\t<meta property=\"og:image:type\" content=\"image\/jpeg\" \/>\n<meta name=\"twitter:card\" content=\"summary_large_image\" \/>\n<meta name=\"twitter:label1\" content=\"\u041f\u0440\u0438\u043c\u0435\u0440\u043d\u043e\u0435 \u0432\u0440\u0435\u043c\u044f \u0434\u043b\u044f \u0447\u0442\u0435\u043d\u0438\u044f\" \/>\n\t<meta name=\"twitter:data1\" content=\"1 \u043c\u0438\u043d\u0443\u0442\u0430\" \/>\n<script type=\"application\/ld+json\" class=\"yoast-schema-graph\">{\"@context\":\"https:\/\/schema.org\",\"@graph\":[{\"@type\":\"WebPage\",\"@id\":\"https:\/\/ident.md\/ru\/product\/cavex-alginate-mixer-2\/\",\"url\":\"https:\/\/ident.md\/ru\/product\/cavex-alginate-mixer-2\/\",\"name\":\"CAVEX ALGINATE MIXER II | iDent.md\",\"isPartOf\":{\"@id\":\"https:\/\/ident.md\/ru\/#website\"},\"primaryImageOfPage\":{\"@id\":\"https:\/\/ident.md\/ru\/product\/cavex-alginate-mixer-2\/#primaryimage\"},\"image\":{\"@id\":\"https:\/\/ident.md\/ru\/product\/cavex-alginate-mixer-2\/#primaryimage\"},\"thumbnailUrl\":\"https:\/\/ident.md\/wp-content\/uploads\/2022\/05\/Cavex-Alginate-Mixer-II-scaled.jpg\",\"datePublished\":\"2022-05-24T07:16:10+00:00\",\"description\":\"Cavex Alginate Mixer II \u00eembun\u0103t\u0103\u021be\u0219te performan\u021ba amprentei dentare prin standardizarea procedurii de amestecare a alginatului \u0219i elimin\u00e2nd chiar \u0219i cele mai mici imperfec\u021biuni ocazionale. In consecin\u021ba, profesioni\u0219tii din domeniul stomatologic sunt asigura\u021bi de un amestec neted si omogen, f\u0103r\u0103 cocoloa\u0219e sau bule de aer. Din c\u00e2nd \u00een c\u00e2nd\",\"breadcrumb\":{\"@id\":\"https:\/\/ident.md\/ru\/product\/cavex-alginate-mixer-2\/#breadcrumb\"},\"inLanguage\":\"ru-RU\",\"potentialAction\":[{\"@type\":\"ReadAction\",\"target\":[\"https:\/\/ident.md\/ru\/product\/cavex-alginate-mixer-2\/\"]}]},{\"@type\":\"ImageObject\",\"inLanguage\":\"ru-RU\",\"@id\":\"https:\/\/ident.md\/ru\/product\/cavex-alginate-mixer-2\/#primaryimage\",\"url\":\"https:\/\/ident.md\/wp-content\/uploads\/2022\/05\/Cavex-Alginate-Mixer-II-scaled.jpg\",\"contentUrl\":\"https:\/\/ident.md\/wp-content\/uploads\/2022\/05\/Cavex-Alginate-Mixer-II-scaled.jpg\",\"width\":2560,\"height\":1524},{\"@type\":\"BreadcrumbList\",\"@id\":\"https:\/\/ident.md\/ru\/product\/cavex-alginate-mixer-2\/#breadcrumb\",\"itemListElement\":[{\"@type\":\"ListItem\",\"position\":1,\"name\":\"Prima pagin\u0103\",\"item\":\"https:\/\/ident.md\/ru\/\"},{\"@type\":\"ListItem\",\"position\":2,\"name\":\"\u041a\u0430\u0442\u0430\u043b\u043e\u0433 \u0442\u043e\u0432\u0430\u0440\u043e\u0432\",\"item\":\"https:\/\/ident.md\/catalog\/\"},{\"@type\":\"ListItem\",\"position\":3,\"name\":\"CAVEX ALGINATE MIXER II\"}]},{\"@type\":\"WebSite\",\"@id\":\"https:\/\/ident.md\/ru\/#website\",\"url\":\"https:\/\/ident.md\/ru\/\",\"name\":\"iDent.md\",\"description\":\"\",\"publisher\":{\"@id\":\"https:\/\/ident.md\/ru\/#organization\"},\"potentialAction\":[{\"@type\":\"SearchAction\",\"target\":{\"@type\":\"EntryPoint\",\"urlTemplate\":\"https:\/\/ident.md\/ru\/?s={search_term_string}\"},\"query-input\":{\"@type\":\"PropertyValueSpecification\",\"valueRequired\":true,\"valueName\":\"search_term_string\"}}],\"inLanguage\":\"ru-RU\"},{\"@type\":\"Organization\",\"@id\":\"https:\/\/ident.md\/ru\/#organization\",\"name\":\"\\\"3D CEPH\\\" SRL\",\"url\":\"https:\/\/ident.md\/ru\/\",\"logo\":{\"@type\":\"ImageObject\",\"inLanguage\":\"ru-RU\",\"@id\":\"https:\/\/ident.md\/ru\/#\/schema\/logo\/image\/\",\"url\":\"https:\/\/ident.md\/wp-content\/uploads\/2020\/11\/ident-logo-1.png\",\"contentUrl\":\"https:\/\/ident.md\/wp-content\/uploads\/2020\/11\/ident-logo-1.png\",\"width\":2320,\"height\":3096,\"caption\":\"\\\"3D CEPH\\\" SRL\"},\"image\":{\"@id\":\"https:\/\/ident.md\/ru\/#\/schema\/logo\/image\/\"}}]}<\/script>\n<!-- \/ Yoast SEO plugin. -->","yoast_head_json":{"title":"CAVEX ALGINATE MIXER II | iDent.md","description":"Cavex Alginate Mixer II \u00eembun\u0103t\u0103\u021be\u0219te performan\u021ba amprentei dentare prin standardizarea procedurii de amestecare a alginatului \u0219i elimin\u00e2nd chiar \u0219i cele mai mici imperfec\u021biuni ocazionale. In consecin\u021ba, profesioni\u0219tii din domeniul stomatologic sunt asigura\u021bi de un amestec neted si omogen, f\u0103r\u0103 cocoloa\u0219e sau bule de aer. Din c\u00e2nd \u00een c\u00e2nd","robots":{"index":"index","follow":"follow","max-snippet":"max-snippet:-1","max-image-preview":"max-image-preview:large","max-video-preview":"max-video-preview:-1"},"canonical":"https:\/\/ident.md\/ru\/product\/cavex-alginate-mixer-2\/","og_locale":"ru_RU","og_type":"article","og_title":"CAVEX ALGINATE MIXER II | iDent.md","og_description":"Cavex Alginate Mixer II \u00eembun\u0103t\u0103\u021be\u0219te performan\u021ba amprentei dentare prin standardizarea procedurii de amestecare a alginatului \u0219i elimin\u00e2nd chiar \u0219i cele mai mici imperfec\u021biuni ocazionale. In consecin\u021ba, profesioni\u0219tii din domeniul stomatologic sunt asigura\u021bi de un amestec neted si omogen, f\u0103r\u0103 cocoloa\u0219e sau bule de aer. Din c\u00e2nd \u00een c\u00e2nd","og_url":"https:\/\/ident.md\/ru\/product\/cavex-alginate-mixer-2\/","og_site_name":"iDent.md","og_image":[{"width":2560,"height":1524,"url":"https:\/\/ident.md\/wp-content\/uploads\/2022\/05\/Cavex-Alginate-Mixer-II-scaled.jpg","type":"image\/jpeg"}],"twitter_card":"summary_large_image","twitter_misc":{"\u041f\u0440\u0438\u043c\u0435\u0440\u043d\u043e\u0435 \u0432\u0440\u0435\u043c\u044f \u0434\u043b\u044f \u0447\u0442\u0435\u043d\u0438\u044f":"1 \u043c\u0438\u043d\u0443\u0442\u0430"},"schema":{"@context":"https:\/\/schema.org","@graph":[{"@type":"WebPage","@id":"https:\/\/ident.md\/ru\/product\/cavex-alginate-mixer-2\/","url":"https:\/\/ident.md\/ru\/product\/cavex-alginate-mixer-2\/","name":"CAVEX ALGINATE MIXER II | iDent.md","isPartOf":{"@id":"https:\/\/ident.md\/ru\/#website"},"primaryImageOfPage":{"@id":"https:\/\/ident.md\/ru\/product\/cavex-alginate-mixer-2\/#primaryimage"},"image":{"@id":"https:\/\/ident.md\/ru\/product\/cavex-alginate-mixer-2\/#primaryimage"},"thumbnailUrl":"https:\/\/ident.md\/wp-content\/uploads\/2022\/05\/Cavex-Alginate-Mixer-II-scaled.jpg","datePublished":"2022-05-24T07:16:10+00:00","description":"Cavex Alginate Mixer II \u00eembun\u0103t\u0103\u021be\u0219te performan\u021ba amprentei dentare prin standardizarea procedurii de amestecare a alginatului \u0219i elimin\u00e2nd chiar \u0219i cele mai mici imperfec\u021biuni ocazionale. In consecin\u021ba, profesioni\u0219tii din domeniul stomatologic sunt asigura\u021bi de un amestec neted si omogen, f\u0103r\u0103 cocoloa\u0219e sau bule de aer. Din c\u00e2nd \u00een c\u00e2nd","breadcrumb":{"@id":"https:\/\/ident.md\/ru\/product\/cavex-alginate-mixer-2\/#breadcrumb"},"inLanguage":"ru-RU","potentialAction":[{"@type":"ReadAction","target":["https:\/\/ident.md\/ru\/product\/cavex-alginate-mixer-2\/"]}]},{"@type":"ImageObject","inLanguage":"ru-RU","@id":"https:\/\/ident.md\/ru\/product\/cavex-alginate-mixer-2\/#primaryimage","url":"https:\/\/ident.md\/wp-content\/uploads\/2022\/05\/Cavex-Alginate-Mixer-II-scaled.jpg","contentUrl":"https:\/\/ident.md\/wp-content\/uploads\/2022\/05\/Cavex-Alginate-Mixer-II-scaled.jpg","width":2560,"height":1524},{"@type":"BreadcrumbList","@id":"https:\/\/ident.md\/ru\/product\/cavex-alginate-mixer-2\/#breadcrumb","itemListElement":[{"@type":"ListItem","position":1,"name":"Prima pagin\u0103","item":"https:\/\/ident.md\/ru\/"},{"@type":"ListItem","position":2,"name":"\u041a\u0430\u0442\u0430\u043b\u043e\u0433 \u0442\u043e\u0432\u0430\u0440\u043e\u0432","item":"https:\/\/ident.md\/catalog\/"},{"@type":"ListItem","position":3,"name":"CAVEX ALGINATE MIXER II"}]},{"@type":"WebSite","@id":"https:\/\/ident.md\/ru\/#website","url":"https:\/\/ident.md\/ru\/","name":"iDent.md","description":"","publisher":{"@id":"https:\/\/ident.md\/ru\/#organization"},"potentialAction":[{"@type":"SearchAction","target":{"@type":"EntryPoint","urlTemplate":"https:\/\/ident.md\/ru\/?s={search_term_string}"},"query-input":{"@type":"PropertyValueSpecification","valueRequired":true,"valueName":"search_term_string"}}],"inLanguage":"ru-RU"},{"@type":"Organization","@id":"https:\/\/ident.md\/ru\/#organization","name":"\"3D CEPH\" SRL","url":"https:\/\/ident.md\/ru\/","logo":{"@type":"ImageObject","inLanguage":"ru-RU","@id":"https:\/\/ident.md\/ru\/#\/schema\/logo\/image\/","url":"https:\/\/ident.md\/wp-content\/uploads\/2020\/11\/ident-logo-1.png","contentUrl":"https:\/\/ident.md\/wp-content\/uploads\/2020\/11\/ident-logo-1.png","width":2320,"height":3096,"caption":"\"3D CEPH\" SRL"},"image":{"@id":"https:\/\/ident.md\/ru\/#\/schema\/logo\/image\/"}}]}},"uagb_featured_image_src":{"full":["https:\/\/ident.md\/wp-content\/uploads\/2022\/05\/Cavex-Alginate-Mixer-II-scaled.jpg",2560,1524,false],"thumbnail":["https:\/\/ident.md\/wp-content\/uploads\/2022\/05\/Cavex-Alginate-Mixer-II-150x150.jpg",150,150,true],"medium":["https:\/\/ident.md\/wp-content\/uploads\/2022\/05\/Cavex-Alginate-Mixer-II-300x179.jpg",300,179,true],"medium_large":["https:\/\/ident.md\/wp-content\/uploads\/2022\/05\/Cavex-Alginate-Mixer-II-768x457.jpg",768,457,true],"large":["https:\/\/ident.md\/wp-content\/uploads\/2022\/05\/Cavex-Alginate-Mixer-II-1024x610.jpg",1024,610,true],"gs-tiny":["https:\/\/ident.md\/wp-content\/uploads\/2022\/05\/Cavex-Alginate-Mixer-II-scaled.jpg",50,30,false],"xl":["https:\/\/ident.md\/wp-content\/uploads\/2022\/05\/Cavex-Alginate-Mixer-II-1600x952.jpg",1600,952,true],"xxl":["https:\/\/ident.md\/wp-content\/uploads\/2022\/05\/Cavex-Alginate-Mixer-II-2200x1310.jpg",2200,1310,true],"xxxl":["https:\/\/ident.md\/wp-content\/uploads\/2022\/05\/Cavex-Alginate-Mixer-II-2800x1667.jpg",2800,1667,true],"xxxxl":["https:\/\/ident.md\/wp-content\/uploads\/2022\/05\/Cavex-Alginate-Mixer-II-3400x2024.jpg",3400,2024,true],"xxxxxl":["https:\/\/ident.md\/wp-content\/uploads\/2022\/05\/Cavex-Alginate-Mixer-II-4000x2381.jpg",4000,2381,true],"1536x1536":["https:\/\/ident.md\/wp-content\/uploads\/2022\/05\/Cavex-Alginate-Mixer-II-1536x914.jpg",1536,914,true],"2048x2048":["https:\/\/ident.md\/wp-content\/uploads\/2022\/05\/Cavex-Alginate-Mixer-II-2048x1219.jpg",2048,1219,true],"woocommerce_thumbnail":["https:\/\/ident.md\/wp-content\/uploads\/2022\/05\/Cavex-Alginate-Mixer-II-300x300.jpg",300,300,true],"woocommerce_single":["https:\/\/ident.md\/wp-content\/uploads\/2022\/05\/Cavex-Alginate-Mixer-II-600x357.jpg",600,357,true],"woocommerce_gallery_thumbnail":["https:\/\/ident.md\/wp-content\/uploads\/2022\/05\/Cavex-Alginate-Mixer-II-100x100.jpg",100,100,true]},"uagb_author_info":{"display_name":"admin","author_link":"https:\/\/ident.md\/ru\/author\/"},"uagb_comment_info":0,"uagb_excerpt":"El con\u021bine : 1x Cavex Alginate Mixer II 10x 500 g : a)\u00a0Cavex Cream NS b)\u00a0Cavex CA37 NS c)\u00a0Cavex ColorChange 4 Boluri de Amestecare 1x Sticla de dozare a Apei Accesorii IFU","brands":[{"id":453,"name":"Cavex","slug":"cavex"}],"_links":{"self":[{"href":"https:\/\/ident.md\/ru\/wp-json\/wp\/v2\/product\/6900","targetHints":{"allow":["GET"]}}],"collection":[{"href":"https:\/\/ident.md\/ru\/wp-json\/wp\/v2\/product"}],"about":[{"href":"https:\/\/ident.md\/ru\/wp-json\/wp\/v2\/types\/product"}],"wp:featuredmedia":[{"embeddable":true,"href":"https:\/\/ident.md\/ru\/wp-json\/wp\/v2\/media\/6850"}],"wp:attachment":[{"href":"https:\/\/ident.md\/ru\/wp-json\/wp\/v2\/media?parent=6900"}],"wp:term":[{"taxonomy":"pwb-brand","embeddable":true,"href":"https:\/\/ident.md\/ru\/wp-json\/wp\/v2\/pwb-brand?post=6900"},{"taxonomy":"product_brand","embeddable":true,"href":"https:\/\/ident.md\/ru\/wp-json\/wp\/v2\/product_brand?post=6900"},{"taxonomy":"product_cat","embeddable":true,"href":"https:\/\/ident.md\/ru\/wp-json\/wp\/v2\/product_cat?post=6900"},{"taxonomy":"product_tag","embeddable":true,"href":"https:\/\/ident.md\/ru\/wp-json\/wp\/v2\/product_tag?post=6900"}],"curies":[{"name":"wp","href":"https:\/\/api.w.org\/{rel}","templated":true}]}}