{"id":7079,"date":"2022-05-30T10:38:54","date_gmt":"2022-05-30T07:38:54","guid":{"rendered":"https:\/\/ident.md\/product\/cavex-alginate-accessories\/"},"modified":"2022-05-30T10:42:27","modified_gmt":"2022-05-30T07:42:27","slug":"cavex-alginate-accessories","status":"publish","type":"product","link":"https:\/\/ident.md\/en\/product\/cavex-alginate-accessories\/","title":{"rendered":"CAVEX ALGINATE ACCESSORIES"},"content":{"rendered":"<h3>ALGINATE ACCESSORIES<\/h3>\n<p>The following accessories are available:<\/p>\n<ul>\n<li>The alginate container for controlled storage and exact dosing of the alginate powder<\/li>\n<li>The water dosing bottle for a controlled, constant water temperature and exact dosing of the water<\/li>\n<li>The flexible mixing bowl with mixing spatula (spatula also available in metal)<\/li>\n<\/ul>\n<h3>ALGINATE CONTAINER<\/h3>\n<p id=\"tw-target-text\" class=\"tw-data-text tw-text-large tw-ta\" dir=\"ltr\" data-placeholder=\"Translation\"><span class=\"Y2IQFc\" lang=\"en\">The Cavex alginate container ensures airtight storage so that no moisture can reach the powder. The container is available in two colors so that you can distinguish between multiple alginates. The exact amount of alginate can be measured with the powder scoop.<\/span><\/p>\n<h3 dir=\"ltr\" data-placeholder=\"Translation\">WATER DOSING BOTTLE<\/h3>\n<p id=\"tw-target-text\" class=\"tw-data-text tw-text-large tw-ta\" dir=\"ltr\" data-placeholder=\"Translation\"><span class=\"Y2IQFc\" lang=\"en\">The water dosing bottle ensures that the water is always at a constant room temperature. In addition, the exact amount of water can be measured simply by squeezing the bottle. Overdosing is not possible due to the innovative drainage system. The water dosing bottle guarantees the ideal ratio between powder and water so that the alginate mix always has a consistent quality.<\/span><\/p>\n<h3 dir=\"ltr\" data-placeholder=\"Translation\">MIXING BOWL WITH SPATULA<\/h3>\n<p id=\"tw-target-text\" class=\"tw-data-text tw-text-large tw-ta\" dir=\"ltr\" data-placeholder=\"Translation\"><span class=\"Y2IQFc\" lang=\"en\">The flexibility of the mixing cup in combination with the mixing spatula makes manual mixing easier and provides better results by reducing lumps and air bubbles. With the <span style=\"color: #333399;\"><strong>Cavex<\/strong><\/span> alginate accessories, you can optimize and standardize the entire impression process and ensure a consistent result time after time.<\/span><\/p>\n","protected":false},"excerpt":{"rendered":"<p>Various external factors can influence the quality of alginate impressions. This includes the water temperature, mixing ratio, mixing technique, and storage conditions. <span style=\"color: #333399;\"><strong>Cavex<\/strong> <\/span>has developed various alginate accessories to optimize and standardize these external factors. With our alginate accessories, you can always rely on a perfect alginate impression.<\/p>\n","protected":false},"featured_media":7065,"template":"","meta":{"inline_featured_image":false,"_uag_custom_page_level_css":"","editor_plus_copied_stylings":"{}","_kad_post_transparent":"default","_kad_post_title":"","_kad_post_layout":"default","_kad_post_sidebar_id":"","_kad_post_content_style":"default","_kad_post_vertical_padding":"default","_kad_post_feature":"","_kad_post_feature_position":"","_kad_post_header":false,"_kad_post_footer":false},"pwb-brand":[454],"product_brand":[],"product_cat":[456,479],"product_tag":[490,467],"class_list":{"0":"post-7079","1":"product","2":"type-product","3":"status-publish","4":"has-post-thumbnail","6":"pwb-brand-cavex-en","7":"product_cat-cavex","8":"product_cat-cavex-en","9":"product_tag-accessories-en","10":"product_tag-cavex-en","12":"first","13":"instock","14":"shipping-taxable","15":"product-type-simple","16":"entry","17":"content-bg","18":"loop-entry"},"featured_image_urls_v2":{"full":["https:\/\/ident.md\/wp-content\/uploads\/2022\/05\/Cavex-Alginate-Container-blue-scaled.jpg",2560,1795,false],"thumbnail":["https:\/\/ident.md\/wp-content\/uploads\/2022\/05\/Cavex-Alginate-Container-blue-150x150.jpg",150,150,true],"medium":["https:\/\/ident.md\/wp-content\/uploads\/2022\/05\/Cavex-Alginate-Container-blue-300x210.jpg",300,210,true],"medium_large":["https:\/\/ident.md\/wp-content\/uploads\/2022\/05\/Cavex-Alginate-Container-blue-768x538.jpg",768,538,true],"large":["https:\/\/ident.md\/wp-content\/uploads\/2022\/05\/Cavex-Alginate-Container-blue-1024x718.jpg",1024,718,true],"gs-tiny":["https:\/\/ident.md\/wp-content\/uploads\/2022\/05\/Cavex-Alginate-Container-blue-scaled.jpg",50,35,false],"xl":["https:\/\/ident.md\/wp-content\/uploads\/2022\/05\/Cavex-Alginate-Container-blue-1600x1122.jpg",1600,1122,true],"xxl":["https:\/\/ident.md\/wp-content\/uploads\/2022\/05\/Cavex-Alginate-Container-blue-2200x1542.jpg",2200,1542,true],"xxxl":["https:\/\/ident.md\/wp-content\/uploads\/2022\/05\/Cavex-Alginate-Container-blue-2800x1963.jpg",2800,1963,true],"xxxxl":["https:\/\/ident.md\/wp-content\/uploads\/2022\/05\/Cavex-Alginate-Container-blue-scaled.jpg",2560,1795,false],"xxxxxl":["https:\/\/ident.md\/wp-content\/uploads\/2022\/05\/Cavex-Alginate-Container-blue-scaled.jpg",2560,1795,false],"1536x1536":["https:\/\/ident.md\/wp-content\/uploads\/2022\/05\/Cavex-Alginate-Container-blue-1536x1077.jpg",1536,1077,true],"2048x2048":["https:\/\/ident.md\/wp-content\/uploads\/2022\/05\/Cavex-Alginate-Container-blue-2048x1436.jpg",2048,1436,true],"woocommerce_thumbnail":["https:\/\/ident.md\/wp-content\/uploads\/2022\/05\/Cavex-Alginate-Container-blue-300x300.jpg",300,300,true],"woocommerce_single":["https:\/\/ident.md\/wp-content\/uploads\/2022\/05\/Cavex-Alginate-Container-blue-600x421.jpg",600,421,true],"woocommerce_gallery_thumbnail":["https:\/\/ident.md\/wp-content\/uploads\/2022\/05\/Cavex-Alginate-Container-blue-100x100.jpg",100,100,true]},"post_excerpt_stackable_v2":"<p>Various external factors can influence the quality of alginate impressions. This includes the water temperature, mixing ratio, mixing technique, and storage conditions. <span style=\"color: #333399;\"><strong>Cavex<\/strong> <\/span>has developed various alginate accessories to optimize and standardize these external factors. With our alginate accessories, you can always rely on a perfect alginate impression.<\/p>\n","category_list_v2":"","author_info_v2":{"name":"","url":""},"comments_num_v2":"0 comments","yoast_head":"<!-- This site is optimized with the Yoast SEO plugin v25.8 - https:\/\/yoast.com\/wordpress\/plugins\/seo\/ -->\n<title>CAVEX ALGINATE ACCESSORIES | iDent<\/title>\n<meta name=\"description\" content=\"Diferi\u021bi factori externi pot influen\u021ba calitatea amprentelor de alginat. Aceasta include temperatura apei, raportul de amestecare, tehnica de amestecare \u0219i condi\u021biile de depozitare. Cavex a dezvoltat diverse accesorii de alginat pentru a optimiza \u0219i standardiza ace\u0219ti factori externi. Cu accesoriile noastre de alginat, v\u0103 pute\u021bi baza \u00eentotdeauna pe o amprent\u0103 perfect\u0103 de alginat.\" \/>\n<meta name=\"robots\" content=\"index, follow, max-snippet:-1, max-image-preview:large, max-video-preview:-1\" \/>\n<link rel=\"canonical\" href=\"https:\/\/ident.md\/en\/product\/cavex-alginate-accessories\/\" \/>\n<meta property=\"og:locale\" content=\"en_US\" \/>\n<meta property=\"og:type\" content=\"article\" \/>\n<meta property=\"og:title\" content=\"CAVEX ALGINATE ACCESSORIES | iDent\" \/>\n<meta property=\"og:description\" content=\"Diferi\u021bi factori externi pot influen\u021ba calitatea amprentelor de alginat. Aceasta include temperatura apei, raportul de amestecare, tehnica de amestecare \u0219i condi\u021biile de depozitare. Cavex a dezvoltat diverse accesorii de alginat pentru a optimiza \u0219i standardiza ace\u0219ti factori externi. Cu accesoriile noastre de alginat, v\u0103 pute\u021bi baza \u00eentotdeauna pe o amprent\u0103 perfect\u0103 de alginat.\" \/>\n<meta property=\"og:url\" content=\"https:\/\/ident.md\/en\/product\/cavex-alginate-accessories\/\" \/>\n<meta property=\"og:site_name\" content=\"iDent\" \/>\n<meta property=\"article:modified_time\" content=\"2022-05-30T07:42:27+00:00\" \/>\n<meta property=\"og:image\" content=\"https:\/\/ident.md\/wp-content\/uploads\/2022\/05\/Cavex-Alginate-Container-blue-scaled.jpg\" \/>\n\t<meta property=\"og:image:width\" content=\"2560\" \/>\n\t<meta property=\"og:image:height\" content=\"1795\" \/>\n\t<meta property=\"og:image:type\" content=\"image\/jpeg\" \/>\n<meta name=\"twitter:card\" content=\"summary_large_image\" \/>\n<meta name=\"twitter:label1\" content=\"Est. reading time\" \/>\n\t<meta name=\"twitter:data1\" content=\"1 minute\" \/>\n<script type=\"application\/ld+json\" class=\"yoast-schema-graph\">{\"@context\":\"https:\/\/schema.org\",\"@graph\":[{\"@type\":\"WebPage\",\"@id\":\"https:\/\/ident.md\/en\/product\/cavex-alginate-accessories\/\",\"url\":\"https:\/\/ident.md\/en\/product\/cavex-alginate-accessories\/\",\"name\":\"CAVEX ALGINATE ACCESSORIES | iDent\",\"isPartOf\":{\"@id\":\"https:\/\/ident.md\/en\/#website\"},\"primaryImageOfPage\":{\"@id\":\"https:\/\/ident.md\/en\/product\/cavex-alginate-accessories\/#primaryimage\"},\"image\":{\"@id\":\"https:\/\/ident.md\/en\/product\/cavex-alginate-accessories\/#primaryimage\"},\"thumbnailUrl\":\"https:\/\/ident.md\/wp-content\/uploads\/2022\/05\/Cavex-Alginate-Container-blue-scaled.jpg\",\"datePublished\":\"2022-05-30T07:38:54+00:00\",\"dateModified\":\"2022-05-30T07:42:27+00:00\",\"description\":\"Diferi\u021bi factori externi pot influen\u021ba calitatea amprentelor de alginat. Aceasta include temperatura apei, raportul de amestecare, tehnica de amestecare \u0219i condi\u021biile de depozitare. Cavex a dezvoltat diverse accesorii de alginat pentru a optimiza \u0219i standardiza ace\u0219ti factori externi. Cu accesoriile noastre de alginat, v\u0103 pute\u021bi baza \u00eentotdeauna pe o amprent\u0103 perfect\u0103 de alginat.\",\"breadcrumb\":{\"@id\":\"https:\/\/ident.md\/en\/product\/cavex-alginate-accessories\/#breadcrumb\"},\"inLanguage\":\"en-US\",\"potentialAction\":[{\"@type\":\"ReadAction\",\"target\":[\"https:\/\/ident.md\/en\/product\/cavex-alginate-accessories\/\"]}]},{\"@type\":\"ImageObject\",\"inLanguage\":\"en-US\",\"@id\":\"https:\/\/ident.md\/en\/product\/cavex-alginate-accessories\/#primaryimage\",\"url\":\"https:\/\/ident.md\/wp-content\/uploads\/2022\/05\/Cavex-Alginate-Container-blue-scaled.jpg\",\"contentUrl\":\"https:\/\/ident.md\/wp-content\/uploads\/2022\/05\/Cavex-Alginate-Container-blue-scaled.jpg\",\"width\":2560,\"height\":1795},{\"@type\":\"BreadcrumbList\",\"@id\":\"https:\/\/ident.md\/en\/product\/cavex-alginate-accessories\/#breadcrumb\",\"itemListElement\":[{\"@type\":\"ListItem\",\"position\":1,\"name\":\"Prima pagin\u0103\",\"item\":\"https:\/\/ident.md\/en\/\"},{\"@type\":\"ListItem\",\"position\":2,\"name\":\"Product Catalog\",\"item\":\"https:\/\/ident.md\/catalog\/\"},{\"@type\":\"ListItem\",\"position\":3,\"name\":\"CAVEX ALGINATE ACCESSORIES\"}]},{\"@type\":\"WebSite\",\"@id\":\"https:\/\/ident.md\/en\/#website\",\"url\":\"https:\/\/ident.md\/en\/\",\"name\":\"iDent\",\"description\":\"\",\"publisher\":{\"@id\":\"https:\/\/ident.md\/en\/#organization\"},\"potentialAction\":[{\"@type\":\"SearchAction\",\"target\":{\"@type\":\"EntryPoint\",\"urlTemplate\":\"https:\/\/ident.md\/en\/?s={search_term_string}\"},\"query-input\":{\"@type\":\"PropertyValueSpecification\",\"valueRequired\":true,\"valueName\":\"search_term_string\"}}],\"inLanguage\":\"en-US\"},{\"@type\":\"Organization\",\"@id\":\"https:\/\/ident.md\/en\/#organization\",\"name\":\"\\\"3D CEPH\\\" SRL\",\"url\":\"https:\/\/ident.md\/en\/\",\"logo\":{\"@type\":\"ImageObject\",\"inLanguage\":\"en-US\",\"@id\":\"https:\/\/ident.md\/en\/#\/schema\/logo\/image\/\",\"url\":\"https:\/\/ident.md\/wp-content\/uploads\/2020\/11\/ident-logo-1.png\",\"contentUrl\":\"https:\/\/ident.md\/wp-content\/uploads\/2020\/11\/ident-logo-1.png\",\"width\":2320,\"height\":3096,\"caption\":\"\\\"3D CEPH\\\" SRL\"},\"image\":{\"@id\":\"https:\/\/ident.md\/en\/#\/schema\/logo\/image\/\"}}]}<\/script>\n<!-- \/ Yoast SEO plugin. -->","yoast_head_json":{"title":"CAVEX ALGINATE ACCESSORIES | iDent","description":"Diferi\u021bi factori externi pot influen\u021ba calitatea amprentelor de alginat. Aceasta include temperatura apei, raportul de amestecare, tehnica de amestecare \u0219i condi\u021biile de depozitare. Cavex a dezvoltat diverse accesorii de alginat pentru a optimiza \u0219i standardiza ace\u0219ti factori externi. Cu accesoriile noastre de alginat, v\u0103 pute\u021bi baza \u00eentotdeauna pe o amprent\u0103 perfect\u0103 de alginat.","robots":{"index":"index","follow":"follow","max-snippet":"max-snippet:-1","max-image-preview":"max-image-preview:large","max-video-preview":"max-video-preview:-1"},"canonical":"https:\/\/ident.md\/en\/product\/cavex-alginate-accessories\/","og_locale":"en_US","og_type":"article","og_title":"CAVEX ALGINATE ACCESSORIES | iDent","og_description":"Diferi\u021bi factori externi pot influen\u021ba calitatea amprentelor de alginat. Aceasta include temperatura apei, raportul de amestecare, tehnica de amestecare \u0219i condi\u021biile de depozitare. Cavex a dezvoltat diverse accesorii de alginat pentru a optimiza \u0219i standardiza ace\u0219ti factori externi. Cu accesoriile noastre de alginat, v\u0103 pute\u021bi baza \u00eentotdeauna pe o amprent\u0103 perfect\u0103 de alginat.","og_url":"https:\/\/ident.md\/en\/product\/cavex-alginate-accessories\/","og_site_name":"iDent","article_modified_time":"2022-05-30T07:42:27+00:00","og_image":[{"width":2560,"height":1795,"url":"https:\/\/ident.md\/wp-content\/uploads\/2022\/05\/Cavex-Alginate-Container-blue-scaled.jpg","type":"image\/jpeg"}],"twitter_card":"summary_large_image","twitter_misc":{"Est. reading time":"1 minute"},"schema":{"@context":"https:\/\/schema.org","@graph":[{"@type":"WebPage","@id":"https:\/\/ident.md\/en\/product\/cavex-alginate-accessories\/","url":"https:\/\/ident.md\/en\/product\/cavex-alginate-accessories\/","name":"CAVEX ALGINATE ACCESSORIES | iDent","isPartOf":{"@id":"https:\/\/ident.md\/en\/#website"},"primaryImageOfPage":{"@id":"https:\/\/ident.md\/en\/product\/cavex-alginate-accessories\/#primaryimage"},"image":{"@id":"https:\/\/ident.md\/en\/product\/cavex-alginate-accessories\/#primaryimage"},"thumbnailUrl":"https:\/\/ident.md\/wp-content\/uploads\/2022\/05\/Cavex-Alginate-Container-blue-scaled.jpg","datePublished":"2022-05-30T07:38:54+00:00","dateModified":"2022-05-30T07:42:27+00:00","description":"Diferi\u021bi factori externi pot influen\u021ba calitatea amprentelor de alginat. Aceasta include temperatura apei, raportul de amestecare, tehnica de amestecare \u0219i condi\u021biile de depozitare. Cavex a dezvoltat diverse accesorii de alginat pentru a optimiza \u0219i standardiza ace\u0219ti factori externi. Cu accesoriile noastre de alginat, v\u0103 pute\u021bi baza \u00eentotdeauna pe o amprent\u0103 perfect\u0103 de alginat.","breadcrumb":{"@id":"https:\/\/ident.md\/en\/product\/cavex-alginate-accessories\/#breadcrumb"},"inLanguage":"en-US","potentialAction":[{"@type":"ReadAction","target":["https:\/\/ident.md\/en\/product\/cavex-alginate-accessories\/"]}]},{"@type":"ImageObject","inLanguage":"en-US","@id":"https:\/\/ident.md\/en\/product\/cavex-alginate-accessories\/#primaryimage","url":"https:\/\/ident.md\/wp-content\/uploads\/2022\/05\/Cavex-Alginate-Container-blue-scaled.jpg","contentUrl":"https:\/\/ident.md\/wp-content\/uploads\/2022\/05\/Cavex-Alginate-Container-blue-scaled.jpg","width":2560,"height":1795},{"@type":"BreadcrumbList","@id":"https:\/\/ident.md\/en\/product\/cavex-alginate-accessories\/#breadcrumb","itemListElement":[{"@type":"ListItem","position":1,"name":"Prima pagin\u0103","item":"https:\/\/ident.md\/en\/"},{"@type":"ListItem","position":2,"name":"Product Catalog","item":"https:\/\/ident.md\/catalog\/"},{"@type":"ListItem","position":3,"name":"CAVEX ALGINATE ACCESSORIES"}]},{"@type":"WebSite","@id":"https:\/\/ident.md\/en\/#website","url":"https:\/\/ident.md\/en\/","name":"iDent","description":"","publisher":{"@id":"https:\/\/ident.md\/en\/#organization"},"potentialAction":[{"@type":"SearchAction","target":{"@type":"EntryPoint","urlTemplate":"https:\/\/ident.md\/en\/?s={search_term_string}"},"query-input":{"@type":"PropertyValueSpecification","valueRequired":true,"valueName":"search_term_string"}}],"inLanguage":"en-US"},{"@type":"Organization","@id":"https:\/\/ident.md\/en\/#organization","name":"\"3D CEPH\" SRL","url":"https:\/\/ident.md\/en\/","logo":{"@type":"ImageObject","inLanguage":"en-US","@id":"https:\/\/ident.md\/en\/#\/schema\/logo\/image\/","url":"https:\/\/ident.md\/wp-content\/uploads\/2020\/11\/ident-logo-1.png","contentUrl":"https:\/\/ident.md\/wp-content\/uploads\/2020\/11\/ident-logo-1.png","width":2320,"height":3096,"caption":"\"3D CEPH\" SRL"},"image":{"@id":"https:\/\/ident.md\/en\/#\/schema\/logo\/image\/"}}]}},"uagb_featured_image_src":{"full":["https:\/\/ident.md\/wp-content\/uploads\/2022\/05\/Cavex-Alginate-Container-blue-scaled.jpg",2560,1795,false],"thumbnail":["https:\/\/ident.md\/wp-content\/uploads\/2022\/05\/Cavex-Alginate-Container-blue-150x150.jpg",150,150,true],"medium":["https:\/\/ident.md\/wp-content\/uploads\/2022\/05\/Cavex-Alginate-Container-blue-300x210.jpg",300,210,true],"medium_large":["https:\/\/ident.md\/wp-content\/uploads\/2022\/05\/Cavex-Alginate-Container-blue-768x538.jpg",768,538,true],"large":["https:\/\/ident.md\/wp-content\/uploads\/2022\/05\/Cavex-Alginate-Container-blue-1024x718.jpg",1024,718,true],"gs-tiny":["https:\/\/ident.md\/wp-content\/uploads\/2022\/05\/Cavex-Alginate-Container-blue-scaled.jpg",50,35,false],"xl":["https:\/\/ident.md\/wp-content\/uploads\/2022\/05\/Cavex-Alginate-Container-blue-1600x1122.jpg",1600,1122,true],"xxl":["https:\/\/ident.md\/wp-content\/uploads\/2022\/05\/Cavex-Alginate-Container-blue-2200x1542.jpg",2200,1542,true],"xxxl":["https:\/\/ident.md\/wp-content\/uploads\/2022\/05\/Cavex-Alginate-Container-blue-2800x1963.jpg",2800,1963,true],"xxxxl":["https:\/\/ident.md\/wp-content\/uploads\/2022\/05\/Cavex-Alginate-Container-blue-scaled.jpg",2560,1795,false],"xxxxxl":["https:\/\/ident.md\/wp-content\/uploads\/2022\/05\/Cavex-Alginate-Container-blue-scaled.jpg",2560,1795,false],"1536x1536":["https:\/\/ident.md\/wp-content\/uploads\/2022\/05\/Cavex-Alginate-Container-blue-1536x1077.jpg",1536,1077,true],"2048x2048":["https:\/\/ident.md\/wp-content\/uploads\/2022\/05\/Cavex-Alginate-Container-blue-2048x1436.jpg",2048,1436,true],"woocommerce_thumbnail":["https:\/\/ident.md\/wp-content\/uploads\/2022\/05\/Cavex-Alginate-Container-blue-300x300.jpg",300,300,true],"woocommerce_single":["https:\/\/ident.md\/wp-content\/uploads\/2022\/05\/Cavex-Alginate-Container-blue-600x421.jpg",600,421,true],"woocommerce_gallery_thumbnail":["https:\/\/ident.md\/wp-content\/uploads\/2022\/05\/Cavex-Alginate-Container-blue-100x100.jpg",100,100,true]},"uagb_author_info":{"display_name":"admin","author_link":"https:\/\/ident.md\/en\/author\/"},"uagb_comment_info":0,"uagb_excerpt":"Various external factors can influence the quality of alginate impressions. This includes the water temperature, mixing ratio, mixing technique, and storage conditions. Cavex has developed various alginate accessories to optimize and standardize these external factors. With our alginate accessories, you can always rely on a perfect alginate impression.","brands":[{"id":454,"name":"Cavex","slug":"cavex-en"}],"_links":{"self":[{"href":"https:\/\/ident.md\/en\/wp-json\/wp\/v2\/product\/7079","targetHints":{"allow":["GET"]}}],"collection":[{"href":"https:\/\/ident.md\/en\/wp-json\/wp\/v2\/product"}],"about":[{"href":"https:\/\/ident.md\/en\/wp-json\/wp\/v2\/types\/product"}],"wp:featuredmedia":[{"embeddable":true,"href":"https:\/\/ident.md\/en\/wp-json\/wp\/v2\/media\/7065"}],"wp:attachment":[{"href":"https:\/\/ident.md\/en\/wp-json\/wp\/v2\/media?parent=7079"}],"wp:term":[{"taxonomy":"pwb-brand","embeddable":true,"href":"https:\/\/ident.md\/en\/wp-json\/wp\/v2\/pwb-brand?post=7079"},{"taxonomy":"product_brand","embeddable":true,"href":"https:\/\/ident.md\/en\/wp-json\/wp\/v2\/product_brand?post=7079"},{"taxonomy":"product_cat","embeddable":true,"href":"https:\/\/ident.md\/en\/wp-json\/wp\/v2\/product_cat?post=7079"},{"taxonomy":"product_tag","embeddable":true,"href":"https:\/\/ident.md\/en\/wp-json\/wp\/v2\/product_tag?post=7079"}],"curies":[{"name":"wp","href":"https:\/\/api.w.org\/{rel}","templated":true}]}}