{"id":5820,"date":"2021-04-13T16:47:28","date_gmt":"2021-04-13T13:47:28","guid":{"rendered":"https:\/\/ident.md\/product\/wetndry-slim-pad\/"},"modified":"2021-04-13T16:47:28","modified_gmt":"2021-04-13T13:47:28","slug":"wetndry-slim-pad","status":"publish","type":"product","link":"https:\/\/ident.md\/en\/produs\/wetndry-slim-pad\/","title":{"rendered":"WET&#8217;N&#8217;DRY SLIM PAD"},"content":{"rendered":"<p>Palet\u0103 pentru amestecarea ceramicii WET&#8217;N&#8217;DRY SLIM PAD de la marca elve\u021bian\u0103 Smile Line<br \/>\nWet&#8217;n&#8217;Dry SlimPad vine cu o plac\u0103 de sticl\u0103 cu \u0219ase sloturi prelucrate. Benzile de filtrare PVA negre sunt inserate vertical, absorbind lichidul din rezervor \u0219i aduc\u00e2ndu-l la suprafa\u021b\u0103 pentru a v\u0103 men\u021bine ceramica \u00een consisten\u021ba dorit\u0103.<br \/>\n&#8211; Suprafa\u021ba de lucru este plan\u0103 \u0219i c\u00e2t mai aproape de suprafa\u021ba containerului: doar 10 mm<br \/>\n&#8211; Suprafa\u021ba de lucru c\u00e2t mai aproape de fa\u021b\u0103: 20 mm<br \/>\n&#8211; Design foarte compact \u0219i minimalist<br \/>\n&#8211; Mini format laptop, u\u0219or de transportat<br \/>\n&#8211; Modularitate prefabricat\u0103 (v\u0103 permite s\u0103 instala\u021bi o palet\u0103 pe alta)<br \/>\n&#8211; Suprafata de lucru 240 x 135 mm<\/p>\n","protected":false},"excerpt":{"rendered":"<p>Palet\u0103 pentru amestecarea ceramicii WET&#8217;N&#8217;DRY SLIM PAD de la marca elve\u021bian\u0103 Smile Line Wet&#8217;n&#8217;Dry SlimPad vine cu o plac\u0103 de sticl\u0103 cu \u0219ase sloturi prelucrate. Benzile de filtrare PVA negre sunt inserate vertical, absorbind lichidul din rezervor \u0219i aduc\u00e2ndu-l la suprafa\u021b\u0103 pentru a v\u0103 men\u021bine ceramica \u00een consisten\u021ba dorit\u0103. &#8211; Suprafa\u021ba de lucru este plan\u0103&#8230;<\/p>\n","protected":false},"featured_media":5819,"template":"","meta":{"inline_featured_image":false,"_uag_custom_page_level_css":"","editor_plus_copied_stylings":"{}","_kad_post_transparent":"","_kad_post_title":"","_kad_post_layout":"","_kad_post_sidebar_id":"","_kad_post_content_style":"","_kad_post_vertical_padding":"","_kad_post_feature":"","_kad_post_feature_position":"","_kad_post_header":false,"_kad_post_footer":false},"pwb-brand":[405],"product_brand":[],"product_cat":[414,85],"product_tag":[],"class_list":{"0":"post-5820","1":"product","2":"type-product","3":"status-publish","4":"has-post-thumbnail","6":"pwb-brand-smile-line","7":"product_cat-smile-line-ro-lab","8":"product_cat-laborator","10":"first","11":"instock","12":"shipping-taxable","13":"product-type-simple","14":"entry","15":"content-bg","16":"loop-entry"},"featured_image_urls_v2":{"full":["https:\/\/ident.md\/wp-content\/uploads\/2021\/04\/800.jpg",800,800,false],"thumbnail":["https:\/\/ident.md\/wp-content\/uploads\/2021\/04\/800-150x150.jpg",150,150,true],"medium":["https:\/\/ident.md\/wp-content\/uploads\/2021\/04\/800-300x300.jpg",300,300,true],"medium_large":["https:\/\/ident.md\/wp-content\/uploads\/2021\/04\/800-768x768.jpg",768,768,true],"large":["https:\/\/ident.md\/wp-content\/uploads\/2021\/04\/800.jpg",800,800,false],"gs-tiny":["https:\/\/ident.md\/wp-content\/uploads\/2021\/04\/800.jpg",50,50,false],"xl":["https:\/\/ident.md\/wp-content\/uploads\/2021\/04\/800.jpg",800,800,false],"xxl":["https:\/\/ident.md\/wp-content\/uploads\/2021\/04\/800.jpg",800,800,false],"xxxl":["https:\/\/ident.md\/wp-content\/uploads\/2021\/04\/800.jpg",800,800,false],"xxxxl":["https:\/\/ident.md\/wp-content\/uploads\/2021\/04\/800.jpg",800,800,false],"xxxxxl":["https:\/\/ident.md\/wp-content\/uploads\/2021\/04\/800.jpg",800,800,false],"1536x1536":["https:\/\/ident.md\/wp-content\/uploads\/2021\/04\/800.jpg",800,800,false],"2048x2048":["https:\/\/ident.md\/wp-content\/uploads\/2021\/04\/800.jpg",800,800,false],"woocommerce_thumbnail":["https:\/\/ident.md\/wp-content\/uploads\/2021\/04\/800-300x300.jpg",300,300,true],"woocommerce_single":["https:\/\/ident.md\/wp-content\/uploads\/2021\/04\/800-600x600.jpg",600,600,true],"woocommerce_gallery_thumbnail":["https:\/\/ident.md\/wp-content\/uploads\/2021\/04\/800-100x100.jpg",100,100,true]},"post_excerpt_stackable_v2":"<p>Palet\u0103 pentru amestecarea ceramicii WET&#8217;N&#8217;DRY SLIM PAD de la marca elve\u021bian\u0103 Smile Line Wet&#8217;n&#8217;Dry SlimPad vine cu o plac\u0103 de sticl\u0103 cu \u0219ase sloturi prelucrate. Benzile de filtrare PVA negre sunt inserate vertical, absorbind lichidul din rezervor \u0219i aduc\u00e2ndu-l la suprafa\u021b\u0103 pentru a v\u0103 men\u021bine ceramica \u00een consisten\u021ba dorit\u0103. &#8211; Suprafa\u021ba de lucru este plan\u0103 \u0219i c\u00e2t mai aproape de suprafa\u021ba containerului: doar 10 mm &#8211; Suprafa\u021ba de lucru c\u00e2t mai aproape de fa\u021b\u0103: 20 mm &#8211; Design foarte compact \u0219i minimalist &#8211; Mini format laptop, u\u0219or de transportat &#8211; Modularitate prefabricat\u0103 (v\u0103 permite s\u0103 instala\u021bi o palet\u0103 pe alta)&hellip;<\/p>\n","category_list_v2":"","author_info_v2":{"name":"","url":""},"comments_num_v2":"0 comments","yoast_head":"<!-- This site is optimized with the Yoast SEO plugin v25.8 - https:\/\/yoast.com\/wordpress\/plugins\/seo\/ -->\n<title>WET&#039;N&#039;DRY SLIM PAD | iDent<\/title>\n<meta name=\"robots\" content=\"index, follow, max-snippet:-1, max-image-preview:large, max-video-preview:-1\" \/>\n<link rel=\"canonical\" href=\"https:\/\/ident.md\/en\/produs\/wetndry-slim-pad\/\" \/>\n<meta property=\"og:locale\" content=\"en_US\" \/>\n<meta property=\"og:type\" content=\"article\" \/>\n<meta property=\"og:title\" content=\"WET&#039;N&#039;DRY SLIM PAD | iDent\" \/>\n<meta property=\"og:description\" content=\"Palet\u0103 pentru amestecarea ceramicii WET&#8217;N&#8217;DRY SLIM PAD de la marca elve\u021bian\u0103 Smile Line Wet&#8217;n&#8217;Dry SlimPad vine cu o plac\u0103 de sticl\u0103 cu \u0219ase sloturi prelucrate. Benzile de filtrare PVA negre sunt inserate vertical, absorbind lichidul din rezervor \u0219i aduc\u00e2ndu-l la suprafa\u021b\u0103 pentru a v\u0103 men\u021bine ceramica \u00een consisten\u021ba dorit\u0103. &#8211; Suprafa\u021ba de lucru este plan\u0103...\" \/>\n<meta property=\"og:url\" content=\"https:\/\/ident.md\/en\/produs\/wetndry-slim-pad\/\" \/>\n<meta property=\"og:site_name\" content=\"iDent\" \/>\n<meta property=\"og:image\" content=\"https:\/\/ident.md\/wp-content\/uploads\/2021\/04\/800.jpg\" \/>\n\t<meta property=\"og:image:width\" content=\"800\" \/>\n\t<meta property=\"og:image:height\" content=\"800\" \/>\n\t<meta property=\"og:image:type\" content=\"image\/jpeg\" \/>\n<meta name=\"twitter:card\" content=\"summary_large_image\" \/>\n<meta name=\"twitter:label1\" content=\"Est. reading time\" \/>\n\t<meta name=\"twitter:data1\" content=\"1 minute\" \/>\n<script type=\"application\/ld+json\" class=\"yoast-schema-graph\">{\"@context\":\"https:\/\/schema.org\",\"@graph\":[{\"@type\":\"WebPage\",\"@id\":\"https:\/\/ident.md\/en\/produs\/wetndry-slim-pad\/\",\"url\":\"https:\/\/ident.md\/en\/produs\/wetndry-slim-pad\/\",\"name\":\"WET'N'DRY SLIM PAD | iDent\",\"isPartOf\":{\"@id\":\"https:\/\/ident.md\/en\/#website\"},\"primaryImageOfPage\":{\"@id\":\"https:\/\/ident.md\/en\/produs\/wetndry-slim-pad\/#primaryimage\"},\"image\":{\"@id\":\"https:\/\/ident.md\/en\/produs\/wetndry-slim-pad\/#primaryimage\"},\"thumbnailUrl\":\"https:\/\/ident.md\/wp-content\/uploads\/2021\/04\/800.jpg\",\"datePublished\":\"2021-04-13T13:47:28+00:00\",\"breadcrumb\":{\"@id\":\"https:\/\/ident.md\/en\/produs\/wetndry-slim-pad\/#breadcrumb\"},\"inLanguage\":\"en-US\",\"potentialAction\":[{\"@type\":\"ReadAction\",\"target\":[\"https:\/\/ident.md\/en\/produs\/wetndry-slim-pad\/\"]}]},{\"@type\":\"ImageObject\",\"inLanguage\":\"en-US\",\"@id\":\"https:\/\/ident.md\/en\/produs\/wetndry-slim-pad\/#primaryimage\",\"url\":\"https:\/\/ident.md\/wp-content\/uploads\/2021\/04\/800.jpg\",\"contentUrl\":\"https:\/\/ident.md\/wp-content\/uploads\/2021\/04\/800.jpg\",\"width\":800,\"height\":800},{\"@type\":\"BreadcrumbList\",\"@id\":\"https:\/\/ident.md\/en\/produs\/wetndry-slim-pad\/#breadcrumb\",\"itemListElement\":[{\"@type\":\"ListItem\",\"position\":1,\"name\":\"Prima pagin\u0103\",\"item\":\"https:\/\/ident.md\/en\/\"},{\"@type\":\"ListItem\",\"position\":2,\"name\":\"Product Catalog\",\"item\":\"https:\/\/ident.md\/catalog\/\"},{\"@type\":\"ListItem\",\"position\":3,\"name\":\"WET&#8217;N&#8217;DRY SLIM PAD\"}]},{\"@type\":\"WebSite\",\"@id\":\"https:\/\/ident.md\/en\/#website\",\"url\":\"https:\/\/ident.md\/en\/\",\"name\":\"iDent\",\"description\":\"\",\"publisher\":{\"@id\":\"https:\/\/ident.md\/en\/#organization\"},\"potentialAction\":[{\"@type\":\"SearchAction\",\"target\":{\"@type\":\"EntryPoint\",\"urlTemplate\":\"https:\/\/ident.md\/en\/?s={search_term_string}\"},\"query-input\":{\"@type\":\"PropertyValueSpecification\",\"valueRequired\":true,\"valueName\":\"search_term_string\"}}],\"inLanguage\":\"en-US\"},{\"@type\":\"Organization\",\"@id\":\"https:\/\/ident.md\/en\/#organization\",\"name\":\"\\\"3D CEPH\\\" SRL\",\"url\":\"https:\/\/ident.md\/en\/\",\"logo\":{\"@type\":\"ImageObject\",\"inLanguage\":\"en-US\",\"@id\":\"https:\/\/ident.md\/en\/#\/schema\/logo\/image\/\",\"url\":\"https:\/\/ident.md\/wp-content\/uploads\/2020\/11\/ident-logo-1.png\",\"contentUrl\":\"https:\/\/ident.md\/wp-content\/uploads\/2020\/11\/ident-logo-1.png\",\"width\":2320,\"height\":3096,\"caption\":\"\\\"3D CEPH\\\" SRL\"},\"image\":{\"@id\":\"https:\/\/ident.md\/en\/#\/schema\/logo\/image\/\"}}]}<\/script>\n<!-- \/ Yoast SEO plugin. -->","yoast_head_json":{"title":"WET'N'DRY SLIM PAD | iDent","robots":{"index":"index","follow":"follow","max-snippet":"max-snippet:-1","max-image-preview":"max-image-preview:large","max-video-preview":"max-video-preview:-1"},"canonical":"https:\/\/ident.md\/en\/produs\/wetndry-slim-pad\/","og_locale":"en_US","og_type":"article","og_title":"WET'N'DRY SLIM PAD | iDent","og_description":"Palet\u0103 pentru amestecarea ceramicii WET&#8217;N&#8217;DRY SLIM PAD de la marca elve\u021bian\u0103 Smile Line Wet&#8217;n&#8217;Dry SlimPad vine cu o plac\u0103 de sticl\u0103 cu \u0219ase sloturi prelucrate. Benzile de filtrare PVA negre sunt inserate vertical, absorbind lichidul din rezervor \u0219i aduc\u00e2ndu-l la suprafa\u021b\u0103 pentru a v\u0103 men\u021bine ceramica \u00een consisten\u021ba dorit\u0103. &#8211; Suprafa\u021ba de lucru este plan\u0103...","og_url":"https:\/\/ident.md\/en\/produs\/wetndry-slim-pad\/","og_site_name":"iDent","og_image":[{"width":800,"height":800,"url":"https:\/\/ident.md\/wp-content\/uploads\/2021\/04\/800.jpg","type":"image\/jpeg"}],"twitter_card":"summary_large_image","twitter_misc":{"Est. reading time":"1 minute"},"schema":{"@context":"https:\/\/schema.org","@graph":[{"@type":"WebPage","@id":"https:\/\/ident.md\/en\/produs\/wetndry-slim-pad\/","url":"https:\/\/ident.md\/en\/produs\/wetndry-slim-pad\/","name":"WET'N'DRY SLIM PAD | iDent","isPartOf":{"@id":"https:\/\/ident.md\/en\/#website"},"primaryImageOfPage":{"@id":"https:\/\/ident.md\/en\/produs\/wetndry-slim-pad\/#primaryimage"},"image":{"@id":"https:\/\/ident.md\/en\/produs\/wetndry-slim-pad\/#primaryimage"},"thumbnailUrl":"https:\/\/ident.md\/wp-content\/uploads\/2021\/04\/800.jpg","datePublished":"2021-04-13T13:47:28+00:00","breadcrumb":{"@id":"https:\/\/ident.md\/en\/produs\/wetndry-slim-pad\/#breadcrumb"},"inLanguage":"en-US","potentialAction":[{"@type":"ReadAction","target":["https:\/\/ident.md\/en\/produs\/wetndry-slim-pad\/"]}]},{"@type":"ImageObject","inLanguage":"en-US","@id":"https:\/\/ident.md\/en\/produs\/wetndry-slim-pad\/#primaryimage","url":"https:\/\/ident.md\/wp-content\/uploads\/2021\/04\/800.jpg","contentUrl":"https:\/\/ident.md\/wp-content\/uploads\/2021\/04\/800.jpg","width":800,"height":800},{"@type":"BreadcrumbList","@id":"https:\/\/ident.md\/en\/produs\/wetndry-slim-pad\/#breadcrumb","itemListElement":[{"@type":"ListItem","position":1,"name":"Prima pagin\u0103","item":"https:\/\/ident.md\/en\/"},{"@type":"ListItem","position":2,"name":"Product Catalog","item":"https:\/\/ident.md\/catalog\/"},{"@type":"ListItem","position":3,"name":"WET&#8217;N&#8217;DRY SLIM PAD"}]},{"@type":"WebSite","@id":"https:\/\/ident.md\/en\/#website","url":"https:\/\/ident.md\/en\/","name":"iDent","description":"","publisher":{"@id":"https:\/\/ident.md\/en\/#organization"},"potentialAction":[{"@type":"SearchAction","target":{"@type":"EntryPoint","urlTemplate":"https:\/\/ident.md\/en\/?s={search_term_string}"},"query-input":{"@type":"PropertyValueSpecification","valueRequired":true,"valueName":"search_term_string"}}],"inLanguage":"en-US"},{"@type":"Organization","@id":"https:\/\/ident.md\/en\/#organization","name":"\"3D CEPH\" SRL","url":"https:\/\/ident.md\/en\/","logo":{"@type":"ImageObject","inLanguage":"en-US","@id":"https:\/\/ident.md\/en\/#\/schema\/logo\/image\/","url":"https:\/\/ident.md\/wp-content\/uploads\/2020\/11\/ident-logo-1.png","contentUrl":"https:\/\/ident.md\/wp-content\/uploads\/2020\/11\/ident-logo-1.png","width":2320,"height":3096,"caption":"\"3D CEPH\" SRL"},"image":{"@id":"https:\/\/ident.md\/en\/#\/schema\/logo\/image\/"}}]}},"uagb_featured_image_src":{"full":["https:\/\/ident.md\/wp-content\/uploads\/2021\/04\/800.jpg",800,800,false],"thumbnail":["https:\/\/ident.md\/wp-content\/uploads\/2021\/04\/800-150x150.jpg",150,150,true],"medium":["https:\/\/ident.md\/wp-content\/uploads\/2021\/04\/800-300x300.jpg",300,300,true],"medium_large":["https:\/\/ident.md\/wp-content\/uploads\/2021\/04\/800-768x768.jpg",768,768,true],"large":["https:\/\/ident.md\/wp-content\/uploads\/2021\/04\/800.jpg",800,800,false],"gs-tiny":["https:\/\/ident.md\/wp-content\/uploads\/2021\/04\/800.jpg",50,50,false],"xl":["https:\/\/ident.md\/wp-content\/uploads\/2021\/04\/800.jpg",800,800,false],"xxl":["https:\/\/ident.md\/wp-content\/uploads\/2021\/04\/800.jpg",800,800,false],"xxxl":["https:\/\/ident.md\/wp-content\/uploads\/2021\/04\/800.jpg",800,800,false],"xxxxl":["https:\/\/ident.md\/wp-content\/uploads\/2021\/04\/800.jpg",800,800,false],"xxxxxl":["https:\/\/ident.md\/wp-content\/uploads\/2021\/04\/800.jpg",800,800,false],"1536x1536":["https:\/\/ident.md\/wp-content\/uploads\/2021\/04\/800.jpg",800,800,false],"2048x2048":["https:\/\/ident.md\/wp-content\/uploads\/2021\/04\/800.jpg",800,800,false],"woocommerce_thumbnail":["https:\/\/ident.md\/wp-content\/uploads\/2021\/04\/800-300x300.jpg",300,300,true],"woocommerce_single":["https:\/\/ident.md\/wp-content\/uploads\/2021\/04\/800-600x600.jpg",600,600,true],"woocommerce_gallery_thumbnail":["https:\/\/ident.md\/wp-content\/uploads\/2021\/04\/800-100x100.jpg",100,100,true]},"uagb_author_info":{"display_name":"admin","author_link":"https:\/\/ident.md\/en\/author\/"},"uagb_comment_info":0,"uagb_excerpt":"Palet\u0103 pentru amestecarea ceramicii WET&#8217;N&#8217;DRY SLIM PAD de la marca elve\u021bian\u0103 Smile Line Wet&#8217;n&#8217;Dry SlimPad vine cu o plac\u0103 de sticl\u0103 cu \u0219ase sloturi prelucrate. Benzile de filtrare PVA negre sunt inserate vertical, absorbind lichidul din rezervor \u0219i aduc\u00e2ndu-l la suprafa\u021b\u0103 pentru a v\u0103 men\u021bine ceramica \u00een consisten\u021ba dorit\u0103. &#8211; Suprafa\u021ba de lucru este plan\u0103...","brands":[{"id":405,"name":"Smile Line","slug":"smile-line"}],"_links":{"self":[{"href":"https:\/\/ident.md\/en\/wp-json\/wp\/v2\/product\/5820","targetHints":{"allow":["GET"]}}],"collection":[{"href":"https:\/\/ident.md\/en\/wp-json\/wp\/v2\/product"}],"about":[{"href":"https:\/\/ident.md\/en\/wp-json\/wp\/v2\/types\/product"}],"wp:featuredmedia":[{"embeddable":true,"href":"https:\/\/ident.md\/en\/wp-json\/wp\/v2\/media\/5819"}],"wp:attachment":[{"href":"https:\/\/ident.md\/en\/wp-json\/wp\/v2\/media?parent=5820"}],"wp:term":[{"taxonomy":"pwb-brand","embeddable":true,"href":"https:\/\/ident.md\/en\/wp-json\/wp\/v2\/pwb-brand?post=5820"},{"taxonomy":"product_brand","embeddable":true,"href":"https:\/\/ident.md\/en\/wp-json\/wp\/v2\/product_brand?post=5820"},{"taxonomy":"product_cat","embeddable":true,"href":"https:\/\/ident.md\/en\/wp-json\/wp\/v2\/product_cat?post=5820"},{"taxonomy":"product_tag","embeddable":true,"href":"https:\/\/ident.md\/en\/wp-json\/wp\/v2\/product_tag?post=5820"}],"curies":[{"name":"wp","href":"https:\/\/api.w.org\/{rel}","templated":true}]}}