{"id":5772,"date":"2021-03-26T16:12:15","date_gmt":"2021-03-26T13:12:15","guid":{"rendered":"https:\/\/ident.md\/product\/implanturi-icx-active-liquid\/"},"modified":"2021-03-26T16:12:15","modified_gmt":"2021-03-26T13:12:15","slug":"implanturi-icx-active-liquid","status":"publish","type":"product","link":"https:\/\/ident.md\/en\/produs\/implanturi-icx-active-liquid\/","title":{"rendered":"Implanturi ICX-ACTIVE LIQUID"},"content":{"rendered":"<p> Depozitarea implantului \u00eentr-o solu\u021bie salin\u0103 special\u0103 asigur\u0103 un grad ridicat de hidrofilitate.<\/p>\n<p>\u2705Micro-duritate perfect\u0103<br \/>\n\u2705Filet special de osteotomie<br \/>\n\u2705Pentru orice diametru \u0219i orice lungime<br \/>\n\u2705 Microre\u021bea perfect\u0103<br \/>\n\u2705 Suprafa\u021ba implantului hidrofil \u0219i microstructurat<br \/>\n\u2705 Timp scurt de vindecare<\/p>\n<p>Combina\u021bia tuturor beneficiilor ajut\u0103 la scurtarea timpului de vindecare \u0219i asigur\u0103 o stabilitate primar\u0103 ridicat\u0103.<\/p>\n","protected":false},"excerpt":{"rendered":"<p>Depozitarea implantului \u00eentr-o solu\u021bie salin\u0103 special\u0103 asigur\u0103 un grad ridicat de hidrofilitate. \u2705Micro-duritate perfect\u0103 \u2705Filet special de osteotomie \u2705Pentru orice diametru \u0219i orice lungime \u2705 Microre\u021bea perfect\u0103 \u2705 Suprafa\u021ba implantului hidrofil \u0219i microstructurat \u2705 Timp scurt de vindecare Combina\u021bia tuturor beneficiilor ajut\u0103 la scurtarea timpului de vindecare \u0219i asigur\u0103 o stabilitate primar\u0103 ridicat\u0103.<\/p>\n","protected":false},"featured_media":5770,"template":"","meta":{"inline_featured_image":false,"_uag_custom_page_level_css":"","editor_plus_copied_stylings":"{}","_kad_post_transparent":"","_kad_post_title":"","_kad_post_layout":"","_kad_post_sidebar_id":"","_kad_post_content_style":"","_kad_post_vertical_padding":"","_kad_post_feature":"","_kad_post_feature_position":"","_kad_post_header":false,"_kad_post_footer":false},"pwb-brand":[116],"product_brand":[],"product_cat":[83,16,104],"product_tag":[400,401,285,284],"class_list":{"0":"post-5772","1":"product","2":"type-product","3":"status-publish","4":"has-post-thumbnail","6":"pwb-brand-icx","7":"product_cat-stomatologie","8":"product_cat-implanturi-icx","9":"product_cat-chirurgie","10":"product_tag-icx-2","11":"product_tag-icx-active-liquid-2","12":"product_tag-285","13":"product_tag-284","15":"first","16":"instock","17":"shipping-taxable","18":"product-type-simple","19":"entry","20":"content-bg","21":"loop-entry"},"featured_image_urls_v2":{"full":["https:\/\/ident.md\/wp-content\/uploads\/2021\/03\/lik.jpg",800,800,false],"thumbnail":["https:\/\/ident.md\/wp-content\/uploads\/2021\/03\/lik-150x150.jpg",150,150,true],"medium":["https:\/\/ident.md\/wp-content\/uploads\/2021\/03\/lik-300x300.jpg",300,300,true],"medium_large":["https:\/\/ident.md\/wp-content\/uploads\/2021\/03\/lik-768x768.jpg",768,768,true],"large":["https:\/\/ident.md\/wp-content\/uploads\/2021\/03\/lik.jpg",800,800,false],"gs-tiny":["https:\/\/ident.md\/wp-content\/uploads\/2021\/03\/lik.jpg",50,50,false],"xl":["https:\/\/ident.md\/wp-content\/uploads\/2021\/03\/lik.jpg",800,800,false],"xxl":["https:\/\/ident.md\/wp-content\/uploads\/2021\/03\/lik.jpg",800,800,false],"xxxl":["https:\/\/ident.md\/wp-content\/uploads\/2021\/03\/lik.jpg",800,800,false],"xxxxl":["https:\/\/ident.md\/wp-content\/uploads\/2021\/03\/lik.jpg",800,800,false],"xxxxxl":["https:\/\/ident.md\/wp-content\/uploads\/2021\/03\/lik.jpg",800,800,false],"1536x1536":["https:\/\/ident.md\/wp-content\/uploads\/2021\/03\/lik.jpg",800,800,false],"2048x2048":["https:\/\/ident.md\/wp-content\/uploads\/2021\/03\/lik.jpg",800,800,false],"woocommerce_thumbnail":["https:\/\/ident.md\/wp-content\/uploads\/2021\/03\/lik-300x300.jpg",300,300,true],"woocommerce_single":["https:\/\/ident.md\/wp-content\/uploads\/2021\/03\/lik-600x600.jpg",600,600,true],"woocommerce_gallery_thumbnail":["https:\/\/ident.md\/wp-content\/uploads\/2021\/03\/lik-100x100.jpg",100,100,true]},"post_excerpt_stackable_v2":"<p>Depozitarea implantului \u00eentr-o solu\u021bie salin\u0103 special\u0103 asigur\u0103 un grad ridicat de hidrofilitate. \u2705Micro-duritate perfect\u0103 \u2705Filet special de osteotomie \u2705Pentru orice diametru \u0219i orice lungime \u2705 Microre\u021bea perfect\u0103 \u2705 Suprafa\u021ba implantului hidrofil \u0219i microstructurat \u2705 Timp scurt de vindecare Combina\u021bia tuturor beneficiilor ajut\u0103 la scurtarea timpului de vindecare \u0219i asigur\u0103 o stabilitate primar\u0103 ridicat\u0103.<\/p>\n","category_list_v2":"","author_info_v2":{"name":"","url":""},"comments_num_v2":"0 comments","yoast_head":"<!-- This site is optimized with the Yoast SEO plugin v25.8 - https:\/\/yoast.com\/wordpress\/plugins\/seo\/ -->\n<title>Implanturi ICX-ACTIVE LIQUID | iDent<\/title>\n<meta name=\"robots\" content=\"index, follow, max-snippet:-1, max-image-preview:large, max-video-preview:-1\" \/>\n<link rel=\"canonical\" href=\"https:\/\/ident.md\/en\/produs\/implanturi-icx-active-liquid\/\" \/>\n<meta property=\"og:locale\" content=\"en_US\" \/>\n<meta property=\"og:type\" content=\"article\" \/>\n<meta property=\"og:title\" content=\"Implanturi ICX-ACTIVE LIQUID | iDent\" \/>\n<meta property=\"og:description\" content=\"Depozitarea implantului \u00eentr-o solu\u021bie salin\u0103 special\u0103 asigur\u0103 un grad ridicat de hidrofilitate. \u2705Micro-duritate perfect\u0103 \u2705Filet special de osteotomie \u2705Pentru orice diametru \u0219i orice lungime \u2705 Microre\u021bea perfect\u0103 \u2705 Suprafa\u021ba implantului hidrofil \u0219i microstructurat \u2705 Timp scurt de vindecare Combina\u021bia tuturor beneficiilor ajut\u0103 la scurtarea timpului de vindecare \u0219i asigur\u0103 o stabilitate primar\u0103 ridicat\u0103.\" \/>\n<meta property=\"og:url\" content=\"https:\/\/ident.md\/en\/produs\/implanturi-icx-active-liquid\/\" \/>\n<meta property=\"og:site_name\" content=\"iDent\" \/>\n<meta property=\"og:image\" content=\"https:\/\/ident.md\/wp-content\/uploads\/2021\/03\/lik.jpg\" \/>\n\t<meta property=\"og:image:width\" content=\"800\" \/>\n\t<meta property=\"og:image:height\" content=\"800\" \/>\n\t<meta property=\"og:image:type\" content=\"image\/jpeg\" \/>\n<meta name=\"twitter:card\" content=\"summary_large_image\" \/>\n<script type=\"application\/ld+json\" class=\"yoast-schema-graph\">{\"@context\":\"https:\/\/schema.org\",\"@graph\":[{\"@type\":\"WebPage\",\"@id\":\"https:\/\/ident.md\/en\/produs\/implanturi-icx-active-liquid\/\",\"url\":\"https:\/\/ident.md\/en\/produs\/implanturi-icx-active-liquid\/\",\"name\":\"Implanturi ICX-ACTIVE LIQUID | iDent\",\"isPartOf\":{\"@id\":\"https:\/\/ident.md\/en\/#website\"},\"primaryImageOfPage\":{\"@id\":\"https:\/\/ident.md\/en\/produs\/implanturi-icx-active-liquid\/#primaryimage\"},\"image\":{\"@id\":\"https:\/\/ident.md\/en\/produs\/implanturi-icx-active-liquid\/#primaryimage\"},\"thumbnailUrl\":\"https:\/\/ident.md\/wp-content\/uploads\/2021\/03\/lik.jpg\",\"datePublished\":\"2021-03-26T13:12:15+00:00\",\"breadcrumb\":{\"@id\":\"https:\/\/ident.md\/en\/produs\/implanturi-icx-active-liquid\/#breadcrumb\"},\"inLanguage\":\"en-US\",\"potentialAction\":[{\"@type\":\"ReadAction\",\"target\":[\"https:\/\/ident.md\/en\/produs\/implanturi-icx-active-liquid\/\"]}]},{\"@type\":\"ImageObject\",\"inLanguage\":\"en-US\",\"@id\":\"https:\/\/ident.md\/en\/produs\/implanturi-icx-active-liquid\/#primaryimage\",\"url\":\"https:\/\/ident.md\/wp-content\/uploads\/2021\/03\/lik.jpg\",\"contentUrl\":\"https:\/\/ident.md\/wp-content\/uploads\/2021\/03\/lik.jpg\",\"width\":800,\"height\":800},{\"@type\":\"BreadcrumbList\",\"@id\":\"https:\/\/ident.md\/en\/produs\/implanturi-icx-active-liquid\/#breadcrumb\",\"itemListElement\":[{\"@type\":\"ListItem\",\"position\":1,\"name\":\"Prima pagin\u0103\",\"item\":\"https:\/\/ident.md\/en\/\"},{\"@type\":\"ListItem\",\"position\":2,\"name\":\"Product Catalog\",\"item\":\"https:\/\/ident.md\/catalog\/\"},{\"@type\":\"ListItem\",\"position\":3,\"name\":\"Implanturi ICX-ACTIVE LIQUID\"}]},{\"@type\":\"WebSite\",\"@id\":\"https:\/\/ident.md\/en\/#website\",\"url\":\"https:\/\/ident.md\/en\/\",\"name\":\"iDent\",\"description\":\"\",\"publisher\":{\"@id\":\"https:\/\/ident.md\/en\/#organization\"},\"potentialAction\":[{\"@type\":\"SearchAction\",\"target\":{\"@type\":\"EntryPoint\",\"urlTemplate\":\"https:\/\/ident.md\/en\/?s={search_term_string}\"},\"query-input\":{\"@type\":\"PropertyValueSpecification\",\"valueRequired\":true,\"valueName\":\"search_term_string\"}}],\"inLanguage\":\"en-US\"},{\"@type\":\"Organization\",\"@id\":\"https:\/\/ident.md\/en\/#organization\",\"name\":\"\\\"3D CEPH\\\" SRL\",\"url\":\"https:\/\/ident.md\/en\/\",\"logo\":{\"@type\":\"ImageObject\",\"inLanguage\":\"en-US\",\"@id\":\"https:\/\/ident.md\/en\/#\/schema\/logo\/image\/\",\"url\":\"https:\/\/ident.md\/wp-content\/uploads\/2020\/11\/ident-logo-1.png\",\"contentUrl\":\"https:\/\/ident.md\/wp-content\/uploads\/2020\/11\/ident-logo-1.png\",\"width\":2320,\"height\":3096,\"caption\":\"\\\"3D CEPH\\\" SRL\"},\"image\":{\"@id\":\"https:\/\/ident.md\/en\/#\/schema\/logo\/image\/\"}}]}<\/script>\n<!-- \/ Yoast SEO plugin. -->","yoast_head_json":{"title":"Implanturi ICX-ACTIVE LIQUID | iDent","robots":{"index":"index","follow":"follow","max-snippet":"max-snippet:-1","max-image-preview":"max-image-preview:large","max-video-preview":"max-video-preview:-1"},"canonical":"https:\/\/ident.md\/en\/produs\/implanturi-icx-active-liquid\/","og_locale":"en_US","og_type":"article","og_title":"Implanturi ICX-ACTIVE LIQUID | iDent","og_description":"Depozitarea implantului \u00eentr-o solu\u021bie salin\u0103 special\u0103 asigur\u0103 un grad ridicat de hidrofilitate. \u2705Micro-duritate perfect\u0103 \u2705Filet special de osteotomie \u2705Pentru orice diametru \u0219i orice lungime \u2705 Microre\u021bea perfect\u0103 \u2705 Suprafa\u021ba implantului hidrofil \u0219i microstructurat \u2705 Timp scurt de vindecare Combina\u021bia tuturor beneficiilor ajut\u0103 la scurtarea timpului de vindecare \u0219i asigur\u0103 o stabilitate primar\u0103 ridicat\u0103.","og_url":"https:\/\/ident.md\/en\/produs\/implanturi-icx-active-liquid\/","og_site_name":"iDent","og_image":[{"width":800,"height":800,"url":"https:\/\/ident.md\/wp-content\/uploads\/2021\/03\/lik.jpg","type":"image\/jpeg"}],"twitter_card":"summary_large_image","schema":{"@context":"https:\/\/schema.org","@graph":[{"@type":"WebPage","@id":"https:\/\/ident.md\/en\/produs\/implanturi-icx-active-liquid\/","url":"https:\/\/ident.md\/en\/produs\/implanturi-icx-active-liquid\/","name":"Implanturi ICX-ACTIVE LIQUID | iDent","isPartOf":{"@id":"https:\/\/ident.md\/en\/#website"},"primaryImageOfPage":{"@id":"https:\/\/ident.md\/en\/produs\/implanturi-icx-active-liquid\/#primaryimage"},"image":{"@id":"https:\/\/ident.md\/en\/produs\/implanturi-icx-active-liquid\/#primaryimage"},"thumbnailUrl":"https:\/\/ident.md\/wp-content\/uploads\/2021\/03\/lik.jpg","datePublished":"2021-03-26T13:12:15+00:00","breadcrumb":{"@id":"https:\/\/ident.md\/en\/produs\/implanturi-icx-active-liquid\/#breadcrumb"},"inLanguage":"en-US","potentialAction":[{"@type":"ReadAction","target":["https:\/\/ident.md\/en\/produs\/implanturi-icx-active-liquid\/"]}]},{"@type":"ImageObject","inLanguage":"en-US","@id":"https:\/\/ident.md\/en\/produs\/implanturi-icx-active-liquid\/#primaryimage","url":"https:\/\/ident.md\/wp-content\/uploads\/2021\/03\/lik.jpg","contentUrl":"https:\/\/ident.md\/wp-content\/uploads\/2021\/03\/lik.jpg","width":800,"height":800},{"@type":"BreadcrumbList","@id":"https:\/\/ident.md\/en\/produs\/implanturi-icx-active-liquid\/#breadcrumb","itemListElement":[{"@type":"ListItem","position":1,"name":"Prima pagin\u0103","item":"https:\/\/ident.md\/en\/"},{"@type":"ListItem","position":2,"name":"Product Catalog","item":"https:\/\/ident.md\/catalog\/"},{"@type":"ListItem","position":3,"name":"Implanturi ICX-ACTIVE LIQUID"}]},{"@type":"WebSite","@id":"https:\/\/ident.md\/en\/#website","url":"https:\/\/ident.md\/en\/","name":"iDent","description":"","publisher":{"@id":"https:\/\/ident.md\/en\/#organization"},"potentialAction":[{"@type":"SearchAction","target":{"@type":"EntryPoint","urlTemplate":"https:\/\/ident.md\/en\/?s={search_term_string}"},"query-input":{"@type":"PropertyValueSpecification","valueRequired":true,"valueName":"search_term_string"}}],"inLanguage":"en-US"},{"@type":"Organization","@id":"https:\/\/ident.md\/en\/#organization","name":"\"3D CEPH\" SRL","url":"https:\/\/ident.md\/en\/","logo":{"@type":"ImageObject","inLanguage":"en-US","@id":"https:\/\/ident.md\/en\/#\/schema\/logo\/image\/","url":"https:\/\/ident.md\/wp-content\/uploads\/2020\/11\/ident-logo-1.png","contentUrl":"https:\/\/ident.md\/wp-content\/uploads\/2020\/11\/ident-logo-1.png","width":2320,"height":3096,"caption":"\"3D CEPH\" SRL"},"image":{"@id":"https:\/\/ident.md\/en\/#\/schema\/logo\/image\/"}}]}},"uagb_featured_image_src":{"full":["https:\/\/ident.md\/wp-content\/uploads\/2021\/03\/lik.jpg",800,800,false],"thumbnail":["https:\/\/ident.md\/wp-content\/uploads\/2021\/03\/lik-150x150.jpg",150,150,true],"medium":["https:\/\/ident.md\/wp-content\/uploads\/2021\/03\/lik-300x300.jpg",300,300,true],"medium_large":["https:\/\/ident.md\/wp-content\/uploads\/2021\/03\/lik-768x768.jpg",768,768,true],"large":["https:\/\/ident.md\/wp-content\/uploads\/2021\/03\/lik.jpg",800,800,false],"gs-tiny":["https:\/\/ident.md\/wp-content\/uploads\/2021\/03\/lik.jpg",50,50,false],"xl":["https:\/\/ident.md\/wp-content\/uploads\/2021\/03\/lik.jpg",800,800,false],"xxl":["https:\/\/ident.md\/wp-content\/uploads\/2021\/03\/lik.jpg",800,800,false],"xxxl":["https:\/\/ident.md\/wp-content\/uploads\/2021\/03\/lik.jpg",800,800,false],"xxxxl":["https:\/\/ident.md\/wp-content\/uploads\/2021\/03\/lik.jpg",800,800,false],"xxxxxl":["https:\/\/ident.md\/wp-content\/uploads\/2021\/03\/lik.jpg",800,800,false],"1536x1536":["https:\/\/ident.md\/wp-content\/uploads\/2021\/03\/lik.jpg",800,800,false],"2048x2048":["https:\/\/ident.md\/wp-content\/uploads\/2021\/03\/lik.jpg",800,800,false],"woocommerce_thumbnail":["https:\/\/ident.md\/wp-content\/uploads\/2021\/03\/lik-300x300.jpg",300,300,true],"woocommerce_single":["https:\/\/ident.md\/wp-content\/uploads\/2021\/03\/lik-600x600.jpg",600,600,true],"woocommerce_gallery_thumbnail":["https:\/\/ident.md\/wp-content\/uploads\/2021\/03\/lik-100x100.jpg",100,100,true]},"uagb_author_info":{"display_name":"admin","author_link":"https:\/\/ident.md\/en\/author\/"},"uagb_comment_info":0,"uagb_excerpt":"Depozitarea implantului \u00eentr-o solu\u021bie salin\u0103 special\u0103 asigur\u0103 un grad ridicat de hidrofilitate. \u2705Micro-duritate perfect\u0103 \u2705Filet special de osteotomie \u2705Pentru orice diametru \u0219i orice lungime \u2705 Microre\u021bea perfect\u0103 \u2705 Suprafa\u021ba implantului hidrofil \u0219i microstructurat \u2705 Timp scurt de vindecare Combina\u021bia tuturor beneficiilor ajut\u0103 la scurtarea timpului de vindecare \u0219i asigur\u0103 o stabilitate primar\u0103 ridicat\u0103.","brands":[{"id":116,"name":"ICX","slug":"icx"}],"_links":{"self":[{"href":"https:\/\/ident.md\/en\/wp-json\/wp\/v2\/product\/5772","targetHints":{"allow":["GET"]}}],"collection":[{"href":"https:\/\/ident.md\/en\/wp-json\/wp\/v2\/product"}],"about":[{"href":"https:\/\/ident.md\/en\/wp-json\/wp\/v2\/types\/product"}],"wp:featuredmedia":[{"embeddable":true,"href":"https:\/\/ident.md\/en\/wp-json\/wp\/v2\/media\/5770"}],"wp:attachment":[{"href":"https:\/\/ident.md\/en\/wp-json\/wp\/v2\/media?parent=5772"}],"wp:term":[{"taxonomy":"pwb-brand","embeddable":true,"href":"https:\/\/ident.md\/en\/wp-json\/wp\/v2\/pwb-brand?post=5772"},{"taxonomy":"product_brand","embeddable":true,"href":"https:\/\/ident.md\/en\/wp-json\/wp\/v2\/product_brand?post=5772"},{"taxonomy":"product_cat","embeddable":true,"href":"https:\/\/ident.md\/en\/wp-json\/wp\/v2\/product_cat?post=5772"},{"taxonomy":"product_tag","embeddable":true,"href":"https:\/\/ident.md\/en\/wp-json\/wp\/v2\/product_tag?post=5772"}],"curies":[{"name":"wp","href":"https:\/\/api.w.org\/{rel}","templated":true}]}}