{"id":5756,"date":"2021-03-18T17:41:52","date_gmt":"2021-03-18T14:41:52","guid":{"rendered":"https:\/\/ident.md\/product\/elastice-zoo\/"},"modified":"2021-03-18T17:55:55","modified_gmt":"2021-03-18T14:55:55","slug":"elastice-zoo","status":"publish","type":"product","link":"https:\/\/ident.md\/en\/produs\/elastice-zoo\/","title":{"rendered":"Elastice ZOO"},"content":{"rendered":"<p><strong>Elastice ZOO<\/strong><\/p>\n<p><strong>Elastice<\/strong> realizate din latex chirurgical de \u00eenalt\u0103 calitate \u00een diferite diametre \u0219i grosimi.<br \/>\nCa elemente de rezisten\u021b\u0103, \u00een principal pentru trac\u021biunea elastic\u0103 intermaxilar\u0103.<\/p>\n<p>Gama \u0219i propriet\u0103\u021bi:<br \/>\nAmbalat \u00een pungi de 100 de inele elastice.<br \/>\nEle difer\u0103 prin diametrul inelului elastic \u0219i grosimea (rezisten\u021ba).<br \/>\nMaterialele elastice de diferite dimensiuni \u0219i concentra\u021bii au nume individuale \u00een func\u021bie de diferite tipuri de animale. Acest lucru se face pentru a face mai u\u0219or pentru pacien\u021bi \u0219i medici s\u0103-\u0219i aminteasc\u0103 tipul de elastice utilizate.<br \/>\nNivelul de rezisten\u021b\u0103 \u0219i diametrul elasticului sunt indicate pe pung\u0103. For\u021ba declarat\u0103 a inelului elastic se dezvolt\u0103 atunci c\u00e2nd este \u00eentins\u0103 de trei ori.<\/p>\n<p>Elasticele Ormco sunt unele dintre cele mai durabile \u00een ceea ce prive\u0219te pierderea rezisten\u021bei \u00een timp. Cu toate acestea, ca toate produsele elastice, acestea obosesc treptat. Pentru a men\u021bine efectul for\u021bei la un nivel mai mult sau mai pu\u021bin constant, este necesar<br \/>\n\u00eenlocui\u021bi elasticele de 2 ori pe zi.<\/p>\n","protected":false},"excerpt":{"rendered":"<p>Elastice ZOO Elastice realizate din latex chirurgical de \u00eenalt\u0103 calitate \u00een diferite diametre \u0219i grosimi. Ca elemente de rezisten\u021b\u0103, \u00een principal pentru trac\u021biunea elastic\u0103 intermaxilar\u0103. Gama \u0219i propriet\u0103\u021bi: Ambalat \u00een pungi de 100 de inele elastice. Ele difer\u0103 prin diametrul inelului elastic \u0219i grosimea (rezisten\u021ba). Materialele elastice de diferite dimensiuni \u0219i concentra\u021bii au nume individuale&#8230;<\/p>\n","protected":false},"featured_media":5754,"template":"","meta":{"inline_featured_image":false,"_uag_custom_page_level_css":"","editor_plus_copied_stylings":"{}","_kad_post_transparent":"default","_kad_post_title":"","_kad_post_layout":"default","_kad_post_sidebar_id":"","_kad_post_content_style":"default","_kad_post_vertical_padding":"default","_kad_post_feature":"","_kad_post_feature_position":"","_kad_post_header":false,"_kad_post_footer":false},"pwb-brand":[187],"product_brand":[],"product_cat":[83,66,121],"product_tag":[],"class_list":{"0":"post-5756","1":"product","2":"type-product","3":"status-publish","4":"has-post-thumbnail","6":"pwb-brand-ormco","7":"product_cat-stomatologie","8":"product_cat-produse-ormco","9":"product_cat-ligaturi-si-materiale-elastice","11":"first","12":"instock","13":"shipping-taxable","14":"product-type-simple","15":"entry","16":"content-bg","17":"loop-entry"},"featured_image_urls_v2":{"full":["https:\/\/ident.md\/wp-content\/uploads\/2021\/03\/\u044d\u043b\u0430\u0441\u0442\u0438\u043a\u0438.jpg",800,800,false],"thumbnail":["https:\/\/ident.md\/wp-content\/uploads\/2021\/03\/\u044d\u043b\u0430\u0441\u0442\u0438\u043a\u0438-150x150.jpg",150,150,true],"medium":["https:\/\/ident.md\/wp-content\/uploads\/2021\/03\/\u044d\u043b\u0430\u0441\u0442\u0438\u043a\u0438-300x300.jpg",300,300,true],"medium_large":["https:\/\/ident.md\/wp-content\/uploads\/2021\/03\/\u044d\u043b\u0430\u0441\u0442\u0438\u043a\u0438-768x768.jpg",768,768,true],"large":["https:\/\/ident.md\/wp-content\/uploads\/2021\/03\/\u044d\u043b\u0430\u0441\u0442\u0438\u043a\u0438.jpg",800,800,false],"gs-tiny":["https:\/\/ident.md\/wp-content\/uploads\/2021\/03\/\u044d\u043b\u0430\u0441\u0442\u0438\u043a\u0438.jpg",50,50,false],"xl":["https:\/\/ident.md\/wp-content\/uploads\/2021\/03\/\u044d\u043b\u0430\u0441\u0442\u0438\u043a\u0438.jpg",800,800,false],"xxl":["https:\/\/ident.md\/wp-content\/uploads\/2021\/03\/\u044d\u043b\u0430\u0441\u0442\u0438\u043a\u0438.jpg",800,800,false],"xxxl":["https:\/\/ident.md\/wp-content\/uploads\/2021\/03\/\u044d\u043b\u0430\u0441\u0442\u0438\u043a\u0438.jpg",800,800,false],"xxxxl":["https:\/\/ident.md\/wp-content\/uploads\/2021\/03\/\u044d\u043b\u0430\u0441\u0442\u0438\u043a\u0438.jpg",800,800,false],"xxxxxl":["https:\/\/ident.md\/wp-content\/uploads\/2021\/03\/\u044d\u043b\u0430\u0441\u0442\u0438\u043a\u0438.jpg",800,800,false],"1536x1536":["https:\/\/ident.md\/wp-content\/uploads\/2021\/03\/\u044d\u043b\u0430\u0441\u0442\u0438\u043a\u0438.jpg",800,800,false],"2048x2048":["https:\/\/ident.md\/wp-content\/uploads\/2021\/03\/\u044d\u043b\u0430\u0441\u0442\u0438\u043a\u0438.jpg",800,800,false],"woocommerce_thumbnail":["https:\/\/ident.md\/wp-content\/uploads\/2021\/03\/\u044d\u043b\u0430\u0441\u0442\u0438\u043a\u0438-300x300.jpg",300,300,true],"woocommerce_single":["https:\/\/ident.md\/wp-content\/uploads\/2021\/03\/\u044d\u043b\u0430\u0441\u0442\u0438\u043a\u0438-600x600.jpg",600,600,true],"woocommerce_gallery_thumbnail":["https:\/\/ident.md\/wp-content\/uploads\/2021\/03\/\u044d\u043b\u0430\u0441\u0442\u0438\u043a\u0438-100x100.jpg",100,100,true]},"post_excerpt_stackable_v2":"<p>Elastice ZOO Elastice realizate din latex chirurgical de \u00eenalt\u0103 calitate \u00een diferite diametre \u0219i grosimi. Ca elemente de rezisten\u021b\u0103, \u00een principal pentru trac\u021biunea elastic\u0103 intermaxilar\u0103. Gama \u0219i propriet\u0103\u021bi: Ambalat \u00een pungi de 100 de inele elastice. Ele difer\u0103 prin diametrul inelului elastic \u0219i grosimea (rezisten\u021ba). Materialele elastice de diferite dimensiuni \u0219i concentra\u021bii au nume individuale \u00een func\u021bie de diferite tipuri de animale. Acest lucru se face pentru a face mai u\u0219or pentru pacien\u021bi \u0219i medici s\u0103-\u0219i aminteasc\u0103 tipul de elastice utilizate. Nivelul de rezisten\u021b\u0103 \u0219i diametrul elasticului sunt indicate pe pung\u0103. For\u021ba declarat\u0103 a inelului elastic se dezvolt\u0103 atunci c\u00e2nd&hellip;<\/p>\n","category_list_v2":"","author_info_v2":{"name":"","url":""},"comments_num_v2":"0 comments","yoast_head":"<!-- This site is optimized with the Yoast SEO plugin v25.8 - https:\/\/yoast.com\/wordpress\/plugins\/seo\/ -->\n<title>Elastice ZOO | iDent<\/title>\n<meta name=\"robots\" content=\"index, follow, max-snippet:-1, max-image-preview:large, max-video-preview:-1\" \/>\n<link rel=\"canonical\" href=\"https:\/\/ident.md\/en\/produs\/elastice-zoo\/\" \/>\n<meta property=\"og:locale\" content=\"en_US\" \/>\n<meta property=\"og:type\" content=\"article\" \/>\n<meta property=\"og:title\" content=\"Elastice ZOO | iDent\" \/>\n<meta property=\"og:description\" content=\"Elastice ZOO Elastice realizate din latex chirurgical de \u00eenalt\u0103 calitate \u00een diferite diametre \u0219i grosimi. Ca elemente de rezisten\u021b\u0103, \u00een principal pentru trac\u021biunea elastic\u0103 intermaxilar\u0103. Gama \u0219i propriet\u0103\u021bi: Ambalat \u00een pungi de 100 de inele elastice. Ele difer\u0103 prin diametrul inelului elastic \u0219i grosimea (rezisten\u021ba). Materialele elastice de diferite dimensiuni \u0219i concentra\u021bii au nume individuale...\" \/>\n<meta property=\"og:url\" content=\"https:\/\/ident.md\/en\/produs\/elastice-zoo\/\" \/>\n<meta property=\"og:site_name\" content=\"iDent\" \/>\n<meta property=\"article:modified_time\" content=\"2021-03-18T14:55:55+00:00\" \/>\n<meta property=\"og:image\" content=\"https:\/\/ident.md\/wp-content\/uploads\/2021\/03\/\u044d\u043b\u0430\u0441\u0442\u0438\u043a\u0438.jpg\" \/>\n\t<meta property=\"og:image:width\" content=\"800\" \/>\n\t<meta property=\"og:image:height\" content=\"800\" \/>\n\t<meta property=\"og:image:type\" content=\"image\/jpeg\" \/>\n<meta name=\"twitter:card\" content=\"summary_large_image\" \/>\n<meta name=\"twitter:label1\" content=\"Est. reading time\" \/>\n\t<meta name=\"twitter:data1\" content=\"1 minute\" \/>\n<script type=\"application\/ld+json\" class=\"yoast-schema-graph\">{\"@context\":\"https:\/\/schema.org\",\"@graph\":[{\"@type\":\"WebPage\",\"@id\":\"https:\/\/ident.md\/en\/produs\/elastice-zoo\/\",\"url\":\"https:\/\/ident.md\/en\/produs\/elastice-zoo\/\",\"name\":\"Elastice ZOO | iDent\",\"isPartOf\":{\"@id\":\"https:\/\/ident.md\/en\/#website\"},\"primaryImageOfPage\":{\"@id\":\"https:\/\/ident.md\/en\/produs\/elastice-zoo\/#primaryimage\"},\"image\":{\"@id\":\"https:\/\/ident.md\/en\/produs\/elastice-zoo\/#primaryimage\"},\"thumbnailUrl\":\"https:\/\/ident.md\/wp-content\/uploads\/2021\/03\/\u044d\u043b\u0430\u0441\u0442\u0438\u043a\u0438.jpg\",\"datePublished\":\"2021-03-18T14:41:52+00:00\",\"dateModified\":\"2021-03-18T14:55:55+00:00\",\"breadcrumb\":{\"@id\":\"https:\/\/ident.md\/en\/produs\/elastice-zoo\/#breadcrumb\"},\"inLanguage\":\"en-US\",\"potentialAction\":[{\"@type\":\"ReadAction\",\"target\":[\"https:\/\/ident.md\/en\/produs\/elastice-zoo\/\"]}]},{\"@type\":\"ImageObject\",\"inLanguage\":\"en-US\",\"@id\":\"https:\/\/ident.md\/en\/produs\/elastice-zoo\/#primaryimage\",\"url\":\"https:\/\/ident.md\/wp-content\/uploads\/2021\/03\/\u044d\u043b\u0430\u0441\u0442\u0438\u043a\u0438.jpg\",\"contentUrl\":\"https:\/\/ident.md\/wp-content\/uploads\/2021\/03\/\u044d\u043b\u0430\u0441\u0442\u0438\u043a\u0438.jpg\",\"width\":800,\"height\":800},{\"@type\":\"BreadcrumbList\",\"@id\":\"https:\/\/ident.md\/en\/produs\/elastice-zoo\/#breadcrumb\",\"itemListElement\":[{\"@type\":\"ListItem\",\"position\":1,\"name\":\"Prima pagin\u0103\",\"item\":\"https:\/\/ident.md\/en\/\"},{\"@type\":\"ListItem\",\"position\":2,\"name\":\"Product Catalog\",\"item\":\"https:\/\/ident.md\/catalog\/\"},{\"@type\":\"ListItem\",\"position\":3,\"name\":\"Elastice ZOO\"}]},{\"@type\":\"WebSite\",\"@id\":\"https:\/\/ident.md\/en\/#website\",\"url\":\"https:\/\/ident.md\/en\/\",\"name\":\"iDent\",\"description\":\"\",\"publisher\":{\"@id\":\"https:\/\/ident.md\/en\/#organization\"},\"potentialAction\":[{\"@type\":\"SearchAction\",\"target\":{\"@type\":\"EntryPoint\",\"urlTemplate\":\"https:\/\/ident.md\/en\/?s={search_term_string}\"},\"query-input\":{\"@type\":\"PropertyValueSpecification\",\"valueRequired\":true,\"valueName\":\"search_term_string\"}}],\"inLanguage\":\"en-US\"},{\"@type\":\"Organization\",\"@id\":\"https:\/\/ident.md\/en\/#organization\",\"name\":\"\\\"3D CEPH\\\" SRL\",\"url\":\"https:\/\/ident.md\/en\/\",\"logo\":{\"@type\":\"ImageObject\",\"inLanguage\":\"en-US\",\"@id\":\"https:\/\/ident.md\/en\/#\/schema\/logo\/image\/\",\"url\":\"https:\/\/ident.md\/wp-content\/uploads\/2020\/11\/ident-logo-1.png\",\"contentUrl\":\"https:\/\/ident.md\/wp-content\/uploads\/2020\/11\/ident-logo-1.png\",\"width\":2320,\"height\":3096,\"caption\":\"\\\"3D CEPH\\\" SRL\"},\"image\":{\"@id\":\"https:\/\/ident.md\/en\/#\/schema\/logo\/image\/\"}}]}<\/script>\n<!-- \/ Yoast SEO plugin. -->","yoast_head_json":{"title":"Elastice ZOO | iDent","robots":{"index":"index","follow":"follow","max-snippet":"max-snippet:-1","max-image-preview":"max-image-preview:large","max-video-preview":"max-video-preview:-1"},"canonical":"https:\/\/ident.md\/en\/produs\/elastice-zoo\/","og_locale":"en_US","og_type":"article","og_title":"Elastice ZOO | iDent","og_description":"Elastice ZOO Elastice realizate din latex chirurgical de \u00eenalt\u0103 calitate \u00een diferite diametre \u0219i grosimi. Ca elemente de rezisten\u021b\u0103, \u00een principal pentru trac\u021biunea elastic\u0103 intermaxilar\u0103. Gama \u0219i propriet\u0103\u021bi: Ambalat \u00een pungi de 100 de inele elastice. Ele difer\u0103 prin diametrul inelului elastic \u0219i grosimea (rezisten\u021ba). Materialele elastice de diferite dimensiuni \u0219i concentra\u021bii au nume individuale...","og_url":"https:\/\/ident.md\/en\/produs\/elastice-zoo\/","og_site_name":"iDent","article_modified_time":"2021-03-18T14:55:55+00:00","og_image":[{"width":800,"height":800,"url":"https:\/\/ident.md\/wp-content\/uploads\/2021\/03\/\u044d\u043b\u0430\u0441\u0442\u0438\u043a\u0438.jpg","type":"image\/jpeg"}],"twitter_card":"summary_large_image","twitter_misc":{"Est. reading time":"1 minute"},"schema":{"@context":"https:\/\/schema.org","@graph":[{"@type":"WebPage","@id":"https:\/\/ident.md\/en\/produs\/elastice-zoo\/","url":"https:\/\/ident.md\/en\/produs\/elastice-zoo\/","name":"Elastice ZOO | iDent","isPartOf":{"@id":"https:\/\/ident.md\/en\/#website"},"primaryImageOfPage":{"@id":"https:\/\/ident.md\/en\/produs\/elastice-zoo\/#primaryimage"},"image":{"@id":"https:\/\/ident.md\/en\/produs\/elastice-zoo\/#primaryimage"},"thumbnailUrl":"https:\/\/ident.md\/wp-content\/uploads\/2021\/03\/\u044d\u043b\u0430\u0441\u0442\u0438\u043a\u0438.jpg","datePublished":"2021-03-18T14:41:52+00:00","dateModified":"2021-03-18T14:55:55+00:00","breadcrumb":{"@id":"https:\/\/ident.md\/en\/produs\/elastice-zoo\/#breadcrumb"},"inLanguage":"en-US","potentialAction":[{"@type":"ReadAction","target":["https:\/\/ident.md\/en\/produs\/elastice-zoo\/"]}]},{"@type":"ImageObject","inLanguage":"en-US","@id":"https:\/\/ident.md\/en\/produs\/elastice-zoo\/#primaryimage","url":"https:\/\/ident.md\/wp-content\/uploads\/2021\/03\/\u044d\u043b\u0430\u0441\u0442\u0438\u043a\u0438.jpg","contentUrl":"https:\/\/ident.md\/wp-content\/uploads\/2021\/03\/\u044d\u043b\u0430\u0441\u0442\u0438\u043a\u0438.jpg","width":800,"height":800},{"@type":"BreadcrumbList","@id":"https:\/\/ident.md\/en\/produs\/elastice-zoo\/#breadcrumb","itemListElement":[{"@type":"ListItem","position":1,"name":"Prima pagin\u0103","item":"https:\/\/ident.md\/en\/"},{"@type":"ListItem","position":2,"name":"Product Catalog","item":"https:\/\/ident.md\/catalog\/"},{"@type":"ListItem","position":3,"name":"Elastice ZOO"}]},{"@type":"WebSite","@id":"https:\/\/ident.md\/en\/#website","url":"https:\/\/ident.md\/en\/","name":"iDent","description":"","publisher":{"@id":"https:\/\/ident.md\/en\/#organization"},"potentialAction":[{"@type":"SearchAction","target":{"@type":"EntryPoint","urlTemplate":"https:\/\/ident.md\/en\/?s={search_term_string}"},"query-input":{"@type":"PropertyValueSpecification","valueRequired":true,"valueName":"search_term_string"}}],"inLanguage":"en-US"},{"@type":"Organization","@id":"https:\/\/ident.md\/en\/#organization","name":"\"3D CEPH\" SRL","url":"https:\/\/ident.md\/en\/","logo":{"@type":"ImageObject","inLanguage":"en-US","@id":"https:\/\/ident.md\/en\/#\/schema\/logo\/image\/","url":"https:\/\/ident.md\/wp-content\/uploads\/2020\/11\/ident-logo-1.png","contentUrl":"https:\/\/ident.md\/wp-content\/uploads\/2020\/11\/ident-logo-1.png","width":2320,"height":3096,"caption":"\"3D CEPH\" SRL"},"image":{"@id":"https:\/\/ident.md\/en\/#\/schema\/logo\/image\/"}}]}},"uagb_featured_image_src":{"full":["https:\/\/ident.md\/wp-content\/uploads\/2021\/03\/\u044d\u043b\u0430\u0441\u0442\u0438\u043a\u0438.jpg",800,800,false],"thumbnail":["https:\/\/ident.md\/wp-content\/uploads\/2021\/03\/\u044d\u043b\u0430\u0441\u0442\u0438\u043a\u0438-150x150.jpg",150,150,true],"medium":["https:\/\/ident.md\/wp-content\/uploads\/2021\/03\/\u044d\u043b\u0430\u0441\u0442\u0438\u043a\u0438-300x300.jpg",300,300,true],"medium_large":["https:\/\/ident.md\/wp-content\/uploads\/2021\/03\/\u044d\u043b\u0430\u0441\u0442\u0438\u043a\u0438-768x768.jpg",768,768,true],"large":["https:\/\/ident.md\/wp-content\/uploads\/2021\/03\/\u044d\u043b\u0430\u0441\u0442\u0438\u043a\u0438.jpg",800,800,false],"gs-tiny":["https:\/\/ident.md\/wp-content\/uploads\/2021\/03\/\u044d\u043b\u0430\u0441\u0442\u0438\u043a\u0438.jpg",50,50,false],"xl":["https:\/\/ident.md\/wp-content\/uploads\/2021\/03\/\u044d\u043b\u0430\u0441\u0442\u0438\u043a\u0438.jpg",800,800,false],"xxl":["https:\/\/ident.md\/wp-content\/uploads\/2021\/03\/\u044d\u043b\u0430\u0441\u0442\u0438\u043a\u0438.jpg",800,800,false],"xxxl":["https:\/\/ident.md\/wp-content\/uploads\/2021\/03\/\u044d\u043b\u0430\u0441\u0442\u0438\u043a\u0438.jpg",800,800,false],"xxxxl":["https:\/\/ident.md\/wp-content\/uploads\/2021\/03\/\u044d\u043b\u0430\u0441\u0442\u0438\u043a\u0438.jpg",800,800,false],"xxxxxl":["https:\/\/ident.md\/wp-content\/uploads\/2021\/03\/\u044d\u043b\u0430\u0441\u0442\u0438\u043a\u0438.jpg",800,800,false],"1536x1536":["https:\/\/ident.md\/wp-content\/uploads\/2021\/03\/\u044d\u043b\u0430\u0441\u0442\u0438\u043a\u0438.jpg",800,800,false],"2048x2048":["https:\/\/ident.md\/wp-content\/uploads\/2021\/03\/\u044d\u043b\u0430\u0441\u0442\u0438\u043a\u0438.jpg",800,800,false],"woocommerce_thumbnail":["https:\/\/ident.md\/wp-content\/uploads\/2021\/03\/\u044d\u043b\u0430\u0441\u0442\u0438\u043a\u0438-300x300.jpg",300,300,true],"woocommerce_single":["https:\/\/ident.md\/wp-content\/uploads\/2021\/03\/\u044d\u043b\u0430\u0441\u0442\u0438\u043a\u0438-600x600.jpg",600,600,true],"woocommerce_gallery_thumbnail":["https:\/\/ident.md\/wp-content\/uploads\/2021\/03\/\u044d\u043b\u0430\u0441\u0442\u0438\u043a\u0438-100x100.jpg",100,100,true]},"uagb_author_info":{"display_name":"admin","author_link":"https:\/\/ident.md\/en\/author\/"},"uagb_comment_info":0,"uagb_excerpt":"Elastice ZOO Elastice realizate din latex chirurgical de \u00eenalt\u0103 calitate \u00een diferite diametre \u0219i grosimi. Ca elemente de rezisten\u021b\u0103, \u00een principal pentru trac\u021biunea elastic\u0103 intermaxilar\u0103. Gama \u0219i propriet\u0103\u021bi: Ambalat \u00een pungi de 100 de inele elastice. Ele difer\u0103 prin diametrul inelului elastic \u0219i grosimea (rezisten\u021ba). Materialele elastice de diferite dimensiuni \u0219i concentra\u021bii au nume individuale...","brands":[{"id":187,"name":"ORMCO","slug":"ormco"}],"_links":{"self":[{"href":"https:\/\/ident.md\/en\/wp-json\/wp\/v2\/product\/5756","targetHints":{"allow":["GET"]}}],"collection":[{"href":"https:\/\/ident.md\/en\/wp-json\/wp\/v2\/product"}],"about":[{"href":"https:\/\/ident.md\/en\/wp-json\/wp\/v2\/types\/product"}],"wp:featuredmedia":[{"embeddable":true,"href":"https:\/\/ident.md\/en\/wp-json\/wp\/v2\/media\/5754"}],"wp:attachment":[{"href":"https:\/\/ident.md\/en\/wp-json\/wp\/v2\/media?parent=5756"}],"wp:term":[{"taxonomy":"pwb-brand","embeddable":true,"href":"https:\/\/ident.md\/en\/wp-json\/wp\/v2\/pwb-brand?post=5756"},{"taxonomy":"product_brand","embeddable":true,"href":"https:\/\/ident.md\/en\/wp-json\/wp\/v2\/product_brand?post=5756"},{"taxonomy":"product_cat","embeddable":true,"href":"https:\/\/ident.md\/en\/wp-json\/wp\/v2\/product_cat?post=5756"},{"taxonomy":"product_tag","embeddable":true,"href":"https:\/\/ident.md\/en\/wp-json\/wp\/v2\/product_tag?post=5756"}],"curies":[{"name":"wp","href":"https:\/\/api.w.org\/{rel}","templated":true}]}}