{"id":5750,"date":"2021-03-18T17:14:53","date_gmt":"2021-03-18T14:14:53","guid":{"rendered":"https:\/\/ident.md\/?post_type=product&#038;p=5750"},"modified":"2021-03-18T17:25:56","modified_gmt":"2021-03-18T14:25:56","slug":"ortodontic-wax","status":"publish","type":"product","link":"https:\/\/ident.md\/en\/produs\/ortodontic-wax\/","title":{"rendered":"Ortodontic Wax"},"content":{"rendered":"<p><strong>Ortodontic Wax de la Ormco<\/strong><br \/>\nCeara transparent\u0103 ajut\u0103 la reducerea disconfortului din cavitatea bucal\u0103 la purtarea aparatelor dentare.<br \/>\nPoate fi folosit \u00een fiecare zi dup\u0103 cum este necesar.<br \/>\nAjut\u0103 pentru a reduce la minimum inflama\u021biile \u0219i irita\u021biile care apar \u00een timpul tratamentului ortodontic.<br \/>\nReduce frecarea membranei mucoase.<\/p>\n","protected":false},"excerpt":{"rendered":"<p>Ortodontic Wax de la Ormco Ceara transparent\u0103 ajut\u0103 la reducerea disconfortului din cavitatea bucal\u0103 la purtarea aparatelor dentare. Poate fi folosit \u00een fiecare zi dup\u0103 cum este necesar. Ajut\u0103 pentru a reduce la minimum inflama\u021biile \u0219i irita\u021biile care apar \u00een timpul tratamentului ortodontic. Reduce frecarea membranei mucoase.<\/p>\n","protected":false},"featured_media":5749,"template":"","meta":{"inline_featured_image":false,"_uag_custom_page_level_css":"","editor_plus_copied_stylings":"{}","_kad_post_transparent":"","_kad_post_title":"","_kad_post_layout":"","_kad_post_sidebar_id":"","_kad_post_content_style":"","_kad_post_vertical_padding":"","_kad_post_feature":"","_kad_post_feature_position":"","_kad_post_header":false,"_kad_post_footer":false},"pwb-brand":[187],"product_brand":[],"product_cat":[83,66,117],"product_tag":[341,348,342],"class_list":{"0":"post-5750","1":"product","2":"type-product","3":"status-publish","4":"has-post-thumbnail","6":"pwb-brand-ormco","7":"product_cat-stomatologie","8":"product_cat-produse-ormco","9":"product_cat-brackets-damon-system","10":"product_tag-moldova-2","11":"product_tag-ormco-2","12":"product_tag-342","14":"first","15":"instock","16":"shipping-taxable","17":"product-type-simple","18":"entry","19":"content-bg","20":"loop-entry"},"featured_image_urls_v2":{"full":["https:\/\/ident.md\/wp-content\/uploads\/2021\/03\/\u0432\u043e\u0441\u043a.jpg",800,800,false],"thumbnail":["https:\/\/ident.md\/wp-content\/uploads\/2021\/03\/\u0432\u043e\u0441\u043a-150x150.jpg",150,150,true],"medium":["https:\/\/ident.md\/wp-content\/uploads\/2021\/03\/\u0432\u043e\u0441\u043a-300x300.jpg",300,300,true],"medium_large":["https:\/\/ident.md\/wp-content\/uploads\/2021\/03\/\u0432\u043e\u0441\u043a-768x768.jpg",768,768,true],"large":["https:\/\/ident.md\/wp-content\/uploads\/2021\/03\/\u0432\u043e\u0441\u043a.jpg",800,800,false],"gs-tiny":["https:\/\/ident.md\/wp-content\/uploads\/2021\/03\/\u0432\u043e\u0441\u043a.jpg",50,50,false],"xl":["https:\/\/ident.md\/wp-content\/uploads\/2021\/03\/\u0432\u043e\u0441\u043a.jpg",800,800,false],"xxl":["https:\/\/ident.md\/wp-content\/uploads\/2021\/03\/\u0432\u043e\u0441\u043a.jpg",800,800,false],"xxxl":["https:\/\/ident.md\/wp-content\/uploads\/2021\/03\/\u0432\u043e\u0441\u043a.jpg",800,800,false],"xxxxl":["https:\/\/ident.md\/wp-content\/uploads\/2021\/03\/\u0432\u043e\u0441\u043a.jpg",800,800,false],"xxxxxl":["https:\/\/ident.md\/wp-content\/uploads\/2021\/03\/\u0432\u043e\u0441\u043a.jpg",800,800,false],"1536x1536":["https:\/\/ident.md\/wp-content\/uploads\/2021\/03\/\u0432\u043e\u0441\u043a.jpg",800,800,false],"2048x2048":["https:\/\/ident.md\/wp-content\/uploads\/2021\/03\/\u0432\u043e\u0441\u043a.jpg",800,800,false],"woocommerce_thumbnail":["https:\/\/ident.md\/wp-content\/uploads\/2021\/03\/\u0432\u043e\u0441\u043a-300x300.jpg",300,300,true],"woocommerce_single":["https:\/\/ident.md\/wp-content\/uploads\/2021\/03\/\u0432\u043e\u0441\u043a-600x600.jpg",600,600,true],"woocommerce_gallery_thumbnail":["https:\/\/ident.md\/wp-content\/uploads\/2021\/03\/\u0432\u043e\u0441\u043a-100x100.jpg",100,100,true]},"post_excerpt_stackable_v2":"<p>Ortodontic Wax de la Ormco Ceara transparent\u0103 ajut\u0103 la reducerea disconfortului din cavitatea bucal\u0103 la purtarea aparatelor dentare. Poate fi folosit \u00een fiecare zi dup\u0103 cum este necesar. Ajut\u0103 pentru a reduce la minimum inflama\u021biile \u0219i irita\u021biile care apar \u00een timpul tratamentului ortodontic. Reduce frecarea membranei mucoase.<\/p>\n","category_list_v2":"","author_info_v2":{"name":"","url":""},"comments_num_v2":"0 comments","yoast_head":"<!-- This site is optimized with the Yoast SEO plugin v25.8 - https:\/\/yoast.com\/wordpress\/plugins\/seo\/ -->\n<title>Ortodontic Wax | iDent<\/title>\n<meta name=\"description\" content=\"Ortodontic Wax de la Ormco\" \/>\n<meta name=\"robots\" content=\"index, follow, max-snippet:-1, max-image-preview:large, max-video-preview:-1\" \/>\n<link rel=\"canonical\" href=\"https:\/\/ident.md\/en\/produs\/ortodontic-wax\/\" \/>\n<meta property=\"og:locale\" content=\"en_US\" \/>\n<meta property=\"og:type\" content=\"article\" \/>\n<meta property=\"og:title\" content=\"Ortodontic Wax | iDent\" \/>\n<meta property=\"og:description\" content=\"Ortodontic Wax de la Ormco\" \/>\n<meta property=\"og:url\" content=\"https:\/\/ident.md\/en\/produs\/ortodontic-wax\/\" \/>\n<meta property=\"og:site_name\" content=\"iDent\" \/>\n<meta property=\"article:modified_time\" content=\"2021-03-18T14:25:56+00:00\" \/>\n<meta property=\"og:image\" content=\"https:\/\/ident.md\/wp-content\/uploads\/2021\/03\/\u0432\u043e\u0441\u043a.jpg\" \/>\n\t<meta property=\"og:image:width\" content=\"800\" \/>\n\t<meta property=\"og:image:height\" content=\"800\" \/>\n\t<meta property=\"og:image:type\" content=\"image\/jpeg\" \/>\n<meta name=\"twitter:card\" content=\"summary_large_image\" \/>\n<script type=\"application\/ld+json\" class=\"yoast-schema-graph\">{\"@context\":\"https:\/\/schema.org\",\"@graph\":[{\"@type\":\"WebPage\",\"@id\":\"https:\/\/ident.md\/en\/produs\/ortodontic-wax\/\",\"url\":\"https:\/\/ident.md\/en\/produs\/ortodontic-wax\/\",\"name\":\"Ortodontic Wax | iDent\",\"isPartOf\":{\"@id\":\"https:\/\/ident.md\/en\/#website\"},\"primaryImageOfPage\":{\"@id\":\"https:\/\/ident.md\/en\/produs\/ortodontic-wax\/#primaryimage\"},\"image\":{\"@id\":\"https:\/\/ident.md\/en\/produs\/ortodontic-wax\/#primaryimage\"},\"thumbnailUrl\":\"https:\/\/ident.md\/wp-content\/uploads\/2021\/03\/\u0432\u043e\u0441\u043a.jpg\",\"datePublished\":\"2021-03-18T14:14:53+00:00\",\"dateModified\":\"2021-03-18T14:25:56+00:00\",\"description\":\"Ortodontic Wax de la Ormco\",\"breadcrumb\":{\"@id\":\"https:\/\/ident.md\/en\/produs\/ortodontic-wax\/#breadcrumb\"},\"inLanguage\":\"en-US\",\"potentialAction\":[{\"@type\":\"ReadAction\",\"target\":[\"https:\/\/ident.md\/en\/produs\/ortodontic-wax\/\"]}]},{\"@type\":\"ImageObject\",\"inLanguage\":\"en-US\",\"@id\":\"https:\/\/ident.md\/en\/produs\/ortodontic-wax\/#primaryimage\",\"url\":\"https:\/\/ident.md\/wp-content\/uploads\/2021\/03\/\u0432\u043e\u0441\u043a.jpg\",\"contentUrl\":\"https:\/\/ident.md\/wp-content\/uploads\/2021\/03\/\u0432\u043e\u0441\u043a.jpg\",\"width\":800,\"height\":800},{\"@type\":\"BreadcrumbList\",\"@id\":\"https:\/\/ident.md\/en\/produs\/ortodontic-wax\/#breadcrumb\",\"itemListElement\":[{\"@type\":\"ListItem\",\"position\":1,\"name\":\"Prima pagin\u0103\",\"item\":\"https:\/\/ident.md\/en\/\"},{\"@type\":\"ListItem\",\"position\":2,\"name\":\"Product Catalog\",\"item\":\"https:\/\/ident.md\/catalog\/\"},{\"@type\":\"ListItem\",\"position\":3,\"name\":\"Ortodontic Wax\"}]},{\"@type\":\"WebSite\",\"@id\":\"https:\/\/ident.md\/en\/#website\",\"url\":\"https:\/\/ident.md\/en\/\",\"name\":\"iDent\",\"description\":\"\",\"publisher\":{\"@id\":\"https:\/\/ident.md\/en\/#organization\"},\"potentialAction\":[{\"@type\":\"SearchAction\",\"target\":{\"@type\":\"EntryPoint\",\"urlTemplate\":\"https:\/\/ident.md\/en\/?s={search_term_string}\"},\"query-input\":{\"@type\":\"PropertyValueSpecification\",\"valueRequired\":true,\"valueName\":\"search_term_string\"}}],\"inLanguage\":\"en-US\"},{\"@type\":\"Organization\",\"@id\":\"https:\/\/ident.md\/en\/#organization\",\"name\":\"\\\"3D CEPH\\\" SRL\",\"url\":\"https:\/\/ident.md\/en\/\",\"logo\":{\"@type\":\"ImageObject\",\"inLanguage\":\"en-US\",\"@id\":\"https:\/\/ident.md\/en\/#\/schema\/logo\/image\/\",\"url\":\"https:\/\/ident.md\/wp-content\/uploads\/2020\/11\/ident-logo-1.png\",\"contentUrl\":\"https:\/\/ident.md\/wp-content\/uploads\/2020\/11\/ident-logo-1.png\",\"width\":2320,\"height\":3096,\"caption\":\"\\\"3D CEPH\\\" SRL\"},\"image\":{\"@id\":\"https:\/\/ident.md\/en\/#\/schema\/logo\/image\/\"}}]}<\/script>\n<!-- \/ Yoast SEO plugin. -->","yoast_head_json":{"title":"Ortodontic Wax | iDent","description":"Ortodontic Wax de la Ormco","robots":{"index":"index","follow":"follow","max-snippet":"max-snippet:-1","max-image-preview":"max-image-preview:large","max-video-preview":"max-video-preview:-1"},"canonical":"https:\/\/ident.md\/en\/produs\/ortodontic-wax\/","og_locale":"en_US","og_type":"article","og_title":"Ortodontic Wax | iDent","og_description":"Ortodontic Wax de la Ormco","og_url":"https:\/\/ident.md\/en\/produs\/ortodontic-wax\/","og_site_name":"iDent","article_modified_time":"2021-03-18T14:25:56+00:00","og_image":[{"width":800,"height":800,"url":"https:\/\/ident.md\/wp-content\/uploads\/2021\/03\/\u0432\u043e\u0441\u043a.jpg","type":"image\/jpeg"}],"twitter_card":"summary_large_image","schema":{"@context":"https:\/\/schema.org","@graph":[{"@type":"WebPage","@id":"https:\/\/ident.md\/en\/produs\/ortodontic-wax\/","url":"https:\/\/ident.md\/en\/produs\/ortodontic-wax\/","name":"Ortodontic Wax | iDent","isPartOf":{"@id":"https:\/\/ident.md\/en\/#website"},"primaryImageOfPage":{"@id":"https:\/\/ident.md\/en\/produs\/ortodontic-wax\/#primaryimage"},"image":{"@id":"https:\/\/ident.md\/en\/produs\/ortodontic-wax\/#primaryimage"},"thumbnailUrl":"https:\/\/ident.md\/wp-content\/uploads\/2021\/03\/\u0432\u043e\u0441\u043a.jpg","datePublished":"2021-03-18T14:14:53+00:00","dateModified":"2021-03-18T14:25:56+00:00","description":"Ortodontic Wax de la Ormco","breadcrumb":{"@id":"https:\/\/ident.md\/en\/produs\/ortodontic-wax\/#breadcrumb"},"inLanguage":"en-US","potentialAction":[{"@type":"ReadAction","target":["https:\/\/ident.md\/en\/produs\/ortodontic-wax\/"]}]},{"@type":"ImageObject","inLanguage":"en-US","@id":"https:\/\/ident.md\/en\/produs\/ortodontic-wax\/#primaryimage","url":"https:\/\/ident.md\/wp-content\/uploads\/2021\/03\/\u0432\u043e\u0441\u043a.jpg","contentUrl":"https:\/\/ident.md\/wp-content\/uploads\/2021\/03\/\u0432\u043e\u0441\u043a.jpg","width":800,"height":800},{"@type":"BreadcrumbList","@id":"https:\/\/ident.md\/en\/produs\/ortodontic-wax\/#breadcrumb","itemListElement":[{"@type":"ListItem","position":1,"name":"Prima pagin\u0103","item":"https:\/\/ident.md\/en\/"},{"@type":"ListItem","position":2,"name":"Product Catalog","item":"https:\/\/ident.md\/catalog\/"},{"@type":"ListItem","position":3,"name":"Ortodontic Wax"}]},{"@type":"WebSite","@id":"https:\/\/ident.md\/en\/#website","url":"https:\/\/ident.md\/en\/","name":"iDent","description":"","publisher":{"@id":"https:\/\/ident.md\/en\/#organization"},"potentialAction":[{"@type":"SearchAction","target":{"@type":"EntryPoint","urlTemplate":"https:\/\/ident.md\/en\/?s={search_term_string}"},"query-input":{"@type":"PropertyValueSpecification","valueRequired":true,"valueName":"search_term_string"}}],"inLanguage":"en-US"},{"@type":"Organization","@id":"https:\/\/ident.md\/en\/#organization","name":"\"3D CEPH\" SRL","url":"https:\/\/ident.md\/en\/","logo":{"@type":"ImageObject","inLanguage":"en-US","@id":"https:\/\/ident.md\/en\/#\/schema\/logo\/image\/","url":"https:\/\/ident.md\/wp-content\/uploads\/2020\/11\/ident-logo-1.png","contentUrl":"https:\/\/ident.md\/wp-content\/uploads\/2020\/11\/ident-logo-1.png","width":2320,"height":3096,"caption":"\"3D CEPH\" SRL"},"image":{"@id":"https:\/\/ident.md\/en\/#\/schema\/logo\/image\/"}}]}},"uagb_featured_image_src":{"full":["https:\/\/ident.md\/wp-content\/uploads\/2021\/03\/\u0432\u043e\u0441\u043a.jpg",800,800,false],"thumbnail":["https:\/\/ident.md\/wp-content\/uploads\/2021\/03\/\u0432\u043e\u0441\u043a-150x150.jpg",150,150,true],"medium":["https:\/\/ident.md\/wp-content\/uploads\/2021\/03\/\u0432\u043e\u0441\u043a-300x300.jpg",300,300,true],"medium_large":["https:\/\/ident.md\/wp-content\/uploads\/2021\/03\/\u0432\u043e\u0441\u043a-768x768.jpg",768,768,true],"large":["https:\/\/ident.md\/wp-content\/uploads\/2021\/03\/\u0432\u043e\u0441\u043a.jpg",800,800,false],"gs-tiny":["https:\/\/ident.md\/wp-content\/uploads\/2021\/03\/\u0432\u043e\u0441\u043a.jpg",50,50,false],"xl":["https:\/\/ident.md\/wp-content\/uploads\/2021\/03\/\u0432\u043e\u0441\u043a.jpg",800,800,false],"xxl":["https:\/\/ident.md\/wp-content\/uploads\/2021\/03\/\u0432\u043e\u0441\u043a.jpg",800,800,false],"xxxl":["https:\/\/ident.md\/wp-content\/uploads\/2021\/03\/\u0432\u043e\u0441\u043a.jpg",800,800,false],"xxxxl":["https:\/\/ident.md\/wp-content\/uploads\/2021\/03\/\u0432\u043e\u0441\u043a.jpg",800,800,false],"xxxxxl":["https:\/\/ident.md\/wp-content\/uploads\/2021\/03\/\u0432\u043e\u0441\u043a.jpg",800,800,false],"1536x1536":["https:\/\/ident.md\/wp-content\/uploads\/2021\/03\/\u0432\u043e\u0441\u043a.jpg",800,800,false],"2048x2048":["https:\/\/ident.md\/wp-content\/uploads\/2021\/03\/\u0432\u043e\u0441\u043a.jpg",800,800,false],"woocommerce_thumbnail":["https:\/\/ident.md\/wp-content\/uploads\/2021\/03\/\u0432\u043e\u0441\u043a-300x300.jpg",300,300,true],"woocommerce_single":["https:\/\/ident.md\/wp-content\/uploads\/2021\/03\/\u0432\u043e\u0441\u043a-600x600.jpg",600,600,true],"woocommerce_gallery_thumbnail":["https:\/\/ident.md\/wp-content\/uploads\/2021\/03\/\u0432\u043e\u0441\u043a-100x100.jpg",100,100,true]},"uagb_author_info":{"display_name":"admin","author_link":"https:\/\/ident.md\/en\/author\/"},"uagb_comment_info":0,"uagb_excerpt":"Ortodontic Wax de la Ormco Ceara transparent\u0103 ajut\u0103 la reducerea disconfortului din cavitatea bucal\u0103 la purtarea aparatelor dentare. Poate fi folosit \u00een fiecare zi dup\u0103 cum este necesar. Ajut\u0103 pentru a reduce la minimum inflama\u021biile \u0219i irita\u021biile care apar \u00een timpul tratamentului ortodontic. Reduce frecarea membranei mucoase.","brands":[{"id":187,"name":"ORMCO","slug":"ormco"}],"_links":{"self":[{"href":"https:\/\/ident.md\/en\/wp-json\/wp\/v2\/product\/5750","targetHints":{"allow":["GET"]}}],"collection":[{"href":"https:\/\/ident.md\/en\/wp-json\/wp\/v2\/product"}],"about":[{"href":"https:\/\/ident.md\/en\/wp-json\/wp\/v2\/types\/product"}],"wp:featuredmedia":[{"embeddable":true,"href":"https:\/\/ident.md\/en\/wp-json\/wp\/v2\/media\/5749"}],"wp:attachment":[{"href":"https:\/\/ident.md\/en\/wp-json\/wp\/v2\/media?parent=5750"}],"wp:term":[{"taxonomy":"pwb-brand","embeddable":true,"href":"https:\/\/ident.md\/en\/wp-json\/wp\/v2\/pwb-brand?post=5750"},{"taxonomy":"product_brand","embeddable":true,"href":"https:\/\/ident.md\/en\/wp-json\/wp\/v2\/product_brand?post=5750"},{"taxonomy":"product_cat","embeddable":true,"href":"https:\/\/ident.md\/en\/wp-json\/wp\/v2\/product_cat?post=5750"},{"taxonomy":"product_tag","embeddable":true,"href":"https:\/\/ident.md\/en\/wp-json\/wp\/v2\/product_tag?post=5750"}],"curies":[{"name":"wp","href":"https:\/\/api.w.org\/{rel}","templated":true}]}}