{"id":5683,"date":"2021-03-03T18:12:30","date_gmt":"2021-03-03T15:12:30","guid":{"rendered":"https:\/\/ident.md\/product\/moonled\/"},"modified":"2021-03-04T13:21:03","modified_gmt":"2021-03-04T10:21:03","slug":"moonled","status":"publish","type":"product","link":"https:\/\/ident.md\/en\/produs\/moonled\/","title":{"rendered":"MOONLED"},"content":{"rendered":"<p>Cu forma sa simpl\u0103 \u0219i ergonomic\u0103, \u00c8clair\u00e9 <strong>MOONLED<\/strong> ofer\u0103 mediul de lucru ideal pentru dentist.<br \/>\n<img loading=\"lazy\" decoding=\"async\" class=\"alignleft wp-image-5676\" src=\"https:\/\/ident.md\/wp-content\/uploads\/2021\/03\/moonled.jpg\" alt=\"\" width=\"400\" height=\"544\" srcset=\"https:\/\/ident.md\/wp-content\/uploads\/2021\/03\/moonled.jpg 993w, https:\/\/ident.md\/wp-content\/uploads\/2021\/03\/moonled-221x300.jpg 221w, https:\/\/ident.md\/wp-content\/uploads\/2021\/03\/moonled-753x1024.jpg 753w, https:\/\/ident.md\/wp-content\/uploads\/2021\/03\/moonled-768x1045.jpg 768w, https:\/\/ident.md\/wp-content\/uploads\/2021\/03\/moonled-600x816.jpg 600w\" sizes=\"auto, (max-width: 400px) 100vw, 400px\" \/>Sistemul de iluminare LED reglabil \u0219i RGB v\u0103 permite s\u0103 diminua\u021bi intensitatea luminii \u0219i s\u0103 crea\u021bi o atmosfer\u0103 relaxant\u0103 \u00eenainte \u0219i dup\u0103 vizit\u0103.<\/p>\n","protected":false},"excerpt":{"rendered":"<p>Cu forma sa simpl\u0103 \u0219i ergonomic\u0103, \u00c8clair\u00e9 MOONLED ofer\u0103 mediul de lucru ideal pentru dentist. Sistemul de iluminare LED reglabil \u0219i RGB v\u0103 permite s\u0103 diminua\u021bi intensitatea luminii \u0219i s\u0103 crea\u021bi o atmosfer\u0103 relaxant\u0103 \u00eenainte \u0219i dup\u0103 vizit\u0103.<\/p>\n","protected":false},"featured_media":5679,"template":"","meta":{"inline_featured_image":false,"_uag_custom_page_level_css":"","editor_plus_copied_stylings":"{}","_kad_post_transparent":"default","_kad_post_title":"","_kad_post_layout":"default","_kad_post_sidebar_id":"","_kad_post_content_style":"default","_kad_post_vertical_padding":"default","_kad_post_feature":"","_kad_post_feature_position":"","_kad_post_header":false,"_kad_post_footer":false},"pwb-brand":[188],"product_brand":[],"product_cat":[83,67,167],"product_tag":[],"class_list":{"0":"post-5683","1":"product","2":"type-product","3":"status-publish","4":"has-post-thumbnail","6":"pwb-brand-eclaire","7":"product_cat-stomatologie","8":"product_cat-lampi-eclaire","9":"product_cat-iluminare-pentru-stomatologie","11":"first","12":"instock","13":"shipping-taxable","14":"product-type-simple","15":"entry","16":"content-bg","17":"loop-entry"},"featured_image_urls_v2":{"full":["https:\/\/ident.md\/wp-content\/uploads\/2021\/03\/moonled_0.jpg",800,800,false],"thumbnail":["https:\/\/ident.md\/wp-content\/uploads\/2021\/03\/moonled_0-150x150.jpg",150,150,true],"medium":["https:\/\/ident.md\/wp-content\/uploads\/2021\/03\/moonled_0-300x300.jpg",300,300,true],"medium_large":["https:\/\/ident.md\/wp-content\/uploads\/2021\/03\/moonled_0-768x768.jpg",768,768,true],"large":["https:\/\/ident.md\/wp-content\/uploads\/2021\/03\/moonled_0.jpg",800,800,false],"gs-tiny":["https:\/\/ident.md\/wp-content\/uploads\/2021\/03\/moonled_0.jpg",50,50,false],"xl":["https:\/\/ident.md\/wp-content\/uploads\/2021\/03\/moonled_0.jpg",800,800,false],"xxl":["https:\/\/ident.md\/wp-content\/uploads\/2021\/03\/moonled_0.jpg",800,800,false],"xxxl":["https:\/\/ident.md\/wp-content\/uploads\/2021\/03\/moonled_0.jpg",800,800,false],"xxxxl":["https:\/\/ident.md\/wp-content\/uploads\/2021\/03\/moonled_0.jpg",800,800,false],"xxxxxl":["https:\/\/ident.md\/wp-content\/uploads\/2021\/03\/moonled_0.jpg",800,800,false],"1536x1536":["https:\/\/ident.md\/wp-content\/uploads\/2021\/03\/moonled_0.jpg",800,800,false],"2048x2048":["https:\/\/ident.md\/wp-content\/uploads\/2021\/03\/moonled_0.jpg",800,800,false],"woocommerce_thumbnail":["https:\/\/ident.md\/wp-content\/uploads\/2021\/03\/moonled_0-300x300.jpg",300,300,true],"woocommerce_single":["https:\/\/ident.md\/wp-content\/uploads\/2021\/03\/moonled_0-600x600.jpg",600,600,true],"woocommerce_gallery_thumbnail":["https:\/\/ident.md\/wp-content\/uploads\/2021\/03\/moonled_0-100x100.jpg",100,100,true]},"post_excerpt_stackable_v2":"<p>Cu forma sa simpl\u0103 \u0219i ergonomic\u0103, \u00c8clair\u00e9 MOONLED ofer\u0103 mediul de lucru ideal pentru dentist. Sistemul de iluminare LED reglabil \u0219i RGB v\u0103 permite s\u0103 diminua\u021bi intensitatea luminii \u0219i s\u0103 crea\u021bi o atmosfer\u0103 relaxant\u0103 \u00eenainte \u0219i dup\u0103 vizit\u0103.<\/p>\n","category_list_v2":"","author_info_v2":{"name":"","url":""},"comments_num_v2":"0 comments","yoast_head":"<!-- This site is optimized with the Yoast SEO plugin v25.8 - https:\/\/yoast.com\/wordpress\/plugins\/seo\/ -->\n<title>MOONLED | iDent<\/title>\n<meta name=\"robots\" content=\"index, follow, max-snippet:-1, max-image-preview:large, max-video-preview:-1\" \/>\n<link rel=\"canonical\" href=\"https:\/\/ident.md\/en\/produs\/moonled\/\" \/>\n<meta property=\"og:locale\" content=\"en_US\" \/>\n<meta property=\"og:type\" content=\"article\" \/>\n<meta property=\"og:title\" content=\"MOONLED | iDent\" \/>\n<meta property=\"og:description\" content=\"Cu forma sa simpl\u0103 \u0219i ergonomic\u0103, \u00c8clair\u00e9 MOONLED ofer\u0103 mediul de lucru ideal pentru dentist. Sistemul de iluminare LED reglabil \u0219i RGB v\u0103 permite s\u0103 diminua\u021bi intensitatea luminii \u0219i s\u0103 crea\u021bi o atmosfer\u0103 relaxant\u0103 \u00eenainte \u0219i dup\u0103 vizit\u0103.\" \/>\n<meta property=\"og:url\" content=\"https:\/\/ident.md\/en\/produs\/moonled\/\" \/>\n<meta property=\"og:site_name\" content=\"iDent\" \/>\n<meta property=\"article:modified_time\" content=\"2021-03-04T10:21:03+00:00\" \/>\n<meta property=\"og:image\" content=\"https:\/\/ident.md\/wp-content\/uploads\/2021\/03\/moonled_0.jpg\" \/>\n\t<meta property=\"og:image:width\" content=\"800\" \/>\n\t<meta property=\"og:image:height\" content=\"800\" \/>\n\t<meta property=\"og:image:type\" content=\"image\/jpeg\" \/>\n<meta name=\"twitter:card\" content=\"summary_large_image\" \/>\n<script type=\"application\/ld+json\" class=\"yoast-schema-graph\">{\"@context\":\"https:\/\/schema.org\",\"@graph\":[{\"@type\":\"WebPage\",\"@id\":\"https:\/\/ident.md\/en\/produs\/moonled\/\",\"url\":\"https:\/\/ident.md\/en\/produs\/moonled\/\",\"name\":\"MOONLED | iDent\",\"isPartOf\":{\"@id\":\"https:\/\/ident.md\/en\/#website\"},\"primaryImageOfPage\":{\"@id\":\"https:\/\/ident.md\/en\/produs\/moonled\/#primaryimage\"},\"image\":{\"@id\":\"https:\/\/ident.md\/en\/produs\/moonled\/#primaryimage\"},\"thumbnailUrl\":\"https:\/\/ident.md\/wp-content\/uploads\/2021\/03\/moonled_0.jpg\",\"datePublished\":\"2021-03-03T15:12:30+00:00\",\"dateModified\":\"2021-03-04T10:21:03+00:00\",\"breadcrumb\":{\"@id\":\"https:\/\/ident.md\/en\/produs\/moonled\/#breadcrumb\"},\"inLanguage\":\"en-US\",\"potentialAction\":[{\"@type\":\"ReadAction\",\"target\":[\"https:\/\/ident.md\/en\/produs\/moonled\/\"]}]},{\"@type\":\"ImageObject\",\"inLanguage\":\"en-US\",\"@id\":\"https:\/\/ident.md\/en\/produs\/moonled\/#primaryimage\",\"url\":\"https:\/\/ident.md\/wp-content\/uploads\/2021\/03\/moonled_0.jpg\",\"contentUrl\":\"https:\/\/ident.md\/wp-content\/uploads\/2021\/03\/moonled_0.jpg\",\"width\":800,\"height\":800},{\"@type\":\"BreadcrumbList\",\"@id\":\"https:\/\/ident.md\/en\/produs\/moonled\/#breadcrumb\",\"itemListElement\":[{\"@type\":\"ListItem\",\"position\":1,\"name\":\"Prima pagin\u0103\",\"item\":\"https:\/\/ident.md\/en\/\"},{\"@type\":\"ListItem\",\"position\":2,\"name\":\"Product Catalog\",\"item\":\"https:\/\/ident.md\/catalog\/\"},{\"@type\":\"ListItem\",\"position\":3,\"name\":\"MOONLED\"}]},{\"@type\":\"WebSite\",\"@id\":\"https:\/\/ident.md\/en\/#website\",\"url\":\"https:\/\/ident.md\/en\/\",\"name\":\"iDent\",\"description\":\"\",\"publisher\":{\"@id\":\"https:\/\/ident.md\/en\/#organization\"},\"potentialAction\":[{\"@type\":\"SearchAction\",\"target\":{\"@type\":\"EntryPoint\",\"urlTemplate\":\"https:\/\/ident.md\/en\/?s={search_term_string}\"},\"query-input\":{\"@type\":\"PropertyValueSpecification\",\"valueRequired\":true,\"valueName\":\"search_term_string\"}}],\"inLanguage\":\"en-US\"},{\"@type\":\"Organization\",\"@id\":\"https:\/\/ident.md\/en\/#organization\",\"name\":\"\\\"3D CEPH\\\" SRL\",\"url\":\"https:\/\/ident.md\/en\/\",\"logo\":{\"@type\":\"ImageObject\",\"inLanguage\":\"en-US\",\"@id\":\"https:\/\/ident.md\/en\/#\/schema\/logo\/image\/\",\"url\":\"https:\/\/ident.md\/wp-content\/uploads\/2020\/11\/ident-logo-1.png\",\"contentUrl\":\"https:\/\/ident.md\/wp-content\/uploads\/2020\/11\/ident-logo-1.png\",\"width\":2320,\"height\":3096,\"caption\":\"\\\"3D CEPH\\\" SRL\"},\"image\":{\"@id\":\"https:\/\/ident.md\/en\/#\/schema\/logo\/image\/\"}}]}<\/script>\n<!-- \/ Yoast SEO plugin. -->","yoast_head_json":{"title":"MOONLED | iDent","robots":{"index":"index","follow":"follow","max-snippet":"max-snippet:-1","max-image-preview":"max-image-preview:large","max-video-preview":"max-video-preview:-1"},"canonical":"https:\/\/ident.md\/en\/produs\/moonled\/","og_locale":"en_US","og_type":"article","og_title":"MOONLED | iDent","og_description":"Cu forma sa simpl\u0103 \u0219i ergonomic\u0103, \u00c8clair\u00e9 MOONLED ofer\u0103 mediul de lucru ideal pentru dentist. Sistemul de iluminare LED reglabil \u0219i RGB v\u0103 permite s\u0103 diminua\u021bi intensitatea luminii \u0219i s\u0103 crea\u021bi o atmosfer\u0103 relaxant\u0103 \u00eenainte \u0219i dup\u0103 vizit\u0103.","og_url":"https:\/\/ident.md\/en\/produs\/moonled\/","og_site_name":"iDent","article_modified_time":"2021-03-04T10:21:03+00:00","og_image":[{"width":800,"height":800,"url":"https:\/\/ident.md\/wp-content\/uploads\/2021\/03\/moonled_0.jpg","type":"image\/jpeg"}],"twitter_card":"summary_large_image","schema":{"@context":"https:\/\/schema.org","@graph":[{"@type":"WebPage","@id":"https:\/\/ident.md\/en\/produs\/moonled\/","url":"https:\/\/ident.md\/en\/produs\/moonled\/","name":"MOONLED | iDent","isPartOf":{"@id":"https:\/\/ident.md\/en\/#website"},"primaryImageOfPage":{"@id":"https:\/\/ident.md\/en\/produs\/moonled\/#primaryimage"},"image":{"@id":"https:\/\/ident.md\/en\/produs\/moonled\/#primaryimage"},"thumbnailUrl":"https:\/\/ident.md\/wp-content\/uploads\/2021\/03\/moonled_0.jpg","datePublished":"2021-03-03T15:12:30+00:00","dateModified":"2021-03-04T10:21:03+00:00","breadcrumb":{"@id":"https:\/\/ident.md\/en\/produs\/moonled\/#breadcrumb"},"inLanguage":"en-US","potentialAction":[{"@type":"ReadAction","target":["https:\/\/ident.md\/en\/produs\/moonled\/"]}]},{"@type":"ImageObject","inLanguage":"en-US","@id":"https:\/\/ident.md\/en\/produs\/moonled\/#primaryimage","url":"https:\/\/ident.md\/wp-content\/uploads\/2021\/03\/moonled_0.jpg","contentUrl":"https:\/\/ident.md\/wp-content\/uploads\/2021\/03\/moonled_0.jpg","width":800,"height":800},{"@type":"BreadcrumbList","@id":"https:\/\/ident.md\/en\/produs\/moonled\/#breadcrumb","itemListElement":[{"@type":"ListItem","position":1,"name":"Prima pagin\u0103","item":"https:\/\/ident.md\/en\/"},{"@type":"ListItem","position":2,"name":"Product Catalog","item":"https:\/\/ident.md\/catalog\/"},{"@type":"ListItem","position":3,"name":"MOONLED"}]},{"@type":"WebSite","@id":"https:\/\/ident.md\/en\/#website","url":"https:\/\/ident.md\/en\/","name":"iDent","description":"","publisher":{"@id":"https:\/\/ident.md\/en\/#organization"},"potentialAction":[{"@type":"SearchAction","target":{"@type":"EntryPoint","urlTemplate":"https:\/\/ident.md\/en\/?s={search_term_string}"},"query-input":{"@type":"PropertyValueSpecification","valueRequired":true,"valueName":"search_term_string"}}],"inLanguage":"en-US"},{"@type":"Organization","@id":"https:\/\/ident.md\/en\/#organization","name":"\"3D CEPH\" SRL","url":"https:\/\/ident.md\/en\/","logo":{"@type":"ImageObject","inLanguage":"en-US","@id":"https:\/\/ident.md\/en\/#\/schema\/logo\/image\/","url":"https:\/\/ident.md\/wp-content\/uploads\/2020\/11\/ident-logo-1.png","contentUrl":"https:\/\/ident.md\/wp-content\/uploads\/2020\/11\/ident-logo-1.png","width":2320,"height":3096,"caption":"\"3D CEPH\" SRL"},"image":{"@id":"https:\/\/ident.md\/en\/#\/schema\/logo\/image\/"}}]}},"uagb_featured_image_src":{"full":["https:\/\/ident.md\/wp-content\/uploads\/2021\/03\/moonled_0.jpg",800,800,false],"thumbnail":["https:\/\/ident.md\/wp-content\/uploads\/2021\/03\/moonled_0-150x150.jpg",150,150,true],"medium":["https:\/\/ident.md\/wp-content\/uploads\/2021\/03\/moonled_0-300x300.jpg",300,300,true],"medium_large":["https:\/\/ident.md\/wp-content\/uploads\/2021\/03\/moonled_0-768x768.jpg",768,768,true],"large":["https:\/\/ident.md\/wp-content\/uploads\/2021\/03\/moonled_0.jpg",800,800,false],"gs-tiny":["https:\/\/ident.md\/wp-content\/uploads\/2021\/03\/moonled_0.jpg",50,50,false],"xl":["https:\/\/ident.md\/wp-content\/uploads\/2021\/03\/moonled_0.jpg",800,800,false],"xxl":["https:\/\/ident.md\/wp-content\/uploads\/2021\/03\/moonled_0.jpg",800,800,false],"xxxl":["https:\/\/ident.md\/wp-content\/uploads\/2021\/03\/moonled_0.jpg",800,800,false],"xxxxl":["https:\/\/ident.md\/wp-content\/uploads\/2021\/03\/moonled_0.jpg",800,800,false],"xxxxxl":["https:\/\/ident.md\/wp-content\/uploads\/2021\/03\/moonled_0.jpg",800,800,false],"1536x1536":["https:\/\/ident.md\/wp-content\/uploads\/2021\/03\/moonled_0.jpg",800,800,false],"2048x2048":["https:\/\/ident.md\/wp-content\/uploads\/2021\/03\/moonled_0.jpg",800,800,false],"woocommerce_thumbnail":["https:\/\/ident.md\/wp-content\/uploads\/2021\/03\/moonled_0-300x300.jpg",300,300,true],"woocommerce_single":["https:\/\/ident.md\/wp-content\/uploads\/2021\/03\/moonled_0-600x600.jpg",600,600,true],"woocommerce_gallery_thumbnail":["https:\/\/ident.md\/wp-content\/uploads\/2021\/03\/moonled_0-100x100.jpg",100,100,true]},"uagb_author_info":{"display_name":"admin","author_link":"https:\/\/ident.md\/en\/author\/"},"uagb_comment_info":0,"uagb_excerpt":"Cu forma sa simpl\u0103 \u0219i ergonomic\u0103, \u00c8clair\u00e9 MOONLED ofer\u0103 mediul de lucru ideal pentru dentist. Sistemul de iluminare LED reglabil \u0219i RGB v\u0103 permite s\u0103 diminua\u021bi intensitatea luminii \u0219i s\u0103 crea\u021bi o atmosfer\u0103 relaxant\u0103 \u00eenainte \u0219i dup\u0103 vizit\u0103.","brands":[{"id":188,"name":"\u00c8CLAIR\u00c9","slug":"eclaire"}],"_links":{"self":[{"href":"https:\/\/ident.md\/en\/wp-json\/wp\/v2\/product\/5683","targetHints":{"allow":["GET"]}}],"collection":[{"href":"https:\/\/ident.md\/en\/wp-json\/wp\/v2\/product"}],"about":[{"href":"https:\/\/ident.md\/en\/wp-json\/wp\/v2\/types\/product"}],"wp:featuredmedia":[{"embeddable":true,"href":"https:\/\/ident.md\/en\/wp-json\/wp\/v2\/media\/5679"}],"wp:attachment":[{"href":"https:\/\/ident.md\/en\/wp-json\/wp\/v2\/media?parent=5683"}],"wp:term":[{"taxonomy":"pwb-brand","embeddable":true,"href":"https:\/\/ident.md\/en\/wp-json\/wp\/v2\/pwb-brand?post=5683"},{"taxonomy":"product_brand","embeddable":true,"href":"https:\/\/ident.md\/en\/wp-json\/wp\/v2\/product_brand?post=5683"},{"taxonomy":"product_cat","embeddable":true,"href":"https:\/\/ident.md\/en\/wp-json\/wp\/v2\/product_cat?post=5683"},{"taxonomy":"product_tag","embeddable":true,"href":"https:\/\/ident.md\/en\/wp-json\/wp\/v2\/product_tag?post=5683"}],"curies":[{"name":"wp","href":"https:\/\/api.w.org\/{rel}","templated":true}]}}