{"id":5424,"date":"2021-02-08T17:08:37","date_gmt":"2021-02-08T14:08:37","guid":{"rendered":"https:\/\/ident.md\/product\/ecrane-de-protectie-pentru-stomatologi\/"},"modified":"2021-02-08T17:08:37","modified_gmt":"2021-02-08T14:08:37","slug":"ecrane-de-protectie-pentru-stomatologi","status":"publish","type":"product","link":"https:\/\/ident.md\/en\/produs\/ecrane-de-protectie-pentru-stomatologi\/","title":{"rendered":"Ecrane de protec\u021bie pentru stomatologi"},"content":{"rendered":"<p>Ecranul transparent din plastic de \u00eenalt\u0103 calitate \u00eempiedic\u0103 p\u0103trunderea particulelor mecanice pe fa\u021b\u0103. \u0218i, de asemenea, protejeaz\u0103 \u00eempotriva p\u0103trunderii virusului prin membranele mucoase.<br \/>\nStructura mobil\u0103 de sus permite luminii s\u0103 intre f\u0103r\u0103 obstacole, \u00eembun\u0103t\u0103\u021bind vizibilitatea pentru gestionarea pacientului. <\/p>\n<p>Beneficii:<br \/>\n\u2714Protejeaz\u0103 \u00een mod fiabil fa\u021ba de particule mecanice sau daune.<br \/>\n\u2714Protec\u021bie \u00eempotriva infec\u021biei prin mucoase.<br \/>\n\u2714Design ergonomic &#8211; Cadrul men\u021bine ecranul la o distan\u021b\u0103 optim\u0103 de fa\u021b\u0103, f\u0103r\u0103 a stoarce regiunea temporal\u0103 \u0219i a asigura un schimb de aer suficient.<br \/>\n\u2714 Optica de m\u0103rire poate fi utilizat\u0103 sub ecran.<br \/>\n\u2714Are propriet\u0103\u021bi optice impecabile, scutul nu distorsioneaz\u0103 imaginea, nu creeaz\u0103 str\u0103lucire, r\u0103m\u00e2ne transparent \u0219i nu devine galben \u00een timp.<br \/>\n\u2714Rezistent la uzura. Durata de via\u021b\u0103 este de aproximativ 4-5 ani.<\/p>\n<p>Pentru o protec\u021bie optim\u0103, v\u0103 recomand\u0103m s\u0103 folosi\u021bi ecranul \u00eempreun\u0103 cu o masc\u0103 medical\u0103.<\/p>\n","protected":false},"excerpt":{"rendered":"<p>Protec\u021bia fiabil\u0103 a fe\u021bei atunci c\u00e2nd lucra\u021bi cu un pacient este foarte important\u0103 pentru un dentist. Pentru protec\u021bie complet\u0103, IDent ofer\u0103 ecrane de protec\u021bie germane pentru stomatologi.<\/p>\n","protected":false},"featured_media":5423,"template":"","meta":{"inline_featured_image":false,"_uag_custom_page_level_css":"","editor_plus_copied_stylings":"{}","_kad_post_transparent":"","_kad_post_title":"","_kad_post_layout":"","_kad_post_sidebar_id":"","_kad_post_content_style":"","_kad_post_vertical_padding":"","_kad_post_feature":"","_kad_post_feature_position":"","_kad_post_header":false,"_kad_post_footer":false},"pwb-brand":[],"product_brand":[],"product_cat":[83,84],"product_tag":[322],"class_list":{"0":"post-5424","1":"product","2":"type-product","3":"status-publish","4":"has-post-thumbnail","6":"product_cat-stomatologie","7":"product_cat-protectie-pentru-medici","8":"product_tag---2","10":"first","11":"instock","12":"shipping-taxable","13":"product-type-simple","14":"entry","15":"content-bg","16":"loop-entry"},"featured_image_urls_v2":{"full":["https:\/\/ident.md\/wp-content\/uploads\/2021\/02\/ekran.jpg",800,800,false],"thumbnail":["https:\/\/ident.md\/wp-content\/uploads\/2021\/02\/ekran-150x150.jpg",150,150,true],"medium":["https:\/\/ident.md\/wp-content\/uploads\/2021\/02\/ekran-300x300.jpg",300,300,true],"medium_large":["https:\/\/ident.md\/wp-content\/uploads\/2021\/02\/ekran-768x768.jpg",768,768,true],"large":["https:\/\/ident.md\/wp-content\/uploads\/2021\/02\/ekran.jpg",800,800,false],"gs-tiny":["https:\/\/ident.md\/wp-content\/uploads\/2021\/02\/ekran.jpg",50,50,false],"xl":["https:\/\/ident.md\/wp-content\/uploads\/2021\/02\/ekran.jpg",800,800,false],"xxl":["https:\/\/ident.md\/wp-content\/uploads\/2021\/02\/ekran.jpg",800,800,false],"xxxl":["https:\/\/ident.md\/wp-content\/uploads\/2021\/02\/ekran.jpg",800,800,false],"xxxxl":["https:\/\/ident.md\/wp-content\/uploads\/2021\/02\/ekran.jpg",800,800,false],"xxxxxl":["https:\/\/ident.md\/wp-content\/uploads\/2021\/02\/ekran.jpg",800,800,false],"1536x1536":["https:\/\/ident.md\/wp-content\/uploads\/2021\/02\/ekran.jpg",800,800,false],"2048x2048":["https:\/\/ident.md\/wp-content\/uploads\/2021\/02\/ekran.jpg",800,800,false],"woocommerce_thumbnail":["https:\/\/ident.md\/wp-content\/uploads\/2021\/02\/ekran-300x300.jpg",300,300,true],"woocommerce_single":["https:\/\/ident.md\/wp-content\/uploads\/2021\/02\/ekran-600x600.jpg",600,600,true],"woocommerce_gallery_thumbnail":["https:\/\/ident.md\/wp-content\/uploads\/2021\/02\/ekran-100x100.jpg",100,100,true]},"post_excerpt_stackable_v2":"<p>Protec\u021bia fiabil\u0103 a fe\u021bei atunci c\u00e2nd lucra\u021bi cu un pacient este foarte important\u0103 pentru un dentist. Pentru protec\u021bie complet\u0103, IDent ofer\u0103 ecrane de protec\u021bie germane pentru stomatologi.<\/p>\n","category_list_v2":"","author_info_v2":{"name":"","url":""},"comments_num_v2":"0 comments","yoast_head":"<!-- This site is optimized with the Yoast SEO plugin v25.8 - https:\/\/yoast.com\/wordpress\/plugins\/seo\/ -->\n<title>Ecrane de protec\u021bie pentru stomatologi | iDent<\/title>\n<meta name=\"description\" content=\"Protec\u021bia fiabil\u0103 a fe\u021bei atunci c\u00e2nd lucra\u021bi cu un pacient este foarte important\u0103 pentru un dentist. Pentru protec\u021bie complet\u0103, IDent ofer\u0103 ecrane de protec\u021bie germane pentru stomatologi.\" \/>\n<meta name=\"robots\" content=\"index, follow, max-snippet:-1, max-image-preview:large, max-video-preview:-1\" \/>\n<link rel=\"canonical\" href=\"https:\/\/ident.md\/en\/produs\/ecrane-de-protectie-pentru-stomatologi\/\" \/>\n<meta property=\"og:locale\" content=\"en_US\" \/>\n<meta property=\"og:type\" content=\"article\" \/>\n<meta property=\"og:title\" content=\"Ecrane de protec\u021bie pentru stomatologi | iDent\" \/>\n<meta property=\"og:description\" content=\"Protec\u021bia fiabil\u0103 a fe\u021bei atunci c\u00e2nd lucra\u021bi cu un pacient este foarte important\u0103 pentru un dentist. Pentru protec\u021bie complet\u0103, IDent ofer\u0103 ecrane de protec\u021bie germane pentru stomatologi.\" \/>\n<meta property=\"og:url\" content=\"https:\/\/ident.md\/en\/produs\/ecrane-de-protectie-pentru-stomatologi\/\" \/>\n<meta property=\"og:site_name\" content=\"iDent\" \/>\n<meta property=\"og:image\" content=\"https:\/\/ident.md\/wp-content\/uploads\/2021\/02\/ekran.jpg\" \/>\n\t<meta property=\"og:image:width\" content=\"800\" \/>\n\t<meta property=\"og:image:height\" content=\"800\" \/>\n\t<meta property=\"og:image:type\" content=\"image\/jpeg\" \/>\n<meta name=\"twitter:card\" content=\"summary_large_image\" \/>\n<meta name=\"twitter:label1\" content=\"Est. reading time\" \/>\n\t<meta name=\"twitter:data1\" content=\"1 minute\" \/>\n<script type=\"application\/ld+json\" class=\"yoast-schema-graph\">{\"@context\":\"https:\/\/schema.org\",\"@graph\":[{\"@type\":\"WebPage\",\"@id\":\"https:\/\/ident.md\/en\/produs\/ecrane-de-protectie-pentru-stomatologi\/\",\"url\":\"https:\/\/ident.md\/en\/produs\/ecrane-de-protectie-pentru-stomatologi\/\",\"name\":\"Ecrane de protec\u021bie pentru stomatologi | iDent\",\"isPartOf\":{\"@id\":\"https:\/\/ident.md\/en\/#website\"},\"primaryImageOfPage\":{\"@id\":\"https:\/\/ident.md\/en\/produs\/ecrane-de-protectie-pentru-stomatologi\/#primaryimage\"},\"image\":{\"@id\":\"https:\/\/ident.md\/en\/produs\/ecrane-de-protectie-pentru-stomatologi\/#primaryimage\"},\"thumbnailUrl\":\"https:\/\/ident.md\/wp-content\/uploads\/2021\/02\/ekran.jpg\",\"datePublished\":\"2021-02-08T14:08:37+00:00\",\"description\":\"Protec\u021bia fiabil\u0103 a fe\u021bei atunci c\u00e2nd lucra\u021bi cu un pacient este foarte important\u0103 pentru un dentist. Pentru protec\u021bie complet\u0103, IDent ofer\u0103 ecrane de protec\u021bie germane pentru stomatologi.\",\"breadcrumb\":{\"@id\":\"https:\/\/ident.md\/en\/produs\/ecrane-de-protectie-pentru-stomatologi\/#breadcrumb\"},\"inLanguage\":\"en-US\",\"potentialAction\":[{\"@type\":\"ReadAction\",\"target\":[\"https:\/\/ident.md\/en\/produs\/ecrane-de-protectie-pentru-stomatologi\/\"]}]},{\"@type\":\"ImageObject\",\"inLanguage\":\"en-US\",\"@id\":\"https:\/\/ident.md\/en\/produs\/ecrane-de-protectie-pentru-stomatologi\/#primaryimage\",\"url\":\"https:\/\/ident.md\/wp-content\/uploads\/2021\/02\/ekran.jpg\",\"contentUrl\":\"https:\/\/ident.md\/wp-content\/uploads\/2021\/02\/ekran.jpg\",\"width\":800,\"height\":800},{\"@type\":\"BreadcrumbList\",\"@id\":\"https:\/\/ident.md\/en\/produs\/ecrane-de-protectie-pentru-stomatologi\/#breadcrumb\",\"itemListElement\":[{\"@type\":\"ListItem\",\"position\":1,\"name\":\"Prima pagin\u0103\",\"item\":\"https:\/\/ident.md\/en\/\"},{\"@type\":\"ListItem\",\"position\":2,\"name\":\"Product Catalog\",\"item\":\"https:\/\/ident.md\/catalog\/\"},{\"@type\":\"ListItem\",\"position\":3,\"name\":\"Ecrane de protec\u021bie pentru stomatologi\"}]},{\"@type\":\"WebSite\",\"@id\":\"https:\/\/ident.md\/en\/#website\",\"url\":\"https:\/\/ident.md\/en\/\",\"name\":\"iDent\",\"description\":\"\",\"publisher\":{\"@id\":\"https:\/\/ident.md\/en\/#organization\"},\"potentialAction\":[{\"@type\":\"SearchAction\",\"target\":{\"@type\":\"EntryPoint\",\"urlTemplate\":\"https:\/\/ident.md\/en\/?s={search_term_string}\"},\"query-input\":{\"@type\":\"PropertyValueSpecification\",\"valueRequired\":true,\"valueName\":\"search_term_string\"}}],\"inLanguage\":\"en-US\"},{\"@type\":\"Organization\",\"@id\":\"https:\/\/ident.md\/en\/#organization\",\"name\":\"\\\"3D CEPH\\\" SRL\",\"url\":\"https:\/\/ident.md\/en\/\",\"logo\":{\"@type\":\"ImageObject\",\"inLanguage\":\"en-US\",\"@id\":\"https:\/\/ident.md\/en\/#\/schema\/logo\/image\/\",\"url\":\"https:\/\/ident.md\/wp-content\/uploads\/2020\/11\/ident-logo-1.png\",\"contentUrl\":\"https:\/\/ident.md\/wp-content\/uploads\/2020\/11\/ident-logo-1.png\",\"width\":2320,\"height\":3096,\"caption\":\"\\\"3D CEPH\\\" SRL\"},\"image\":{\"@id\":\"https:\/\/ident.md\/en\/#\/schema\/logo\/image\/\"}}]}<\/script>\n<!-- \/ Yoast SEO plugin. -->","yoast_head_json":{"title":"Ecrane de protec\u021bie pentru stomatologi | iDent","description":"Protec\u021bia fiabil\u0103 a fe\u021bei atunci c\u00e2nd lucra\u021bi cu un pacient este foarte important\u0103 pentru un dentist. Pentru protec\u021bie complet\u0103, IDent ofer\u0103 ecrane de protec\u021bie germane pentru stomatologi.","robots":{"index":"index","follow":"follow","max-snippet":"max-snippet:-1","max-image-preview":"max-image-preview:large","max-video-preview":"max-video-preview:-1"},"canonical":"https:\/\/ident.md\/en\/produs\/ecrane-de-protectie-pentru-stomatologi\/","og_locale":"en_US","og_type":"article","og_title":"Ecrane de protec\u021bie pentru stomatologi | iDent","og_description":"Protec\u021bia fiabil\u0103 a fe\u021bei atunci c\u00e2nd lucra\u021bi cu un pacient este foarte important\u0103 pentru un dentist. Pentru protec\u021bie complet\u0103, IDent ofer\u0103 ecrane de protec\u021bie germane pentru stomatologi.","og_url":"https:\/\/ident.md\/en\/produs\/ecrane-de-protectie-pentru-stomatologi\/","og_site_name":"iDent","og_image":[{"width":800,"height":800,"url":"https:\/\/ident.md\/wp-content\/uploads\/2021\/02\/ekran.jpg","type":"image\/jpeg"}],"twitter_card":"summary_large_image","twitter_misc":{"Est. reading time":"1 minute"},"schema":{"@context":"https:\/\/schema.org","@graph":[{"@type":"WebPage","@id":"https:\/\/ident.md\/en\/produs\/ecrane-de-protectie-pentru-stomatologi\/","url":"https:\/\/ident.md\/en\/produs\/ecrane-de-protectie-pentru-stomatologi\/","name":"Ecrane de protec\u021bie pentru stomatologi | iDent","isPartOf":{"@id":"https:\/\/ident.md\/en\/#website"},"primaryImageOfPage":{"@id":"https:\/\/ident.md\/en\/produs\/ecrane-de-protectie-pentru-stomatologi\/#primaryimage"},"image":{"@id":"https:\/\/ident.md\/en\/produs\/ecrane-de-protectie-pentru-stomatologi\/#primaryimage"},"thumbnailUrl":"https:\/\/ident.md\/wp-content\/uploads\/2021\/02\/ekran.jpg","datePublished":"2021-02-08T14:08:37+00:00","description":"Protec\u021bia fiabil\u0103 a fe\u021bei atunci c\u00e2nd lucra\u021bi cu un pacient este foarte important\u0103 pentru un dentist. Pentru protec\u021bie complet\u0103, IDent ofer\u0103 ecrane de protec\u021bie germane pentru stomatologi.","breadcrumb":{"@id":"https:\/\/ident.md\/en\/produs\/ecrane-de-protectie-pentru-stomatologi\/#breadcrumb"},"inLanguage":"en-US","potentialAction":[{"@type":"ReadAction","target":["https:\/\/ident.md\/en\/produs\/ecrane-de-protectie-pentru-stomatologi\/"]}]},{"@type":"ImageObject","inLanguage":"en-US","@id":"https:\/\/ident.md\/en\/produs\/ecrane-de-protectie-pentru-stomatologi\/#primaryimage","url":"https:\/\/ident.md\/wp-content\/uploads\/2021\/02\/ekran.jpg","contentUrl":"https:\/\/ident.md\/wp-content\/uploads\/2021\/02\/ekran.jpg","width":800,"height":800},{"@type":"BreadcrumbList","@id":"https:\/\/ident.md\/en\/produs\/ecrane-de-protectie-pentru-stomatologi\/#breadcrumb","itemListElement":[{"@type":"ListItem","position":1,"name":"Prima pagin\u0103","item":"https:\/\/ident.md\/en\/"},{"@type":"ListItem","position":2,"name":"Product Catalog","item":"https:\/\/ident.md\/catalog\/"},{"@type":"ListItem","position":3,"name":"Ecrane de protec\u021bie pentru stomatologi"}]},{"@type":"WebSite","@id":"https:\/\/ident.md\/en\/#website","url":"https:\/\/ident.md\/en\/","name":"iDent","description":"","publisher":{"@id":"https:\/\/ident.md\/en\/#organization"},"potentialAction":[{"@type":"SearchAction","target":{"@type":"EntryPoint","urlTemplate":"https:\/\/ident.md\/en\/?s={search_term_string}"},"query-input":{"@type":"PropertyValueSpecification","valueRequired":true,"valueName":"search_term_string"}}],"inLanguage":"en-US"},{"@type":"Organization","@id":"https:\/\/ident.md\/en\/#organization","name":"\"3D CEPH\" SRL","url":"https:\/\/ident.md\/en\/","logo":{"@type":"ImageObject","inLanguage":"en-US","@id":"https:\/\/ident.md\/en\/#\/schema\/logo\/image\/","url":"https:\/\/ident.md\/wp-content\/uploads\/2020\/11\/ident-logo-1.png","contentUrl":"https:\/\/ident.md\/wp-content\/uploads\/2020\/11\/ident-logo-1.png","width":2320,"height":3096,"caption":"\"3D CEPH\" SRL"},"image":{"@id":"https:\/\/ident.md\/en\/#\/schema\/logo\/image\/"}}]}},"uagb_featured_image_src":{"full":["https:\/\/ident.md\/wp-content\/uploads\/2021\/02\/ekran.jpg",800,800,false],"thumbnail":["https:\/\/ident.md\/wp-content\/uploads\/2021\/02\/ekran-150x150.jpg",150,150,true],"medium":["https:\/\/ident.md\/wp-content\/uploads\/2021\/02\/ekran-300x300.jpg",300,300,true],"medium_large":["https:\/\/ident.md\/wp-content\/uploads\/2021\/02\/ekran-768x768.jpg",768,768,true],"large":["https:\/\/ident.md\/wp-content\/uploads\/2021\/02\/ekran.jpg",800,800,false],"gs-tiny":["https:\/\/ident.md\/wp-content\/uploads\/2021\/02\/ekran.jpg",50,50,false],"xl":["https:\/\/ident.md\/wp-content\/uploads\/2021\/02\/ekran.jpg",800,800,false],"xxl":["https:\/\/ident.md\/wp-content\/uploads\/2021\/02\/ekran.jpg",800,800,false],"xxxl":["https:\/\/ident.md\/wp-content\/uploads\/2021\/02\/ekran.jpg",800,800,false],"xxxxl":["https:\/\/ident.md\/wp-content\/uploads\/2021\/02\/ekran.jpg",800,800,false],"xxxxxl":["https:\/\/ident.md\/wp-content\/uploads\/2021\/02\/ekran.jpg",800,800,false],"1536x1536":["https:\/\/ident.md\/wp-content\/uploads\/2021\/02\/ekran.jpg",800,800,false],"2048x2048":["https:\/\/ident.md\/wp-content\/uploads\/2021\/02\/ekran.jpg",800,800,false],"woocommerce_thumbnail":["https:\/\/ident.md\/wp-content\/uploads\/2021\/02\/ekran-300x300.jpg",300,300,true],"woocommerce_single":["https:\/\/ident.md\/wp-content\/uploads\/2021\/02\/ekran-600x600.jpg",600,600,true],"woocommerce_gallery_thumbnail":["https:\/\/ident.md\/wp-content\/uploads\/2021\/02\/ekran-100x100.jpg",100,100,true]},"uagb_author_info":{"display_name":"admin","author_link":"https:\/\/ident.md\/en\/author\/"},"uagb_comment_info":0,"uagb_excerpt":"Protec\u021bia fiabil\u0103 a fe\u021bei atunci c\u00e2nd lucra\u021bi cu un pacient este foarte important\u0103 pentru un dentist. Pentru protec\u021bie complet\u0103, IDent ofer\u0103 ecrane de protec\u021bie germane pentru stomatologi.","brands":[],"_links":{"self":[{"href":"https:\/\/ident.md\/en\/wp-json\/wp\/v2\/product\/5424","targetHints":{"allow":["GET"]}}],"collection":[{"href":"https:\/\/ident.md\/en\/wp-json\/wp\/v2\/product"}],"about":[{"href":"https:\/\/ident.md\/en\/wp-json\/wp\/v2\/types\/product"}],"wp:featuredmedia":[{"embeddable":true,"href":"https:\/\/ident.md\/en\/wp-json\/wp\/v2\/media\/5423"}],"wp:attachment":[{"href":"https:\/\/ident.md\/en\/wp-json\/wp\/v2\/media?parent=5424"}],"wp:term":[{"taxonomy":"pwb-brand","embeddable":true,"href":"https:\/\/ident.md\/en\/wp-json\/wp\/v2\/pwb-brand?post=5424"},{"taxonomy":"product_brand","embeddable":true,"href":"https:\/\/ident.md\/en\/wp-json\/wp\/v2\/product_brand?post=5424"},{"taxonomy":"product_cat","embeddable":true,"href":"https:\/\/ident.md\/en\/wp-json\/wp\/v2\/product_cat?post=5424"},{"taxonomy":"product_tag","embeddable":true,"href":"https:\/\/ident.md\/en\/wp-json\/wp\/v2\/product_tag?post=5424"}],"curies":[{"name":"wp","href":"https:\/\/api.w.org\/{rel}","templated":true}]}}