{"id":5411,"date":"2021-01-26T16:33:01","date_gmt":"2021-01-26T13:33:01","guid":{"rendered":"https:\/\/ident.md\/product\/bakteritsidnaya-lampa-moovi-uv\/"},"modified":"2021-03-04T13:27:04","modified_gmt":"2021-03-04T10:27:04","slug":"lampa-germicida-moovi-uv","status":"publish","type":"product","link":"https:\/\/ident.md\/en\/produs\/lampa-germicida-moovi-uv\/","title":{"rendered":"Lamp\u0103 germicid\u0103 MOOVI UV"},"content":{"rendered":"<p><strong>MOOVI UV<\/strong> este un instrument eficient de dezinfec\u021bie a aerului care utilizeaz\u0103 tehnologia germicid\u0103 UV.<br \/>\nCercet\u0103rile arat\u0103 c\u0103 razele UV au un efect d\u0103un\u0103tor asupra ARN-ului \u0219i ADN-ului bacteriilor, mucegaiurilor, drojdiilor \u0219i virusurilor, \u00eempiedic\u00e2ndu-le s\u0103 se \u00eenmul\u021beasc\u0103.<br \/>\nEfectul de cur\u0103\u021bare se realizeaz\u0103 la o lungime de und\u0103 mai mic\u0103 de 320 nm, prin urmare l\u0103mpile germicide produc lumin\u0103 cu lungimea de und\u0103 de 254 nm \u0219i, de asemenea, nu con\u021bin ozon.<\/p>\n<p><strong>SPECIFICA\u021aII:<\/strong><br \/>\nPutere: 2x55W<br \/>\nOp\u021biune de conectare: CEL cu balasturi electronice EEI = A2, 220-240V<br \/>\nIradiere: UV-C &#8211; 2,2 W \/ m\u00b2 la 1 m 0,35 W \/ m\u00b2 la 2,5 m 0,14 W \/ m\u00b2 la 4m<br \/>\nDurata surselor UV-C: 9000 ore<br \/>\nDimensiuni: A: 300 mm B: 170 mm H: 670 mm<br \/>\nTemperatura de lucru: -10 \u00b0 C ~ + 35 \u00b0 C<br \/>\nPotrivit pentru camere de p\u00e2n\u0103 la 25 m\u00b2<br \/>\nDispozitivul respect\u0103 cerin\u021bele de siguran\u021b\u0103 electric\u0103: EN 60598<br \/>\nEficien\u021ba uciderii celor mai frecvente microorganisme: 99%<br \/>\nSenzor de prezen\u021b\u0103: atinge\u021bi<br \/>\nTemporizator: Da<br \/>\nDurata: 30 de minute<\/p>\n","protected":false},"excerpt":{"rendered":"<p>Lampa portabil\u0103 <strong>MOOVI UV<\/strong> este un instrument eficient pur de purificare a aerului care utilizeaz\u0103 tehnologia sursei UV germicide. Distruge cele mai comune microorganisme cu o eficien\u021b\u0103 de 99%.<\/p>\n<p>Datorit\u0103 faptului c\u0103 lampa este mobil\u0103, o pute\u021bi folosi \u00een mai multe camere, acest lucru v\u0103 permite s\u0103 economisi\u021bi bani \u0219i nu este nevoie s\u0103 instala\u021bi l\u0103mpi UV \u00een fiecare birou.<\/p>\n<p><strong>Beneficii:<\/strong><br \/>\n\u2705 Senzor tactil de prezen\u021b\u0103. Lampa se va stinge automat c\u00e2nd cineva se afl\u0103 \u00een camer\u0103.<br \/>\n\u2705 U\u0219or \u0219i mobil.<br \/>\n\u2705 Temporizator &#8211; 30 de minute.<\/p>\n<p>Produc\u021bie: \u00c8clair\u00e9, Italia<\/p>\n","protected":false},"featured_media":5403,"template":"","meta":{"inline_featured_image":false,"_uag_custom_page_level_css":"","editor_plus_copied_stylings":"{}","_kad_post_transparent":"default","_kad_post_title":"","_kad_post_layout":"default","_kad_post_sidebar_id":"","_kad_post_content_style":"default","_kad_post_vertical_padding":"default","_kad_post_feature":"","_kad_post_feature_position":"","_kad_post_header":false,"_kad_post_footer":false},"pwb-brand":[188],"product_brand":[],"product_cat":[83,67,169],"product_tag":[359,360,279],"class_list":{"0":"post-5411","1":"product","2":"type-product","3":"status-publish","4":"has-post-thumbnail","6":"pwb-brand-eclaire","7":"product_cat-stomatologie","8":"product_cat-lampi-eclaire","9":"product_cat-bactericid","10":"product_tag-covid-2","11":"product_tag-360","12":"product_tag-279","14":"first","15":"instock","16":"shipping-taxable","17":"product-type-simple","18":"entry","19":"content-bg","20":"loop-entry"},"featured_image_urls_v2":{"full":["https:\/\/ident.md\/wp-content\/uploads\/2021\/01\/DSC_0276_mod.jpg",800,800,false],"thumbnail":["https:\/\/ident.md\/wp-content\/uploads\/2021\/01\/DSC_0276_mod-150x150.jpg",150,150,true],"medium":["https:\/\/ident.md\/wp-content\/uploads\/2021\/01\/DSC_0276_mod-300x300.jpg",300,300,true],"medium_large":["https:\/\/ident.md\/wp-content\/uploads\/2021\/01\/DSC_0276_mod-768x768.jpg",768,768,true],"large":["https:\/\/ident.md\/wp-content\/uploads\/2021\/01\/DSC_0276_mod.jpg",800,800,false],"gs-tiny":["https:\/\/ident.md\/wp-content\/uploads\/2021\/01\/DSC_0276_mod.jpg",50,50,false],"xl":["https:\/\/ident.md\/wp-content\/uploads\/2021\/01\/DSC_0276_mod.jpg",800,800,false],"xxl":["https:\/\/ident.md\/wp-content\/uploads\/2021\/01\/DSC_0276_mod.jpg",800,800,false],"xxxl":["https:\/\/ident.md\/wp-content\/uploads\/2021\/01\/DSC_0276_mod.jpg",800,800,false],"xxxxl":["https:\/\/ident.md\/wp-content\/uploads\/2021\/01\/DSC_0276_mod.jpg",800,800,false],"xxxxxl":["https:\/\/ident.md\/wp-content\/uploads\/2021\/01\/DSC_0276_mod.jpg",800,800,false],"1536x1536":["https:\/\/ident.md\/wp-content\/uploads\/2021\/01\/DSC_0276_mod.jpg",800,800,false],"2048x2048":["https:\/\/ident.md\/wp-content\/uploads\/2021\/01\/DSC_0276_mod.jpg",800,800,false],"woocommerce_thumbnail":["https:\/\/ident.md\/wp-content\/uploads\/2021\/01\/DSC_0276_mod-300x300.jpg",300,300,true],"woocommerce_single":["https:\/\/ident.md\/wp-content\/uploads\/2021\/01\/DSC_0276_mod-600x600.jpg",600,600,true],"woocommerce_gallery_thumbnail":["https:\/\/ident.md\/wp-content\/uploads\/2021\/01\/DSC_0276_mod-100x100.jpg",100,100,true]},"post_excerpt_stackable_v2":"<p>Lampa portabil\u0103 <strong>MOOVI UV<\/strong> este un instrument eficient pur de purificare a aerului care utilizeaz\u0103 tehnologia sursei UV germicide. Distruge cele mai comune microorganisme cu o eficien\u021b\u0103 de 99%.<\/p>\n<p>Datorit\u0103 faptului c\u0103 lampa este mobil\u0103, o pute\u021bi folosi \u00een mai multe camere, acest lucru v\u0103 permite s\u0103 economisi\u021bi bani \u0219i nu este nevoie s\u0103 instala\u021bi l\u0103mpi UV \u00een fiecare birou.<\/p>\n<p><strong>Beneficii:<\/strong><br \/>\n\u2705 Senzor tactil de prezen\u021b\u0103. Lampa se va stinge automat c\u00e2nd cineva se afl\u0103 \u00een camer\u0103.<br \/>\n\u2705 U\u0219or \u0219i mobil.<br \/>\n\u2705 Temporizator &#8211; 30 de minute.<\/p>\n<p>Produc\u021bie: \u00c8clair\u00e9, Italia<\/p>\n","category_list_v2":"","author_info_v2":{"name":"","url":""},"comments_num_v2":"0 comments","yoast_head":"<!-- This site is optimized with the Yoast SEO plugin v25.8 - https:\/\/yoast.com\/wordpress\/plugins\/seo\/ -->\n<title>Lamp\u0103 germicid\u0103 MOOVI UV | iDent<\/title>\n<meta name=\"robots\" content=\"index, follow, max-snippet:-1, max-image-preview:large, max-video-preview:-1\" \/>\n<link rel=\"canonical\" href=\"https:\/\/ident.md\/en\/produs\/lampa-germicida-moovi-uv\/\" \/>\n<meta property=\"og:locale\" content=\"en_US\" \/>\n<meta property=\"og:type\" content=\"article\" \/>\n<meta property=\"og:title\" content=\"Lamp\u0103 germicid\u0103 MOOVI UV | iDent\" \/>\n<meta property=\"og:description\" content=\"Lampa portabil\u0103 MOOVI UV este un instrument eficient pur de purificare a aerului care utilizeaz\u0103 tehnologia sursei UV germicide. Distruge cele mai comune microorganisme cu o eficien\u021b\u0103 de 99%.  Datorit\u0103 faptului c\u0103 lampa este mobil\u0103, o pute\u021bi folosi \u00een mai multe camere, acest lucru v\u0103 permite s\u0103 economisi\u021bi bani \u0219i nu este nevoie s\u0103 instala\u021bi l\u0103mpi UV \u00een fiecare birou.  Beneficii: \u2705 Senzor tactil de prezen\u021b\u0103. Lampa se va stinge automat c\u00e2nd cineva se afl\u0103 \u00een camer\u0103. \u2705 U\u0219or \u0219i mobil. \u2705 Temporizator - 30 de minute.  Produc\u021bie: \u00c8clair\u00e9, Italia\" \/>\n<meta property=\"og:url\" content=\"https:\/\/ident.md\/en\/produs\/lampa-germicida-moovi-uv\/\" \/>\n<meta property=\"og:site_name\" content=\"iDent\" \/>\n<meta property=\"article:modified_time\" content=\"2021-03-04T10:27:04+00:00\" \/>\n<meta property=\"og:image\" content=\"https:\/\/ident.md\/wp-content\/uploads\/2021\/01\/DSC_0276_mod.jpg\" \/>\n\t<meta property=\"og:image:width\" content=\"800\" \/>\n\t<meta property=\"og:image:height\" content=\"800\" \/>\n\t<meta property=\"og:image:type\" content=\"image\/jpeg\" \/>\n<meta name=\"twitter:card\" content=\"summary_large_image\" \/>\n<meta name=\"twitter:label1\" content=\"Est. reading time\" \/>\n\t<meta name=\"twitter:data1\" content=\"1 minute\" \/>\n<script type=\"application\/ld+json\" class=\"yoast-schema-graph\">{\"@context\":\"https:\/\/schema.org\",\"@graph\":[{\"@type\":\"WebPage\",\"@id\":\"https:\/\/ident.md\/en\/produs\/lampa-germicida-moovi-uv\/\",\"url\":\"https:\/\/ident.md\/en\/produs\/lampa-germicida-moovi-uv\/\",\"name\":\"Lamp\u0103 germicid\u0103 MOOVI UV | iDent\",\"isPartOf\":{\"@id\":\"https:\/\/ident.md\/en\/#website\"},\"primaryImageOfPage\":{\"@id\":\"https:\/\/ident.md\/en\/produs\/lampa-germicida-moovi-uv\/#primaryimage\"},\"image\":{\"@id\":\"https:\/\/ident.md\/en\/produs\/lampa-germicida-moovi-uv\/#primaryimage\"},\"thumbnailUrl\":\"https:\/\/ident.md\/wp-content\/uploads\/2021\/01\/DSC_0276_mod.jpg\",\"datePublished\":\"2021-01-26T13:33:01+00:00\",\"dateModified\":\"2021-03-04T10:27:04+00:00\",\"breadcrumb\":{\"@id\":\"https:\/\/ident.md\/en\/produs\/lampa-germicida-moovi-uv\/#breadcrumb\"},\"inLanguage\":\"en-US\",\"potentialAction\":[{\"@type\":\"ReadAction\",\"target\":[\"https:\/\/ident.md\/en\/produs\/lampa-germicida-moovi-uv\/\"]}]},{\"@type\":\"ImageObject\",\"inLanguage\":\"en-US\",\"@id\":\"https:\/\/ident.md\/en\/produs\/lampa-germicida-moovi-uv\/#primaryimage\",\"url\":\"https:\/\/ident.md\/wp-content\/uploads\/2021\/01\/DSC_0276_mod.jpg\",\"contentUrl\":\"https:\/\/ident.md\/wp-content\/uploads\/2021\/01\/DSC_0276_mod.jpg\",\"width\":800,\"height\":800},{\"@type\":\"BreadcrumbList\",\"@id\":\"https:\/\/ident.md\/en\/produs\/lampa-germicida-moovi-uv\/#breadcrumb\",\"itemListElement\":[{\"@type\":\"ListItem\",\"position\":1,\"name\":\"Prima pagin\u0103\",\"item\":\"https:\/\/ident.md\/en\/\"},{\"@type\":\"ListItem\",\"position\":2,\"name\":\"Product Catalog\",\"item\":\"https:\/\/ident.md\/catalog\/\"},{\"@type\":\"ListItem\",\"position\":3,\"name\":\"Lamp\u0103 germicid\u0103 MOOVI UV\"}]},{\"@type\":\"WebSite\",\"@id\":\"https:\/\/ident.md\/en\/#website\",\"url\":\"https:\/\/ident.md\/en\/\",\"name\":\"iDent\",\"description\":\"\",\"publisher\":{\"@id\":\"https:\/\/ident.md\/en\/#organization\"},\"potentialAction\":[{\"@type\":\"SearchAction\",\"target\":{\"@type\":\"EntryPoint\",\"urlTemplate\":\"https:\/\/ident.md\/en\/?s={search_term_string}\"},\"query-input\":{\"@type\":\"PropertyValueSpecification\",\"valueRequired\":true,\"valueName\":\"search_term_string\"}}],\"inLanguage\":\"en-US\"},{\"@type\":\"Organization\",\"@id\":\"https:\/\/ident.md\/en\/#organization\",\"name\":\"\\\"3D CEPH\\\" SRL\",\"url\":\"https:\/\/ident.md\/en\/\",\"logo\":{\"@type\":\"ImageObject\",\"inLanguage\":\"en-US\",\"@id\":\"https:\/\/ident.md\/en\/#\/schema\/logo\/image\/\",\"url\":\"https:\/\/ident.md\/wp-content\/uploads\/2020\/11\/ident-logo-1.png\",\"contentUrl\":\"https:\/\/ident.md\/wp-content\/uploads\/2020\/11\/ident-logo-1.png\",\"width\":2320,\"height\":3096,\"caption\":\"\\\"3D CEPH\\\" SRL\"},\"image\":{\"@id\":\"https:\/\/ident.md\/en\/#\/schema\/logo\/image\/\"}}]}<\/script>\n<!-- \/ Yoast SEO plugin. -->","yoast_head_json":{"title":"Lamp\u0103 germicid\u0103 MOOVI UV | iDent","robots":{"index":"index","follow":"follow","max-snippet":"max-snippet:-1","max-image-preview":"max-image-preview:large","max-video-preview":"max-video-preview:-1"},"canonical":"https:\/\/ident.md\/en\/produs\/lampa-germicida-moovi-uv\/","og_locale":"en_US","og_type":"article","og_title":"Lamp\u0103 germicid\u0103 MOOVI UV | iDent","og_description":"Lampa portabil\u0103 MOOVI UV este un instrument eficient pur de purificare a aerului care utilizeaz\u0103 tehnologia sursei UV germicide. Distruge cele mai comune microorganisme cu o eficien\u021b\u0103 de 99%.  Datorit\u0103 faptului c\u0103 lampa este mobil\u0103, o pute\u021bi folosi \u00een mai multe camere, acest lucru v\u0103 permite s\u0103 economisi\u021bi bani \u0219i nu este nevoie s\u0103 instala\u021bi l\u0103mpi UV \u00een fiecare birou.  Beneficii: \u2705 Senzor tactil de prezen\u021b\u0103. Lampa se va stinge automat c\u00e2nd cineva se afl\u0103 \u00een camer\u0103. \u2705 U\u0219or \u0219i mobil. \u2705 Temporizator - 30 de minute.  Produc\u021bie: \u00c8clair\u00e9, Italia","og_url":"https:\/\/ident.md\/en\/produs\/lampa-germicida-moovi-uv\/","og_site_name":"iDent","article_modified_time":"2021-03-04T10:27:04+00:00","og_image":[{"width":800,"height":800,"url":"https:\/\/ident.md\/wp-content\/uploads\/2021\/01\/DSC_0276_mod.jpg","type":"image\/jpeg"}],"twitter_card":"summary_large_image","twitter_misc":{"Est. reading time":"1 minute"},"schema":{"@context":"https:\/\/schema.org","@graph":[{"@type":"WebPage","@id":"https:\/\/ident.md\/en\/produs\/lampa-germicida-moovi-uv\/","url":"https:\/\/ident.md\/en\/produs\/lampa-germicida-moovi-uv\/","name":"Lamp\u0103 germicid\u0103 MOOVI UV | iDent","isPartOf":{"@id":"https:\/\/ident.md\/en\/#website"},"primaryImageOfPage":{"@id":"https:\/\/ident.md\/en\/produs\/lampa-germicida-moovi-uv\/#primaryimage"},"image":{"@id":"https:\/\/ident.md\/en\/produs\/lampa-germicida-moovi-uv\/#primaryimage"},"thumbnailUrl":"https:\/\/ident.md\/wp-content\/uploads\/2021\/01\/DSC_0276_mod.jpg","datePublished":"2021-01-26T13:33:01+00:00","dateModified":"2021-03-04T10:27:04+00:00","breadcrumb":{"@id":"https:\/\/ident.md\/en\/produs\/lampa-germicida-moovi-uv\/#breadcrumb"},"inLanguage":"en-US","potentialAction":[{"@type":"ReadAction","target":["https:\/\/ident.md\/en\/produs\/lampa-germicida-moovi-uv\/"]}]},{"@type":"ImageObject","inLanguage":"en-US","@id":"https:\/\/ident.md\/en\/produs\/lampa-germicida-moovi-uv\/#primaryimage","url":"https:\/\/ident.md\/wp-content\/uploads\/2021\/01\/DSC_0276_mod.jpg","contentUrl":"https:\/\/ident.md\/wp-content\/uploads\/2021\/01\/DSC_0276_mod.jpg","width":800,"height":800},{"@type":"BreadcrumbList","@id":"https:\/\/ident.md\/en\/produs\/lampa-germicida-moovi-uv\/#breadcrumb","itemListElement":[{"@type":"ListItem","position":1,"name":"Prima pagin\u0103","item":"https:\/\/ident.md\/en\/"},{"@type":"ListItem","position":2,"name":"Product Catalog","item":"https:\/\/ident.md\/catalog\/"},{"@type":"ListItem","position":3,"name":"Lamp\u0103 germicid\u0103 MOOVI UV"}]},{"@type":"WebSite","@id":"https:\/\/ident.md\/en\/#website","url":"https:\/\/ident.md\/en\/","name":"iDent","description":"","publisher":{"@id":"https:\/\/ident.md\/en\/#organization"},"potentialAction":[{"@type":"SearchAction","target":{"@type":"EntryPoint","urlTemplate":"https:\/\/ident.md\/en\/?s={search_term_string}"},"query-input":{"@type":"PropertyValueSpecification","valueRequired":true,"valueName":"search_term_string"}}],"inLanguage":"en-US"},{"@type":"Organization","@id":"https:\/\/ident.md\/en\/#organization","name":"\"3D CEPH\" SRL","url":"https:\/\/ident.md\/en\/","logo":{"@type":"ImageObject","inLanguage":"en-US","@id":"https:\/\/ident.md\/en\/#\/schema\/logo\/image\/","url":"https:\/\/ident.md\/wp-content\/uploads\/2020\/11\/ident-logo-1.png","contentUrl":"https:\/\/ident.md\/wp-content\/uploads\/2020\/11\/ident-logo-1.png","width":2320,"height":3096,"caption":"\"3D CEPH\" SRL"},"image":{"@id":"https:\/\/ident.md\/en\/#\/schema\/logo\/image\/"}}]}},"uagb_featured_image_src":{"full":["https:\/\/ident.md\/wp-content\/uploads\/2021\/01\/DSC_0276_mod.jpg",800,800,false],"thumbnail":["https:\/\/ident.md\/wp-content\/uploads\/2021\/01\/DSC_0276_mod-150x150.jpg",150,150,true],"medium":["https:\/\/ident.md\/wp-content\/uploads\/2021\/01\/DSC_0276_mod-300x300.jpg",300,300,true],"medium_large":["https:\/\/ident.md\/wp-content\/uploads\/2021\/01\/DSC_0276_mod-768x768.jpg",768,768,true],"large":["https:\/\/ident.md\/wp-content\/uploads\/2021\/01\/DSC_0276_mod.jpg",800,800,false],"gs-tiny":["https:\/\/ident.md\/wp-content\/uploads\/2021\/01\/DSC_0276_mod.jpg",50,50,false],"xl":["https:\/\/ident.md\/wp-content\/uploads\/2021\/01\/DSC_0276_mod.jpg",800,800,false],"xxl":["https:\/\/ident.md\/wp-content\/uploads\/2021\/01\/DSC_0276_mod.jpg",800,800,false],"xxxl":["https:\/\/ident.md\/wp-content\/uploads\/2021\/01\/DSC_0276_mod.jpg",800,800,false],"xxxxl":["https:\/\/ident.md\/wp-content\/uploads\/2021\/01\/DSC_0276_mod.jpg",800,800,false],"xxxxxl":["https:\/\/ident.md\/wp-content\/uploads\/2021\/01\/DSC_0276_mod.jpg",800,800,false],"1536x1536":["https:\/\/ident.md\/wp-content\/uploads\/2021\/01\/DSC_0276_mod.jpg",800,800,false],"2048x2048":["https:\/\/ident.md\/wp-content\/uploads\/2021\/01\/DSC_0276_mod.jpg",800,800,false],"woocommerce_thumbnail":["https:\/\/ident.md\/wp-content\/uploads\/2021\/01\/DSC_0276_mod-300x300.jpg",300,300,true],"woocommerce_single":["https:\/\/ident.md\/wp-content\/uploads\/2021\/01\/DSC_0276_mod-600x600.jpg",600,600,true],"woocommerce_gallery_thumbnail":["https:\/\/ident.md\/wp-content\/uploads\/2021\/01\/DSC_0276_mod-100x100.jpg",100,100,true]},"uagb_author_info":{"display_name":"admin","author_link":"https:\/\/ident.md\/en\/author\/"},"uagb_comment_info":0,"uagb_excerpt":"Lampa portabil\u0103 MOOVI UV este un instrument eficient pur de purificare a aerului care utilizeaz\u0103 tehnologia sursei UV germicide. Distruge cele mai comune microorganisme cu o eficien\u021b\u0103 de 99%. Datorit\u0103 faptului c\u0103 lampa este mobil\u0103, o pute\u021bi folosi \u00een mai multe camere, acest lucru v\u0103 permite s\u0103 economisi\u021bi bani \u0219i nu este nevoie s\u0103 instala\u021bi&hellip;","brands":[{"id":188,"name":"\u00c8CLAIR\u00c9","slug":"eclaire"}],"_links":{"self":[{"href":"https:\/\/ident.md\/en\/wp-json\/wp\/v2\/product\/5411","targetHints":{"allow":["GET"]}}],"collection":[{"href":"https:\/\/ident.md\/en\/wp-json\/wp\/v2\/product"}],"about":[{"href":"https:\/\/ident.md\/en\/wp-json\/wp\/v2\/types\/product"}],"wp:featuredmedia":[{"embeddable":true,"href":"https:\/\/ident.md\/en\/wp-json\/wp\/v2\/media\/5403"}],"wp:attachment":[{"href":"https:\/\/ident.md\/en\/wp-json\/wp\/v2\/media?parent=5411"}],"wp:term":[{"taxonomy":"pwb-brand","embeddable":true,"href":"https:\/\/ident.md\/en\/wp-json\/wp\/v2\/pwb-brand?post=5411"},{"taxonomy":"product_brand","embeddable":true,"href":"https:\/\/ident.md\/en\/wp-json\/wp\/v2\/product_brand?post=5411"},{"taxonomy":"product_cat","embeddable":true,"href":"https:\/\/ident.md\/en\/wp-json\/wp\/v2\/product_cat?post=5411"},{"taxonomy":"product_tag","embeddable":true,"href":"https:\/\/ident.md\/en\/wp-json\/wp\/v2\/product_tag?post=5411"}],"curies":[{"name":"wp","href":"https:\/\/api.w.org\/{rel}","templated":true}]}}