{"id":5154,"date":"2020-12-23T18:21:44","date_gmt":"2020-12-23T15:21:44","guid":{"rendered":"https:\/\/ident.md\/product\/%d0%bb%d0%b0%d0%bc%d0%bf%d0%b0-vision-uv\/"},"modified":"2021-03-04T16:09:14","modified_gmt":"2021-03-04T13:09:14","slug":"vision-uv","status":"publish","type":"product","link":"https:\/\/ident.md\/en\/produs\/vision-uv\/","title":{"rendered":"VISION UV"},"content":{"rendered":"<p>Lampa <strong>VISION UV<\/strong> este un mijloc eficient pentru dezinfectarea aerului folosind tehnologia surselor UV germicide.<br \/>\nLampa poate fi montat\u0103 pe perete sau tavan, \u00een timp ce sursa de lumin\u0103 UV nu este vizibil\u0103 direct, deoarece este par\u021bial ascuns\u0103 de ecran.<br \/>\nStudiile arat\u0103 c\u0103 radia\u021biile UV-C \u00eempiedic\u0103 dezvoltarea microorganismelor precum bacterii, mucegaiuri, drojdii \u0219i viru\u0219i.<br \/>\nEfectul de cur\u0103\u021bare se realizeaz\u0103 cu lungimi de und\u0103 sub 320 nm, prin urmare l\u0103mpile germicide produc lumin\u0103 cu lungimea de und\u0103 de 254 nm \u0219i, de asemenea, nu con\u021bin ozon.<\/p>\n<p><strong>SPECIFICA\u021aII:<\/strong><br \/>\n\u25aa\ufe0f Tipul de instalare: montat pe perete<br \/>\n\u25aa\ufe0fPutere: 1x30W 1x55W<br \/>\n\u25aa\ufe0f Ie\u0219ire UV-C (253,7 nm) &#8211; 12W18W<br \/>\n\u25aa\ufe0fDurata surselor UV-C: 8000 ore<br \/>\n\u25aa\ufe0fTemperatura de lucru: -10 \u00b0 C ~ + 35 \u00b0 C<br \/>\n\u25aa\ufe0fSurs\u0103 de lumin\u0103: lamp\u0103 liniar\u0103 FL T26, lungime de und\u0103 UV-C 254nm<br \/>\n\u25aa\ufe0fOp\u021biune de conectare: CEL cu balast electronic EEI = A2, 220-240V, 50-60 Hz<br \/>\n\u25aa\ufe0fPotrivit pentru camere cu o suprafa\u021b\u0103 de 1218 m\u00b2<br \/>\n\u25aa\ufe0f Timp de iradiere: 30 de minute<br \/>\nDimensiuni: A: 210mm<br \/>\nB: 955 mm<br \/>\nC: 100 mm<br \/>\n\u2195\ufe0f \u00cen\u0103l\u021bimea de instalare: 2-3m<br \/>\n\u25aa\ufe0fCasare: tabl\u0103 de o\u021bel (6\/10), vopsit\u0103 cu vopsea colorat\u0103 de poliester pudr\u0103<br \/>\n\u25aa\ufe0fCuloare: alb mat (RAL 9010)<br \/>\n\u25aa\ufe0fEficien\u021ba uciderii celor mai frecvente microorganisme: 99%<br \/>\n\u25aa\ufe0fProduc\u021bie: \u00c8clair\u00e9, Italia<\/p>\n","protected":false},"excerpt":{"rendered":"<p>Lampa <strong>VISION UV<\/strong> este un mijloc eficient pentru dezinfectarea aerului folosind tehnologia surselor UV germicide.<\/p>\n","protected":false},"featured_media":5099,"template":"","meta":{"inline_featured_image":false,"_uag_custom_page_level_css":"","editor_plus_copied_stylings":"{}","_kad_post_transparent":"default","_kad_post_title":"","_kad_post_layout":"default","_kad_post_sidebar_id":"","_kad_post_content_style":"default","_kad_post_vertical_padding":"default","_kad_post_feature":"","_kad_post_feature_position":"","_kad_post_header":false,"_kad_post_footer":false},"pwb-brand":[188],"product_brand":[],"product_cat":[83,67,169],"product_tag":[306,279],"class_list":{"0":"post-5154","1":"product","2":"type-product","3":"status-publish","4":"has-post-thumbnail","6":"pwb-brand-eclaire","7":"product_cat-stomatologie","8":"product_cat-lampi-eclaire","9":"product_cat-bactericid","10":"product_tag-306","11":"product_tag-279","13":"first","14":"instock","15":"shipping-taxable","16":"product-type-simple","17":"entry","18":"content-bg","19":"loop-entry"},"featured_image_urls_v2":{"full":["https:\/\/ident.md\/wp-content\/uploads\/2020\/12\/vision_uv-scaled.jpg",2560,2560,false],"thumbnail":["https:\/\/ident.md\/wp-content\/uploads\/2020\/12\/vision_uv-150x150.jpg",150,150,true],"medium":["https:\/\/ident.md\/wp-content\/uploads\/2020\/12\/vision_uv-300x300.jpg",300,300,true],"medium_large":["https:\/\/ident.md\/wp-content\/uploads\/2020\/12\/vision_uv-768x768.jpg",768,768,true],"large":["https:\/\/ident.md\/wp-content\/uploads\/2020\/12\/vision_uv-1024x1024.jpg",1024,1024,true],"gs-tiny":["https:\/\/ident.md\/wp-content\/uploads\/2020\/12\/vision_uv-scaled.jpg",50,50,false],"xl":["https:\/\/ident.md\/wp-content\/uploads\/2020\/12\/vision_uv-1600x1600.jpg",1600,1600,true],"xxl":["https:\/\/ident.md\/wp-content\/uploads\/2020\/12\/vision_uv-2200x2200.jpg",2200,2200,true],"xxxl":["https:\/\/ident.md\/wp-content\/uploads\/2020\/12\/vision_uv-2800x2800.jpg",2800,2800,true],"xxxxl":["https:\/\/ident.md\/wp-content\/uploads\/2020\/12\/vision_uv-scaled.jpg",2560,2560,false],"xxxxxl":["https:\/\/ident.md\/wp-content\/uploads\/2020\/12\/vision_uv-scaled.jpg",2560,2560,false],"1536x1536":["https:\/\/ident.md\/wp-content\/uploads\/2020\/12\/vision_uv-1536x1536.jpg",1536,1536,true],"2048x2048":["https:\/\/ident.md\/wp-content\/uploads\/2020\/12\/vision_uv-2048x2048.jpg",2048,2048,true],"woocommerce_thumbnail":["https:\/\/ident.md\/wp-content\/uploads\/2020\/12\/vision_uv-300x300.jpg",300,300,true],"woocommerce_single":["https:\/\/ident.md\/wp-content\/uploads\/2020\/12\/vision_uv-600x600.jpg",600,600,true],"woocommerce_gallery_thumbnail":["https:\/\/ident.md\/wp-content\/uploads\/2020\/12\/vision_uv-100x100.jpg",100,100,true]},"post_excerpt_stackable_v2":"<p>Lampa <strong>VISION UV<\/strong> este un mijloc eficient pentru dezinfectarea aerului folosind tehnologia surselor UV germicide.<\/p>\n","category_list_v2":"","author_info_v2":{"name":"","url":""},"comments_num_v2":"0 comments","yoast_head":"<!-- This site is optimized with the Yoast SEO plugin v25.8 - https:\/\/yoast.com\/wordpress\/plugins\/seo\/ -->\n<title>VISION UV | iDent<\/title>\n<meta name=\"description\" content=\"\u041b\u0430\u043c\u043f\u0430 VISION UV - \u044d\u0442\u043e \u044d\u0444\u0444\u0435\u043a\u0442\u0438\u0432\u043d\u043e\u0435 \u0441\u0440\u0435\u0434\u0441\u0442\u0432\u043e \u0434\u043b\u044f \u0434\u0435\u0437\u0438\u043d\u0444\u0435\u043a\u0446\u0438\u0438 \u0432\u043e\u0437\u0434\u0443\u0445\u0430, \u0441 \u0438\u0441\u043f\u043e\u043b\u044c\u0437\u043e\u0432\u0430\u043d\u0438\u0435\u043c \u0442\u0435\u0445\u043d\u043e\u043b\u043e\u0433\u0438\u0438 \u0431\u0430\u043a\u0442\u0435\u0440\u0438\u0446\u0438\u0434\u043d\u044b\u0445 \u0438\u0441\u0442\u043e\u0447\u043d\u0438\u043a\u043e\u0432 \u0423\u0424-\u0438\u0437\u043b\u0443\u0447\u0435\u043d\u0438\u044f. \u041b\u0430\u043c\u043f\u0443 \u043c\u043e\u0436\u043d\u043e \u0443\u0441\u0442\u0430\u043d\u043e\u0432\u0438\u0442\u044c \u043d\u0430 \u0441\u0442\u0435\u043d\u0435 \u0438\u043b\u0438 \u043f\u043e\u0442\u043e\u043b\u043a\u0435, \u043f\u0440\u0438 \u044d\u0442\u043e\u043c \u0438\u0441\u0442\u043e\u0447\u043d\u0438\u043a \u0443\u043b\u044c\u0442\u0440\u0430\u0444\u0438\u043e\u043b\u0435\u0442\u043e\u0432\u043e\u0433\u043e \u0441\u0432\u0435\u0442\u0430 \u043d\u0435 \u0432\u0438\u0434\u0435\u043d \u043d\u0430\u043f\u0440\u044f\u043c\u0443\u044e, \u0442\u0430\u043a \u043a\u0430\u043a \u043e\u043d \u0447\u0430\u0441\u0442\u0438\u0447\u043d\u043e \u0441\u043a\u0440\u044b\u0442 \u044d\u043a\u0440\u0430\u043d\u043e\u043c.\" \/>\n<meta name=\"robots\" content=\"index, follow, max-snippet:-1, max-image-preview:large, max-video-preview:-1\" \/>\n<link rel=\"canonical\" href=\"https:\/\/ident.md\/en\/produs\/vision-uv\/\" \/>\n<meta property=\"og:locale\" content=\"en_US\" \/>\n<meta property=\"og:type\" content=\"article\" \/>\n<meta property=\"og:title\" content=\"VISION UV | iDent\" \/>\n<meta property=\"og:description\" content=\"\u041b\u0430\u043c\u043f\u0430 VISION UV - \u044d\u0442\u043e \u044d\u0444\u0444\u0435\u043a\u0442\u0438\u0432\u043d\u043e\u0435 \u0441\u0440\u0435\u0434\u0441\u0442\u0432\u043e \u0434\u043b\u044f \u0434\u0435\u0437\u0438\u043d\u0444\u0435\u043a\u0446\u0438\u0438 \u0432\u043e\u0437\u0434\u0443\u0445\u0430, \u0441 \u0438\u0441\u043f\u043e\u043b\u044c\u0437\u043e\u0432\u0430\u043d\u0438\u0435\u043c \u0442\u0435\u0445\u043d\u043e\u043b\u043e\u0433\u0438\u0438 \u0431\u0430\u043a\u0442\u0435\u0440\u0438\u0446\u0438\u0434\u043d\u044b\u0445 \u0438\u0441\u0442\u043e\u0447\u043d\u0438\u043a\u043e\u0432 \u0423\u0424-\u0438\u0437\u043b\u0443\u0447\u0435\u043d\u0438\u044f. \u041b\u0430\u043c\u043f\u0443 \u043c\u043e\u0436\u043d\u043e \u0443\u0441\u0442\u0430\u043d\u043e\u0432\u0438\u0442\u044c \u043d\u0430 \u0441\u0442\u0435\u043d\u0435 \u0438\u043b\u0438 \u043f\u043e\u0442\u043e\u043b\u043a\u0435, \u043f\u0440\u0438 \u044d\u0442\u043e\u043c \u0438\u0441\u0442\u043e\u0447\u043d\u0438\u043a \u0443\u043b\u044c\u0442\u0440\u0430\u0444\u0438\u043e\u043b\u0435\u0442\u043e\u0432\u043e\u0433\u043e \u0441\u0432\u0435\u0442\u0430 \u043d\u0435 \u0432\u0438\u0434\u0435\u043d \u043d\u0430\u043f\u0440\u044f\u043c\u0443\u044e, \u0442\u0430\u043a \u043a\u0430\u043a \u043e\u043d \u0447\u0430\u0441\u0442\u0438\u0447\u043d\u043e \u0441\u043a\u0440\u044b\u0442 \u044d\u043a\u0440\u0430\u043d\u043e\u043c.\" \/>\n<meta property=\"og:url\" content=\"https:\/\/ident.md\/en\/produs\/vision-uv\/\" \/>\n<meta property=\"og:site_name\" content=\"iDent\" \/>\n<meta property=\"article:modified_time\" content=\"2021-03-04T13:09:14+00:00\" \/>\n<meta property=\"og:image\" content=\"https:\/\/ident.md\/wp-content\/uploads\/2020\/12\/vision_uv-scaled.jpg\" \/>\n\t<meta property=\"og:image:width\" content=\"2560\" \/>\n\t<meta property=\"og:image:height\" content=\"2560\" \/>\n\t<meta property=\"og:image:type\" content=\"image\/jpeg\" \/>\n<meta name=\"twitter:card\" content=\"summary_large_image\" \/>\n<meta name=\"twitter:label1\" content=\"Est. reading time\" \/>\n\t<meta name=\"twitter:data1\" content=\"1 minute\" \/>\n<script type=\"application\/ld+json\" class=\"yoast-schema-graph\">{\"@context\":\"https:\/\/schema.org\",\"@graph\":[{\"@type\":\"WebPage\",\"@id\":\"https:\/\/ident.md\/en\/produs\/vision-uv\/\",\"url\":\"https:\/\/ident.md\/en\/produs\/vision-uv\/\",\"name\":\"VISION UV | iDent\",\"isPartOf\":{\"@id\":\"https:\/\/ident.md\/en\/#website\"},\"primaryImageOfPage\":{\"@id\":\"https:\/\/ident.md\/en\/produs\/vision-uv\/#primaryimage\"},\"image\":{\"@id\":\"https:\/\/ident.md\/en\/produs\/vision-uv\/#primaryimage\"},\"thumbnailUrl\":\"https:\/\/ident.md\/wp-content\/uploads\/2020\/12\/vision_uv-scaled.jpg\",\"datePublished\":\"2020-12-23T15:21:44+00:00\",\"dateModified\":\"2021-03-04T13:09:14+00:00\",\"description\":\"\u041b\u0430\u043c\u043f\u0430 VISION UV - \u044d\u0442\u043e \u044d\u0444\u0444\u0435\u043a\u0442\u0438\u0432\u043d\u043e\u0435 \u0441\u0440\u0435\u0434\u0441\u0442\u0432\u043e \u0434\u043b\u044f \u0434\u0435\u0437\u0438\u043d\u0444\u0435\u043a\u0446\u0438\u0438 \u0432\u043e\u0437\u0434\u0443\u0445\u0430, \u0441 \u0438\u0441\u043f\u043e\u043b\u044c\u0437\u043e\u0432\u0430\u043d\u0438\u0435\u043c \u0442\u0435\u0445\u043d\u043e\u043b\u043e\u0433\u0438\u0438 \u0431\u0430\u043a\u0442\u0435\u0440\u0438\u0446\u0438\u0434\u043d\u044b\u0445 \u0438\u0441\u0442\u043e\u0447\u043d\u0438\u043a\u043e\u0432 \u0423\u0424-\u0438\u0437\u043b\u0443\u0447\u0435\u043d\u0438\u044f. \u041b\u0430\u043c\u043f\u0443 \u043c\u043e\u0436\u043d\u043e \u0443\u0441\u0442\u0430\u043d\u043e\u0432\u0438\u0442\u044c \u043d\u0430 \u0441\u0442\u0435\u043d\u0435 \u0438\u043b\u0438 \u043f\u043e\u0442\u043e\u043b\u043a\u0435, \u043f\u0440\u0438 \u044d\u0442\u043e\u043c \u0438\u0441\u0442\u043e\u0447\u043d\u0438\u043a \u0443\u043b\u044c\u0442\u0440\u0430\u0444\u0438\u043e\u043b\u0435\u0442\u043e\u0432\u043e\u0433\u043e \u0441\u0432\u0435\u0442\u0430 \u043d\u0435 \u0432\u0438\u0434\u0435\u043d \u043d\u0430\u043f\u0440\u044f\u043c\u0443\u044e, \u0442\u0430\u043a \u043a\u0430\u043a \u043e\u043d \u0447\u0430\u0441\u0442\u0438\u0447\u043d\u043e \u0441\u043a\u0440\u044b\u0442 \u044d\u043a\u0440\u0430\u043d\u043e\u043c.\",\"breadcrumb\":{\"@id\":\"https:\/\/ident.md\/en\/produs\/vision-uv\/#breadcrumb\"},\"inLanguage\":\"en-US\",\"potentialAction\":[{\"@type\":\"ReadAction\",\"target\":[\"https:\/\/ident.md\/en\/produs\/vision-uv\/\"]}]},{\"@type\":\"ImageObject\",\"inLanguage\":\"en-US\",\"@id\":\"https:\/\/ident.md\/en\/produs\/vision-uv\/#primaryimage\",\"url\":\"https:\/\/ident.md\/wp-content\/uploads\/2020\/12\/vision_uv-scaled.jpg\",\"contentUrl\":\"https:\/\/ident.md\/wp-content\/uploads\/2020\/12\/vision_uv-scaled.jpg\",\"width\":2560,\"height\":2560},{\"@type\":\"BreadcrumbList\",\"@id\":\"https:\/\/ident.md\/en\/produs\/vision-uv\/#breadcrumb\",\"itemListElement\":[{\"@type\":\"ListItem\",\"position\":1,\"name\":\"Prima pagin\u0103\",\"item\":\"https:\/\/ident.md\/en\/\"},{\"@type\":\"ListItem\",\"position\":2,\"name\":\"Product Catalog\",\"item\":\"https:\/\/ident.md\/catalog\/\"},{\"@type\":\"ListItem\",\"position\":3,\"name\":\"VISION UV\"}]},{\"@type\":\"WebSite\",\"@id\":\"https:\/\/ident.md\/en\/#website\",\"url\":\"https:\/\/ident.md\/en\/\",\"name\":\"iDent\",\"description\":\"\",\"publisher\":{\"@id\":\"https:\/\/ident.md\/en\/#organization\"},\"potentialAction\":[{\"@type\":\"SearchAction\",\"target\":{\"@type\":\"EntryPoint\",\"urlTemplate\":\"https:\/\/ident.md\/en\/?s={search_term_string}\"},\"query-input\":{\"@type\":\"PropertyValueSpecification\",\"valueRequired\":true,\"valueName\":\"search_term_string\"}}],\"inLanguage\":\"en-US\"},{\"@type\":\"Organization\",\"@id\":\"https:\/\/ident.md\/en\/#organization\",\"name\":\"\\\"3D CEPH\\\" SRL\",\"url\":\"https:\/\/ident.md\/en\/\",\"logo\":{\"@type\":\"ImageObject\",\"inLanguage\":\"en-US\",\"@id\":\"https:\/\/ident.md\/en\/#\/schema\/logo\/image\/\",\"url\":\"https:\/\/ident.md\/wp-content\/uploads\/2020\/11\/ident-logo-1.png\",\"contentUrl\":\"https:\/\/ident.md\/wp-content\/uploads\/2020\/11\/ident-logo-1.png\",\"width\":2320,\"height\":3096,\"caption\":\"\\\"3D CEPH\\\" SRL\"},\"image\":{\"@id\":\"https:\/\/ident.md\/en\/#\/schema\/logo\/image\/\"}}]}<\/script>\n<!-- \/ Yoast SEO plugin. -->","yoast_head_json":{"title":"VISION UV | iDent","description":"\u041b\u0430\u043c\u043f\u0430 VISION UV - \u044d\u0442\u043e \u044d\u0444\u0444\u0435\u043a\u0442\u0438\u0432\u043d\u043e\u0435 \u0441\u0440\u0435\u0434\u0441\u0442\u0432\u043e \u0434\u043b\u044f \u0434\u0435\u0437\u0438\u043d\u0444\u0435\u043a\u0446\u0438\u0438 \u0432\u043e\u0437\u0434\u0443\u0445\u0430, \u0441 \u0438\u0441\u043f\u043e\u043b\u044c\u0437\u043e\u0432\u0430\u043d\u0438\u0435\u043c \u0442\u0435\u0445\u043d\u043e\u043b\u043e\u0433\u0438\u0438 \u0431\u0430\u043a\u0442\u0435\u0440\u0438\u0446\u0438\u0434\u043d\u044b\u0445 \u0438\u0441\u0442\u043e\u0447\u043d\u0438\u043a\u043e\u0432 \u0423\u0424-\u0438\u0437\u043b\u0443\u0447\u0435\u043d\u0438\u044f. \u041b\u0430\u043c\u043f\u0443 \u043c\u043e\u0436\u043d\u043e \u0443\u0441\u0442\u0430\u043d\u043e\u0432\u0438\u0442\u044c \u043d\u0430 \u0441\u0442\u0435\u043d\u0435 \u0438\u043b\u0438 \u043f\u043e\u0442\u043e\u043b\u043a\u0435, \u043f\u0440\u0438 \u044d\u0442\u043e\u043c \u0438\u0441\u0442\u043e\u0447\u043d\u0438\u043a \u0443\u043b\u044c\u0442\u0440\u0430\u0444\u0438\u043e\u043b\u0435\u0442\u043e\u0432\u043e\u0433\u043e \u0441\u0432\u0435\u0442\u0430 \u043d\u0435 \u0432\u0438\u0434\u0435\u043d \u043d\u0430\u043f\u0440\u044f\u043c\u0443\u044e, \u0442\u0430\u043a \u043a\u0430\u043a \u043e\u043d \u0447\u0430\u0441\u0442\u0438\u0447\u043d\u043e \u0441\u043a\u0440\u044b\u0442 \u044d\u043a\u0440\u0430\u043d\u043e\u043c.","robots":{"index":"index","follow":"follow","max-snippet":"max-snippet:-1","max-image-preview":"max-image-preview:large","max-video-preview":"max-video-preview:-1"},"canonical":"https:\/\/ident.md\/en\/produs\/vision-uv\/","og_locale":"en_US","og_type":"article","og_title":"VISION UV | iDent","og_description":"\u041b\u0430\u043c\u043f\u0430 VISION UV - \u044d\u0442\u043e \u044d\u0444\u0444\u0435\u043a\u0442\u0438\u0432\u043d\u043e\u0435 \u0441\u0440\u0435\u0434\u0441\u0442\u0432\u043e \u0434\u043b\u044f \u0434\u0435\u0437\u0438\u043d\u0444\u0435\u043a\u0446\u0438\u0438 \u0432\u043e\u0437\u0434\u0443\u0445\u0430, \u0441 \u0438\u0441\u043f\u043e\u043b\u044c\u0437\u043e\u0432\u0430\u043d\u0438\u0435\u043c \u0442\u0435\u0445\u043d\u043e\u043b\u043e\u0433\u0438\u0438 \u0431\u0430\u043a\u0442\u0435\u0440\u0438\u0446\u0438\u0434\u043d\u044b\u0445 \u0438\u0441\u0442\u043e\u0447\u043d\u0438\u043a\u043e\u0432 \u0423\u0424-\u0438\u0437\u043b\u0443\u0447\u0435\u043d\u0438\u044f. \u041b\u0430\u043c\u043f\u0443 \u043c\u043e\u0436\u043d\u043e \u0443\u0441\u0442\u0430\u043d\u043e\u0432\u0438\u0442\u044c \u043d\u0430 \u0441\u0442\u0435\u043d\u0435 \u0438\u043b\u0438 \u043f\u043e\u0442\u043e\u043b\u043a\u0435, \u043f\u0440\u0438 \u044d\u0442\u043e\u043c \u0438\u0441\u0442\u043e\u0447\u043d\u0438\u043a \u0443\u043b\u044c\u0442\u0440\u0430\u0444\u0438\u043e\u043b\u0435\u0442\u043e\u0432\u043e\u0433\u043e \u0441\u0432\u0435\u0442\u0430 \u043d\u0435 \u0432\u0438\u0434\u0435\u043d \u043d\u0430\u043f\u0440\u044f\u043c\u0443\u044e, \u0442\u0430\u043a \u043a\u0430\u043a \u043e\u043d \u0447\u0430\u0441\u0442\u0438\u0447\u043d\u043e \u0441\u043a\u0440\u044b\u0442 \u044d\u043a\u0440\u0430\u043d\u043e\u043c.","og_url":"https:\/\/ident.md\/en\/produs\/vision-uv\/","og_site_name":"iDent","article_modified_time":"2021-03-04T13:09:14+00:00","og_image":[{"width":2560,"height":2560,"url":"https:\/\/ident.md\/wp-content\/uploads\/2020\/12\/vision_uv-scaled.jpg","type":"image\/jpeg"}],"twitter_card":"summary_large_image","twitter_misc":{"Est. reading time":"1 minute"},"schema":{"@context":"https:\/\/schema.org","@graph":[{"@type":"WebPage","@id":"https:\/\/ident.md\/en\/produs\/vision-uv\/","url":"https:\/\/ident.md\/en\/produs\/vision-uv\/","name":"VISION UV | iDent","isPartOf":{"@id":"https:\/\/ident.md\/en\/#website"},"primaryImageOfPage":{"@id":"https:\/\/ident.md\/en\/produs\/vision-uv\/#primaryimage"},"image":{"@id":"https:\/\/ident.md\/en\/produs\/vision-uv\/#primaryimage"},"thumbnailUrl":"https:\/\/ident.md\/wp-content\/uploads\/2020\/12\/vision_uv-scaled.jpg","datePublished":"2020-12-23T15:21:44+00:00","dateModified":"2021-03-04T13:09:14+00:00","description":"\u041b\u0430\u043c\u043f\u0430 VISION UV - \u044d\u0442\u043e \u044d\u0444\u0444\u0435\u043a\u0442\u0438\u0432\u043d\u043e\u0435 \u0441\u0440\u0435\u0434\u0441\u0442\u0432\u043e \u0434\u043b\u044f \u0434\u0435\u0437\u0438\u043d\u0444\u0435\u043a\u0446\u0438\u0438 \u0432\u043e\u0437\u0434\u0443\u0445\u0430, \u0441 \u0438\u0441\u043f\u043e\u043b\u044c\u0437\u043e\u0432\u0430\u043d\u0438\u0435\u043c \u0442\u0435\u0445\u043d\u043e\u043b\u043e\u0433\u0438\u0438 \u0431\u0430\u043a\u0442\u0435\u0440\u0438\u0446\u0438\u0434\u043d\u044b\u0445 \u0438\u0441\u0442\u043e\u0447\u043d\u0438\u043a\u043e\u0432 \u0423\u0424-\u0438\u0437\u043b\u0443\u0447\u0435\u043d\u0438\u044f. \u041b\u0430\u043c\u043f\u0443 \u043c\u043e\u0436\u043d\u043e \u0443\u0441\u0442\u0430\u043d\u043e\u0432\u0438\u0442\u044c \u043d\u0430 \u0441\u0442\u0435\u043d\u0435 \u0438\u043b\u0438 \u043f\u043e\u0442\u043e\u043b\u043a\u0435, \u043f\u0440\u0438 \u044d\u0442\u043e\u043c \u0438\u0441\u0442\u043e\u0447\u043d\u0438\u043a \u0443\u043b\u044c\u0442\u0440\u0430\u0444\u0438\u043e\u043b\u0435\u0442\u043e\u0432\u043e\u0433\u043e \u0441\u0432\u0435\u0442\u0430 \u043d\u0435 \u0432\u0438\u0434\u0435\u043d \u043d\u0430\u043f\u0440\u044f\u043c\u0443\u044e, \u0442\u0430\u043a \u043a\u0430\u043a \u043e\u043d \u0447\u0430\u0441\u0442\u0438\u0447\u043d\u043e \u0441\u043a\u0440\u044b\u0442 \u044d\u043a\u0440\u0430\u043d\u043e\u043c.","breadcrumb":{"@id":"https:\/\/ident.md\/en\/produs\/vision-uv\/#breadcrumb"},"inLanguage":"en-US","potentialAction":[{"@type":"ReadAction","target":["https:\/\/ident.md\/en\/produs\/vision-uv\/"]}]},{"@type":"ImageObject","inLanguage":"en-US","@id":"https:\/\/ident.md\/en\/produs\/vision-uv\/#primaryimage","url":"https:\/\/ident.md\/wp-content\/uploads\/2020\/12\/vision_uv-scaled.jpg","contentUrl":"https:\/\/ident.md\/wp-content\/uploads\/2020\/12\/vision_uv-scaled.jpg","width":2560,"height":2560},{"@type":"BreadcrumbList","@id":"https:\/\/ident.md\/en\/produs\/vision-uv\/#breadcrumb","itemListElement":[{"@type":"ListItem","position":1,"name":"Prima pagin\u0103","item":"https:\/\/ident.md\/en\/"},{"@type":"ListItem","position":2,"name":"Product Catalog","item":"https:\/\/ident.md\/catalog\/"},{"@type":"ListItem","position":3,"name":"VISION UV"}]},{"@type":"WebSite","@id":"https:\/\/ident.md\/en\/#website","url":"https:\/\/ident.md\/en\/","name":"iDent","description":"","publisher":{"@id":"https:\/\/ident.md\/en\/#organization"},"potentialAction":[{"@type":"SearchAction","target":{"@type":"EntryPoint","urlTemplate":"https:\/\/ident.md\/en\/?s={search_term_string}"},"query-input":{"@type":"PropertyValueSpecification","valueRequired":true,"valueName":"search_term_string"}}],"inLanguage":"en-US"},{"@type":"Organization","@id":"https:\/\/ident.md\/en\/#organization","name":"\"3D CEPH\" SRL","url":"https:\/\/ident.md\/en\/","logo":{"@type":"ImageObject","inLanguage":"en-US","@id":"https:\/\/ident.md\/en\/#\/schema\/logo\/image\/","url":"https:\/\/ident.md\/wp-content\/uploads\/2020\/11\/ident-logo-1.png","contentUrl":"https:\/\/ident.md\/wp-content\/uploads\/2020\/11\/ident-logo-1.png","width":2320,"height":3096,"caption":"\"3D CEPH\" SRL"},"image":{"@id":"https:\/\/ident.md\/en\/#\/schema\/logo\/image\/"}}]}},"uagb_featured_image_src":{"full":["https:\/\/ident.md\/wp-content\/uploads\/2020\/12\/vision_uv-scaled.jpg",2560,2560,false],"thumbnail":["https:\/\/ident.md\/wp-content\/uploads\/2020\/12\/vision_uv-150x150.jpg",150,150,true],"medium":["https:\/\/ident.md\/wp-content\/uploads\/2020\/12\/vision_uv-300x300.jpg",300,300,true],"medium_large":["https:\/\/ident.md\/wp-content\/uploads\/2020\/12\/vision_uv-768x768.jpg",768,768,true],"large":["https:\/\/ident.md\/wp-content\/uploads\/2020\/12\/vision_uv-1024x1024.jpg",1024,1024,true],"gs-tiny":["https:\/\/ident.md\/wp-content\/uploads\/2020\/12\/vision_uv-scaled.jpg",50,50,false],"xl":["https:\/\/ident.md\/wp-content\/uploads\/2020\/12\/vision_uv-1600x1600.jpg",1600,1600,true],"xxl":["https:\/\/ident.md\/wp-content\/uploads\/2020\/12\/vision_uv-2200x2200.jpg",2200,2200,true],"xxxl":["https:\/\/ident.md\/wp-content\/uploads\/2020\/12\/vision_uv-2800x2800.jpg",2800,2800,true],"xxxxl":["https:\/\/ident.md\/wp-content\/uploads\/2020\/12\/vision_uv-scaled.jpg",2560,2560,false],"xxxxxl":["https:\/\/ident.md\/wp-content\/uploads\/2020\/12\/vision_uv-scaled.jpg",2560,2560,false],"1536x1536":["https:\/\/ident.md\/wp-content\/uploads\/2020\/12\/vision_uv-1536x1536.jpg",1536,1536,true],"2048x2048":["https:\/\/ident.md\/wp-content\/uploads\/2020\/12\/vision_uv-2048x2048.jpg",2048,2048,true],"woocommerce_thumbnail":["https:\/\/ident.md\/wp-content\/uploads\/2020\/12\/vision_uv-300x300.jpg",300,300,true],"woocommerce_single":["https:\/\/ident.md\/wp-content\/uploads\/2020\/12\/vision_uv-600x600.jpg",600,600,true],"woocommerce_gallery_thumbnail":["https:\/\/ident.md\/wp-content\/uploads\/2020\/12\/vision_uv-100x100.jpg",100,100,true]},"uagb_author_info":{"display_name":"admin","author_link":"https:\/\/ident.md\/en\/author\/"},"uagb_comment_info":0,"uagb_excerpt":"Lampa VISION UV este un mijloc eficient pentru dezinfectarea aerului folosind tehnologia surselor UV germicide.","brands":[{"id":188,"name":"\u00c8CLAIR\u00c9","slug":"eclaire"}],"_links":{"self":[{"href":"https:\/\/ident.md\/en\/wp-json\/wp\/v2\/product\/5154","targetHints":{"allow":["GET"]}}],"collection":[{"href":"https:\/\/ident.md\/en\/wp-json\/wp\/v2\/product"}],"about":[{"href":"https:\/\/ident.md\/en\/wp-json\/wp\/v2\/types\/product"}],"wp:featuredmedia":[{"embeddable":true,"href":"https:\/\/ident.md\/en\/wp-json\/wp\/v2\/media\/5099"}],"wp:attachment":[{"href":"https:\/\/ident.md\/en\/wp-json\/wp\/v2\/media?parent=5154"}],"wp:term":[{"taxonomy":"pwb-brand","embeddable":true,"href":"https:\/\/ident.md\/en\/wp-json\/wp\/v2\/pwb-brand?post=5154"},{"taxonomy":"product_brand","embeddable":true,"href":"https:\/\/ident.md\/en\/wp-json\/wp\/v2\/product_brand?post=5154"},{"taxonomy":"product_cat","embeddable":true,"href":"https:\/\/ident.md\/en\/wp-json\/wp\/v2\/product_cat?post=5154"},{"taxonomy":"product_tag","embeddable":true,"href":"https:\/\/ident.md\/en\/wp-json\/wp\/v2\/product_tag?post=5154"}],"curies":[{"name":"wp","href":"https:\/\/api.w.org\/{rel}","templated":true}]}}